{"id":406003,"date":"2025-02-04T15:18:47","date_gmt":"2025-02-04T14:18:47","guid":{"rendered":"https:\/\/life-effect.org\/publikace\/"},"modified":"2025-08-20T13:10:58","modified_gmt":"2025-08-20T11:10:58","slug":"publikace","status":"publish","type":"page","link":"https:\/\/life-effect.org\/cs\/publikace\/","title":{"rendered":"Publikace"},"content":{"rendered":"<p>[et_pb_section fb_built=&#8220;1&#8243; custom_padding_last_edited=&#8220;on|desktop&#8220; admin_label=&#8220;Event Filtered Portfolio &#8211; Freddie&#8220; module_class=&#8220;freddie_event&#8220; _builder_version=&#8220;4.27.4&#8243; background_color=&#8220;#F0EFEE&#8220; custom_padding=&#8220;17vw||103px||false|false&#8220; custom_padding_tablet=&#8220;40px||40px||false|false&#8220; custom_padding_phone=&#8220;23vw||||false|false&#8220; bottom_divider_style=&#8220;clouds2&#8243; bottom_divider_color=&#8220;#F0E0E0&#8243; z_index_tablet=&#8220;500&#8243; custom_css_before=&#8220;content:&#8220;;||display:block;||position:absolute;||top:9vw;||right:-1vw;||opacity: 0.9;||width: 40vw;||height: 40vw;||border-radius: 999px;||background-image: linear-gradient(132deg, #08dff0  0%, #fff 50%,#f00888  100%);||filter: blur(40px);&#8220; custom_css_after=&#8220;content:&#8220;;||display:block;||position:absolute;||bottom:8vw;||left:-10vw;||opacity: 0.9;||width: 40vw;||height: 40vw;||border-radius: 999px;||background-image: linear-gradient(132deg, #fff  0%, #ffc6ed 50%,#87b1ab  100%);||filter: blur(40px);&#8220; global_colors_info=&#8220;{}&#8220;][et_pb_row custom_padding_last_edited=&#8220;on|phone&#8220; _builder_version=&#8220;4.16&#8243; width=&#8220;90%&#8220; max_width=&#8220;1209px&#8220; custom_padding=&#8220;|17px|0px|17px|false|false&#8220; custom_padding_tablet=&#8220;|10px||10px|false|false&#8220; custom_padding_phone=&#8220;||20px||false|false&#8220; global_colors_info=&#8220;{}&#8220;][et_pb_column type=&#8220;4_4&#8243; _builder_version=&#8220;4.16&#8243; custom_padding=&#8220;|||&#8220; global_colors_info=&#8220;{}&#8220; custom_padding__hover=&#8220;|||&#8220;][et_pb_text admin_label=&#8220;Event Filtered Portfolio &#8211; Freddie &#8211; Text&#8220; _builder_version=&#8220;4.27.4&#8243; text_font=&#8220;&#8211;et_global_heading_font|800|||||||&#8220; text_text_color=&#8220;gcid-heading-color&#8220; text_font_size=&#8220;50px&#8220; text_line_height=&#8220;120%&#8220; custom_margin=&#8220;||-22px||false|false&#8220; custom_margin_tablet=&#8220;&#8220; custom_margin_phone=&#8220;||0px||false|false&#8220; custom_margin_last_edited=&#8220;on|phone&#8220; z_index_tablet=&#8220;500&#8243; custom_css_main_element=&#8220;font-weight: 900 !important;&#8220; global_colors_info=&#8220;{%22gcid-heading-color%22:%91%22text_text_color%22%93}&#8220;]<\/p>\n<p>V\u0161echny publikace<\/p>\n<p>[\/et_pb_text][\/et_pb_column][\/et_pb_row][et_pb_row _builder_version=&#8220;4.16&#8243; width=&#8220;90%&#8220; max_width=&#8220;1209px&#8220; custom_padding=&#8220;0px||||false|false&#8220; global_colors_info=&#8220;{}&#8220;][et_pb_column type=&#8220;4_4&#8243; _builder_version=&#8220;4.16&#8243; custom_padding=&#8220;|||&#8220; global_colors_info=&#8220;{}&#8220; custom_padding__hover=&#8220;|||&#8220;][et_pb_filterable_portfolio include_categories=&#8220;153,185&#8243; show_pagination=&#8220;off&#8220; admin_label=&#8220;Event Filtered Portfolio &#8211; Freddie &#8211; Filterable Portfolio&#8220; _builder_version=&#8220;4.27.4&#8243; title_level=&#8220;h1&#8243; title_font=&#8220;&#8211;et_global_heading_font|&#8211;et_global_heading_font_weight|||||||&#8220; title_text_color=&#8220;gcid-heading-color&#8220; title_font_size=&#8220;24px&#8220; title_letter_spacing=&#8220;-1px&#8220; title_line_height=&#8220;120%&#8220; filter_font=&#8220;&#8211;et_global_heading_font|800|||||||&#8220; filter_text_color=&#8220;gcid-heading-color&#8220; filter_font_size=&#8220;22px&#8220; filter_line_height=&#8220;120%&#8220; hover_enabled=&#8220;0&#8243; title_font_size_tablet=&#8220;22px&#8220; title_font_size_phone=&#8220;30px&#8220; title_font_size_last_edited=&#8220;on|phone&#8220; z_index_tablet=&#8220;500&#8243; custom_css_active_portfolio_filter=&#8220;color: #6abd45 !important;&#8220; custom_css_portfolio_image=&#8220;background-color: #8aa7d200;&#8220; custom_css_portfolio_title=&#8220;font-weight: 800 !important;||    padding: 40px 42px 0 !important;||margin-top: 0 !important;&#8220; global_colors_info=&#8220;{%22gcid-heading-color%22:%91%22filter_text_color%22,%22title_text_color%22%93}&#8220; sticky_enabled=&#8220;0&#8243;][\/et_pb_filterable_portfolio][\/et_pb_column][\/et_pb_row][\/et_pb_section]<\/p>\n","protected":false},"excerpt":{"rendered":"<p>V\u0161echny publikace<\/p>\n","protected":false},"author":1,"featured_media":0,"parent":0,"menu_order":0,"comment_status":"closed","ping_status":"closed","template":"","meta":{"_acf_changed":false,"_et_pb_use_builder":"on","_et_pb_old_content":"","_et_gb_content_width":"","_monsterinsights_skip_tracking":false,"_monsterinsights_sitenote_active":false,"_monsterinsights_sitenote_note":"","_monsterinsights_sitenote_category":0,"footnotes":""},"class_list":["post-406003","page","type-page","status-publish","hentry"],"acf":[],"yoast_head":"<!-- This site is optimized with the Yoast SEO plugin v27.4 - https:\/\/yoast.com\/product\/yoast-seo-wordpress\/ -->\n<title>Publikace - LIFE Effect<\/title>\n<meta name=\"robots\" content=\"index, follow, max-snippet:-1, max-image-preview:large, max-video-preview:-1\" \/>\n<link rel=\"canonical\" href=\"https:\/\/life-effect.org\/cs\/publikace\/\" \/>\n<meta property=\"og:locale\" content=\"cs_CZ\" \/>\n<meta property=\"og:type\" content=\"article\" \/>\n<meta property=\"og:title\" content=\"Publikace - LIFE Effect\" \/>\n<meta property=\"og:description\" content=\"V\u0161echny publikace\" \/>\n<meta property=\"og:url\" content=\"https:\/\/life-effect.org\/cs\/publikace\/\" \/>\n<meta property=\"og:site_name\" content=\"LIFE Effect\" \/>\n<meta property=\"article:modified_time\" content=\"2025-08-20T11:10:58+00:00\" \/>\n<meta name=\"twitter:card\" content=\"summary_large_image\" \/>\n<meta name=\"twitter:label1\" content=\"Odhadovan\u00e1 doba \u010dten\u00ed\" \/>\n\t<meta name=\"twitter:data1\" content=\"2 minuty\" \/>\n<script type=\"application\/ld+json\" class=\"yoast-schema-graph\">{\"@context\":\"https:\\\/\\\/schema.org\",\"@graph\":[{\"@type\":\"WebPage\",\"@id\":\"https:\\\/\\\/life-effect.org\\\/cs\\\/publikace\\\/\",\"url\":\"https:\\\/\\\/life-effect.org\\\/cs\\\/publikace\\\/\",\"name\":\"Publikace - LIFE Effect\",\"isPartOf\":{\"@id\":\"https:\\\/\\\/life-effect.org\\\/cs\\\/#website\"},\"datePublished\":\"2025-02-04T14:18:47+00:00\",\"dateModified\":\"2025-08-20T11:10:58+00:00\",\"breadcrumb\":{\"@id\":\"https:\\\/\\\/life-effect.org\\\/cs\\\/publikace\\\/#breadcrumb\"},\"inLanguage\":\"cs\",\"potentialAction\":[{\"@type\":\"ReadAction\",\"target\":[\"https:\\\/\\\/life-effect.org\\\/cs\\\/publikace\\\/\"]}]},{\"@type\":\"BreadcrumbList\",\"@id\":\"https:\\\/\\\/life-effect.org\\\/cs\\\/publikace\\\/#breadcrumb\",\"itemListElement\":[{\"@type\":\"ListItem\",\"position\":1,\"name\":\"Home\",\"item\":\"https:\\\/\\\/life-effect.org\\\/cs\\\/\"},{\"@type\":\"ListItem\",\"position\":2,\"name\":\"Publikace\"}]},{\"@type\":\"WebSite\",\"@id\":\"https:\\\/\\\/life-effect.org\\\/cs\\\/#website\",\"url\":\"https:\\\/\\\/life-effect.org\\\/cs\\\/\",\"name\":\"LIFE Effect\",\"description\":\"For carbon pricing that puts people and planet first\",\"potentialAction\":[{\"@type\":\"SearchAction\",\"target\":{\"@type\":\"EntryPoint\",\"urlTemplate\":\"https:\\\/\\\/life-effect.org\\\/cs\\\/?s={search_term_string}\"},\"query-input\":{\"@type\":\"PropertyValueSpecification\",\"valueRequired\":true,\"valueName\":\"search_term_string\"}}],\"inLanguage\":\"cs\"}]}<\/script>\n<!-- \/ Yoast SEO plugin. -->","yoast_head_json":{"title":"Publikace - LIFE Effect","robots":{"index":"index","follow":"follow","max-snippet":"max-snippet:-1","max-image-preview":"max-image-preview:large","max-video-preview":"max-video-preview:-1"},"canonical":"https:\/\/life-effect.org\/cs\/publikace\/","og_locale":"cs_CZ","og_type":"article","og_title":"Publikace - LIFE Effect","og_description":"V\u0161echny publikace","og_url":"https:\/\/life-effect.org\/cs\/publikace\/","og_site_name":"LIFE Effect","article_modified_time":"2025-08-20T11:10:58+00:00","twitter_card":"summary_large_image","twitter_misc":{"Odhadovan\u00e1 doba \u010dten\u00ed":"2 minuty"},"schema":{"@context":"https:\/\/schema.org","@graph":[{"@type":"WebPage","@id":"https:\/\/life-effect.org\/cs\/publikace\/","url":"https:\/\/life-effect.org\/cs\/publikace\/","name":"Publikace - LIFE Effect","isPartOf":{"@id":"https:\/\/life-effect.org\/cs\/#website"},"datePublished":"2025-02-04T14:18:47+00:00","dateModified":"2025-08-20T11:10:58+00:00","breadcrumb":{"@id":"https:\/\/life-effect.org\/cs\/publikace\/#breadcrumb"},"inLanguage":"cs","potentialAction":[{"@type":"ReadAction","target":["https:\/\/life-effect.org\/cs\/publikace\/"]}]},{"@type":"BreadcrumbList","@id":"https:\/\/life-effect.org\/cs\/publikace\/#breadcrumb","itemListElement":[{"@type":"ListItem","position":1,"name":"Home","item":"https:\/\/life-effect.org\/cs\/"},{"@type":"ListItem","position":2,"name":"Publikace"}]},{"@type":"WebSite","@id":"https:\/\/life-effect.org\/cs\/#website","url":"https:\/\/life-effect.org\/cs\/","name":"LIFE Effect","description":"For carbon pricing that puts people and planet first","potentialAction":[{"@type":"SearchAction","target":{"@type":"EntryPoint","urlTemplate":"https:\/\/life-effect.org\/cs\/?s={search_term_string}"},"query-input":{"@type":"PropertyValueSpecification","valueRequired":true,"valueName":"search_term_string"}}],"inLanguage":"cs"}]}},"_links":{"self":[{"href":"https:\/\/life-effect.org\/cs\/wp-json\/wp\/v2\/pages\/406003","targetHints":{"allow":["GET"]}}],"collection":[{"href":"https:\/\/life-effect.org\/cs\/wp-json\/wp\/v2\/pages"}],"about":[{"href":"https:\/\/life-effect.org\/cs\/wp-json\/wp\/v2\/types\/page"}],"author":[{"embeddable":true,"href":"https:\/\/life-effect.org\/cs\/wp-json\/wp\/v2\/users\/1"}],"replies":[{"embeddable":true,"href":"https:\/\/life-effect.org\/cs\/wp-json\/wp\/v2\/comments?post=406003"}],"version-history":[{"count":3,"href":"https:\/\/life-effect.org\/cs\/wp-json\/wp\/v2\/pages\/406003\/revisions"}],"predecessor-version":[{"id":406165,"href":"https:\/\/life-effect.org\/cs\/wp-json\/wp\/v2\/pages\/406003\/revisions\/406165"}],"wp:attachment":[{"href":"https:\/\/life-effect.org\/cs\/wp-json\/wp\/v2\/media?parent=406003"}],"curies":[{"name":"wp","href":"https:\/\/api.w.org\/{rel}","templated":true}]}}