{"id":407722,"date":"2025-11-13T11:11:32","date_gmt":"2025-11-13T10:11:32","guid":{"rendered":"https:\/\/life-effect.org\/ets2-und-das-klimaziel-fuer-2040\/"},"modified":"2025-12-01T15:26:31","modified_gmt":"2025-12-01T14:26:31","slug":"ets2-und-das-klimaziel-fuer-2040","status":"publish","type":"page","link":"https:\/\/life-effect.org\/de\/ets2-und-das-klimaziel-fuer-2040\/","title":{"rendered":"ETS2 und das Klimaziel f\u00fcr 2040"},"content":{"rendered":"<p>[et_pb_section fb_built=&#8220;1&#8243; _builder_version=&#8220;4.27.4&#8243; _module_preset=&#8220;default&#8220; background_image=&#8220;https:\/\/life-effect.org\/wp-content\/uploads\/2025\/10\/Life-effect-background-02-sky.png&#8220; custom_padding=&#8220;183px|||||&#8220; global_colors_info=&#8220;{}&#8220;][et_pb_row _builder_version=&#8220;4.27.4&#8243; _module_preset=&#8220;default&#8220; min_height=&#8220;116.3px&#8220; custom_padding=&#8220;||1px|||&#8220; global_colors_info=&#8220;{}&#8220;][et_pb_column type=&#8220;4_4&#8243; _builder_version=&#8220;4.27.4&#8243; _module_preset=&#8220;default&#8220; global_colors_info=&#8220;{}&#8220;][et_pb_text content_tablet=&#8220;<\/p>\n<p>ETS2 und das Klimaziel<\/p>\n<p>f\u00fcr 2040<\/p>\n<p>&#8220; content_phone=&#8220;<\/p>\n<p>ETS2 und das Klimaziel f\u00fcr 2040<\/p>\n<p>&#8220; content_last_edited=&#8220;on|phone&#8220; _builder_version=&#8220;4.27.4&#8243; _module_preset=&#8220;default&#8220; text_font=&#8220;&#8211;et_global_heading_font|700|||||||&#8220; text_font_size=&#8220;50px&#8220; min_height=&#8220;124.8px&#8220; custom_padding=&#8220;||0px|||&#8220; text_line_height_tablet=&#8220;1.7em&#8220; text_line_height_phone=&#8220;1em&#8220; text_line_height_last_edited=&#8220;on|tablet&#8220; global_colors_info=&#8220;{}&#8220;]<\/p>\n<p style=\"text-align: left\">ETS2 und das Klimaziel f\u00fcr 2040<\/p>\n<p>[\/et_pb_text][\/et_pb_column][\/et_pb_row][et_pb_row _builder_version=&#8220;4.27.4&#8243; _module_preset=&#8220;default&#8220; global_colors_info=&#8220;{}&#8220;][et_pb_column type=&#8220;4_4&#8243; _builder_version=&#8220;4.27.4&#8243; _module_preset=&#8220;default&#8220; global_colors_info=&#8220;{}&#8220;][et_pb_video src=&#8220;https:\/\/youtu.be\/9ivDPkVDFjo?si=lFILdfoSK2HNPMLy&#8220; _builder_version=&#8220;4.27.4&#8243; _module_preset=&#8220;default&#8220; global_colors_info=&#8220;{}&#8220;][\/et_pb_video][\/et_pb_column][\/et_pb_row][et_pb_row _builder_version=&#8220;4.27.4&#8243; _module_preset=&#8220;default&#8220; global_colors_info=&#8220;{}&#8220;][et_pb_column type=&#8220;4_4&#8243; _builder_version=&#8220;4.27.4&#8243; _module_preset=&#8220;default&#8220; global_colors_info=&#8220;{}&#8220;][et_pb_blurb content_max_width=&#8220;100%&#8220; admin_label=&#8220;FContent V20 &#8211; Five &#8211; Empowering businesses across industries&#8220; module_class=&#8220;fc5_blurb&#8220; _builder_version=&#8220;4.27.4&#8243; _module_preset=&#8220;default&#8220; header_font=&#8220;Barlow|600|||||||&#8220; header_text_color=&#8220;#FFFFFF&#8220; header_font_size=&#8220;18px&#8220; header_line_height=&#8220;100%&#8220; body_text_color=&#8220;gcid-heading-color&#8220; width=&#8220;100%&#8220; min_height=&#8220;448.5px&#8220; custom_margin=&#8220;||0px||false|false&#8220; custom_padding=&#8220;||0px|0px||&#8220; animation=&#8220;off&#8220; hover_enabled=&#8220;0&#8243; header_font_size_tablet=&#8220;18px&#8220; header_font_size_phone=&#8220;16px&#8220; header_font_size_last_edited=&#8220;on|phone&#8220; custom_css_blurb_title=&#8220;padding-bottom:18px;&#8220; custom_css_blurb_content=&#8220;font-weight:400;&#8220; inline_fonts=&#8220;Sofia Sans&#8220; global_colors_info=&#8220;{%22gcid-heading-color%22:%91%22body_text_color%22%93}&#8220; custom_css_blurb_title_last_edited=&#8220;on|phone&#8220; custom_css_blurb_title_tablet=&#8220;padding-top: 20px;||padding-bottom: 20px;&#8220; custom_css_blurb_title_phone=&#8220;padding-top: 20px;||padding-bottom: 20px;&#8220; sticky_enabled=&#8220;0&#8243;]<\/p>\n<p><span style=\"font-family: 'Sofia Sans';font-weight: normal\">Ohne ETS2 wird die EU ihre Klimaziele f\u00fcr 2040 und 2050 nicht erreichen. Gem\u00e4\u00df dem EU-Klimagesetz muss die Union bis 2050 rechtlich Klimaneutralit\u00e4t erreichen. Bis 2030 gilt ein Zwischenziel, wonach die Treibhausgasemissionen gegen\u00fcber dem Stand von 1990 um 55 % gesenkt werden sollen. Zum Zeitpunkt der Erstellung dieser Publikation l\u00e4uft der politische Prozess zur Festlegung eines Zwischen-Klimaziels f\u00fcr 2040. Im Juli 2025 ver\u00f6ffentlichte die Europ\u00e4ische Kommission ihren Vorschlag f\u00fcr eine Emissionsreduktion von 90 % bis 2040 gegen\u00fcber dem Niveau von 1990, jedoch mit einer <a style=\"color: #0a0101;text-decoration: underline\" href=\"https:\/\/carbonmarketwatch.org\/publications\/fit-for-2040\/\">besorgniserregend langen Liste von \u201eFlexibilit\u00e4ten\u201d, die den Mitgliedstaaten erlauben k\u00f6nnten, sich ihrer Verantwortung im Kampf gegen den Klimawandel zu entziehen.<\/a> <\/span><\/p>\n<p><span style=\"font-weight: normal;font-family: 'Sofia Sans'\">Jede Schw\u00e4chung des ETS2 muss durch eine Erh\u00f6hung der Gesamtemissionsreduktionen in den Sektoren ETS1 oder Nicht-ETS kompensiert werden, damit das EU-Klimaziel f\u00fcr 2040 eingehalten werden kann. Dies betrifft vor allem den Industrie- und Agrarsektor, wo zus\u00e4tzliche Emissionsreduktionen mit einer Reihe politischer und gesellschaftlicher Herausforderungen verbunden sind. <\/span><\/p>\n<p><span style=\"font-family: 'Sofia Sans';font-weight: normal\">Es ist wichtig zu bekr\u00e4ftigen, dass das ETS2 zwar als wesentlich f\u00fcr die Erreichung der Klimaziele der EU angesehen wird, aber nur als zentraler Bestandteil eines Policy-Mixes funktionieren kann. Die Lastenteilungsverordnung (ESR) legt f\u00fcr den Zeitraum 2021 bis 2030 nationale Minderungsziele f\u00fcr jeden Mitgliedstaat fest, basierend auf Solidarit\u00e4t und Fairness, wobei wohlhabendere Nationen mit einem h\u00f6heren historischen Emissionsniveau einen gr\u00f6\u00dferen Anteil zu den CO2-Reduktionen beitragen m\u00fcssen. Die ESR sollte \u00fcber 2030 hinaus verl\u00e4ngert werden, um den Mitgliedstaaten weiterhin Anreize zu bieten, erg\u00e4nzende Klimama\u00dfnahmen auf lokaler und nationaler Ebene zu entwickeln und umzusetzen \u2013 damit sie ihren spezifischen Bed\u00fcrfnissen gerecht werden und die durch den ETS-Rahmen unterst\u00fctzten Ambitionen gezielt vorantreiben. <\/span><\/p>\n<p><a href=\"https:\/\/life-effect.org\/wp-content\/uploads\/2025\/11\/DE-Module-6.pdf\" title=\"Kapitel hier downloaden\" target=\"_blank\" rel=\"noopener\"><strong><span style=\"font-family: 'Sofia Sans'\">Kapitel hier downloaden<\/span><\/strong><\/a><\/p>\n<p>[\/et_pb_blurb][\/et_pb_column][\/et_pb_row][et_pb_row _builder_version=&#8220;4.27.4&#8243; _module_preset=&#8220;default&#8220; background_image=&#8220;https:\/\/life-effect.org\/wp-content\/uploads\/2025\/10\/Streetpattern-01-light-green.png&#8220; custom_margin=&#8220;40px||40px||true|false&#8220; custom_padding=&#8220;60px|40px|60px|40px|true|true&#8220; border_radii=&#8220;on|30px|30px|30px|30px&#8220; border_width_all=&#8220;4px&#8220; border_color_all=&#8220;#FFC6ED&#8220; global_colors_info=&#8220;{}&#8220;][et_pb_column type=&#8220;4_4&#8243; _builder_version=&#8220;4.27.4&#8243; _module_preset=&#8220;default&#8220; global_colors_info=&#8220;{}&#8220;][et_pb_text _builder_version=&#8220;4.27.4&#8243; _module_preset=&#8220;default&#8220; text_font=&#8220;&#8211;et_global_heading_font|700|||||||&#8220; header_font=&#8220;&#8211;et_global_heading_font|700|||||||&#8220; header_text_align=&#8220;center&#8220; header_text_color=&#8220;gcid-body-color&#8220; header_font_size=&#8220;50px&#8220; global_colors_info=&#8220;{%22gcid-body-color%22:%91%22header_text_color%22%93}&#8220;]<\/p>\n<h1>ETS2 und das Klimaziel f\u00fcr 2040<\/h1>\n<p>[\/et_pb_text][et_pb_button button_url=&#8220;https:\/\/life-effect.org\/ets2-and-the-2040-climate-target-quiz\/&#8220; url_new_window=&#8220;on&#8220; button_text=&#8220;Mach das Quiz&#8220; button_alignment=&#8220;center&#8220; _builder_version=&#8220;4.27.4&#8243; _module_preset=&#8220;default&#8220; global_colors_info=&#8220;{}&#8220;][\/et_pb_button][\/et_pb_column][\/et_pb_row][et_pb_row column_structure=&#8220;1_2,1_2&#8243; _builder_version=&#8220;4.27.4&#8243; _module_preset=&#8220;default&#8220; global_colors_info=&#8220;{}&#8220;][et_pb_column type=&#8220;1_2&#8243; _builder_version=&#8220;4.27.4&#8243; _module_preset=&#8220;default&#8220; global_colors_info=&#8220;{}&#8220;][et_pb_button button_url=&#8220;https:\/\/life-effect.org\/de\/die-rolle-ergaenzender-massnahmen\/&#8220; button_text=&#8220;Die Rolle erg\u00e4nzender Ma\u00dfnahmen&#8220; button_alignment=&#8220;left&#8220; _builder_version=&#8220;4.27.4&#8243; _module_preset=&#8220;default&#8220; button_text_color=&#8220;gcid-heading-color&#8220; button_bg_color=&#8220;RGBA(255,255,255,0)&#8220; button_bg_enable_image=&#8220;off&#8220; global_colors_info=&#8220;{%22gcid-heading-color%22:%91%22button_text_color%22%93}&#8220;][\/et_pb_button][\/et_pb_column][et_pb_column type=&#8220;1_2&#8243; _builder_version=&#8220;4.27.4&#8243; _module_preset=&#8220;default&#8220; global_colors_info=&#8220;{}&#8220;][et_pb_button button_url=&#8220;https:\/\/life-effect.org\/de\/trainingsmodule\/&#8220; button_text=&#8220;Alle Module&#8220; _builder_version=&#8220;4.27.4&#8243; _module_preset=&#8220;default&#8220; button_text_color=&#8220;gcid-heading-color&#8220; button_bg_color=&#8220;RGBA(255,255,255,0)&#8220; button_bg_enable_image=&#8220;off&#8220; global_colors_info=&#8220;{%22gcid-heading-color%22:%91%22button_text_color%22%93}&#8220;][\/et_pb_button][\/et_pb_column][\/et_pb_row][\/et_pb_section]<\/p>\n","protected":false},"excerpt":{"rendered":"<p>ETS2 und das Klimaziel f\u00fcr 2040Ohne ETS2 wird die EU ihre Klimaziele f\u00fcr 2040 und 2050 nicht erreichen. Gem\u00e4\u00df dem EU-Klimagesetz muss die Union bis 2050 rechtlich Klimaneutralit\u00e4t erreichen. Bis 2030 gilt ein Zwischenziel, wonach die Treibhausgasemissionen gegen\u00fcber dem Stand von 1990 um 55 % gesenkt werden sollen. Zum Zeitpunkt der Erstellung dieser Publikation l\u00e4uft [&hellip;]<\/p>\n","protected":false},"author":20,"featured_media":0,"parent":0,"menu_order":0,"comment_status":"closed","ping_status":"closed","template":"","meta":{"_acf_changed":false,"_et_pb_use_builder":"on","_et_pb_old_content":"","_et_gb_content_width":"","_monsterinsights_skip_tracking":false,"_monsterinsights_sitenote_active":false,"_monsterinsights_sitenote_note":"","_monsterinsights_sitenote_category":0,"footnotes":""},"class_list":["post-407722","page","type-page","status-publish","hentry"],"acf":[],"yoast_head":"<!-- This site is optimized with the Yoast SEO plugin v27.5 - https:\/\/yoast.com\/product\/yoast-seo-wordpress\/ -->\n<title>ETS2 und das Klimaziel f\u00fcr 2040 - LIFE Effect<\/title>\n<meta name=\"robots\" content=\"index, follow, max-snippet:-1, max-image-preview:large, max-video-preview:-1\" \/>\n<link rel=\"canonical\" href=\"https:\/\/life-effect.org\/de\/ets2-und-das-klimaziel-fuer-2040\/\" \/>\n<meta property=\"og:locale\" content=\"de_DE\" \/>\n<meta property=\"og:type\" content=\"article\" \/>\n<meta property=\"og:title\" content=\"ETS2 und das Klimaziel f\u00fcr 2040 - LIFE Effect\" \/>\n<meta property=\"og:description\" content=\"ETS2 und das Klimaziel f\u00fcr 2040Ohne ETS2 wird die EU ihre Klimaziele f\u00fcr 2040 und 2050 nicht erreichen. Gem\u00e4\u00df dem EU-Klimagesetz muss die Union bis 2050 rechtlich Klimaneutralit\u00e4t erreichen. Bis 2030 gilt ein Zwischenziel, wonach die Treibhausgasemissionen gegen\u00fcber dem Stand von 1990 um 55 % gesenkt werden sollen. Zum Zeitpunkt der Erstellung dieser Publikation l\u00e4uft [&hellip;]\" \/>\n<meta property=\"og:url\" content=\"https:\/\/life-effect.org\/de\/ets2-und-das-klimaziel-fuer-2040\/\" \/>\n<meta property=\"og:site_name\" content=\"LIFE Effect\" \/>\n<meta property=\"article:modified_time\" content=\"2025-12-01T14:26:31+00:00\" \/>\n<meta name=\"twitter:card\" content=\"summary_large_image\" \/>\n<meta name=\"twitter:label1\" content=\"Gesch\u00e4tzte Lesezeit\" \/>\n\t<meta name=\"twitter:data1\" content=\"5\u00a0Minuten\" \/>\n<script type=\"application\/ld+json\" class=\"yoast-schema-graph\">{\"@context\":\"https:\\\/\\\/schema.org\",\"@graph\":[{\"@type\":\"WebPage\",\"@id\":\"https:\\\/\\\/life-effect.org\\\/de\\\/ets2-und-das-klimaziel-fuer-2040\\\/\",\"url\":\"https:\\\/\\\/life-effect.org\\\/de\\\/ets2-und-das-klimaziel-fuer-2040\\\/\",\"name\":\"ETS2 und das Klimaziel f\u00fcr 2040 - LIFE Effect\",\"isPartOf\":{\"@id\":\"https:\\\/\\\/life-effect.org\\\/de\\\/#website\"},\"datePublished\":\"2025-11-13T10:11:32+00:00\",\"dateModified\":\"2025-12-01T14:26:31+00:00\",\"breadcrumb\":{\"@id\":\"https:\\\/\\\/life-effect.org\\\/de\\\/ets2-und-das-klimaziel-fuer-2040\\\/#breadcrumb\"},\"inLanguage\":\"de\",\"potentialAction\":[{\"@type\":\"ReadAction\",\"target\":[\"https:\\\/\\\/life-effect.org\\\/de\\\/ets2-und-das-klimaziel-fuer-2040\\\/\"]}]},{\"@type\":\"BreadcrumbList\",\"@id\":\"https:\\\/\\\/life-effect.org\\\/de\\\/ets2-und-das-klimaziel-fuer-2040\\\/#breadcrumb\",\"itemListElement\":[{\"@type\":\"ListItem\",\"position\":1,\"name\":\"Home\",\"item\":\"https:\\\/\\\/life-effect.org\\\/de\\\/\"},{\"@type\":\"ListItem\",\"position\":2,\"name\":\"ETS2 und das Klimaziel f\u00fcr 2040\"}]},{\"@type\":\"WebSite\",\"@id\":\"https:\\\/\\\/life-effect.org\\\/de\\\/#website\",\"url\":\"https:\\\/\\\/life-effect.org\\\/de\\\/\",\"name\":\"LIFE Effect\",\"description\":\"For carbon pricing that puts people and planet first\",\"potentialAction\":[{\"@type\":\"SearchAction\",\"target\":{\"@type\":\"EntryPoint\",\"urlTemplate\":\"https:\\\/\\\/life-effect.org\\\/de\\\/?s={search_term_string}\"},\"query-input\":{\"@type\":\"PropertyValueSpecification\",\"valueRequired\":true,\"valueName\":\"search_term_string\"}}],\"inLanguage\":\"de\"}]}<\/script>\n<!-- \/ Yoast SEO plugin. -->","yoast_head_json":{"title":"ETS2 und das Klimaziel f\u00fcr 2040 - LIFE Effect","robots":{"index":"index","follow":"follow","max-snippet":"max-snippet:-1","max-image-preview":"max-image-preview:large","max-video-preview":"max-video-preview:-1"},"canonical":"https:\/\/life-effect.org\/de\/ets2-und-das-klimaziel-fuer-2040\/","og_locale":"de_DE","og_type":"article","og_title":"ETS2 und das Klimaziel f\u00fcr 2040 - LIFE Effect","og_description":"ETS2 und das Klimaziel f\u00fcr 2040Ohne ETS2 wird die EU ihre Klimaziele f\u00fcr 2040 und 2050 nicht erreichen. Gem\u00e4\u00df dem EU-Klimagesetz muss die Union bis 2050 rechtlich Klimaneutralit\u00e4t erreichen. Bis 2030 gilt ein Zwischenziel, wonach die Treibhausgasemissionen gegen\u00fcber dem Stand von 1990 um 55 % gesenkt werden sollen. Zum Zeitpunkt der Erstellung dieser Publikation l\u00e4uft [&hellip;]","og_url":"https:\/\/life-effect.org\/de\/ets2-und-das-klimaziel-fuer-2040\/","og_site_name":"LIFE Effect","article_modified_time":"2025-12-01T14:26:31+00:00","twitter_card":"summary_large_image","twitter_misc":{"Gesch\u00e4tzte Lesezeit":"5\u00a0Minuten"},"schema":{"@context":"https:\/\/schema.org","@graph":[{"@type":"WebPage","@id":"https:\/\/life-effect.org\/de\/ets2-und-das-klimaziel-fuer-2040\/","url":"https:\/\/life-effect.org\/de\/ets2-und-das-klimaziel-fuer-2040\/","name":"ETS2 und das Klimaziel f\u00fcr 2040 - LIFE Effect","isPartOf":{"@id":"https:\/\/life-effect.org\/de\/#website"},"datePublished":"2025-11-13T10:11:32+00:00","dateModified":"2025-12-01T14:26:31+00:00","breadcrumb":{"@id":"https:\/\/life-effect.org\/de\/ets2-und-das-klimaziel-fuer-2040\/#breadcrumb"},"inLanguage":"de","potentialAction":[{"@type":"ReadAction","target":["https:\/\/life-effect.org\/de\/ets2-und-das-klimaziel-fuer-2040\/"]}]},{"@type":"BreadcrumbList","@id":"https:\/\/life-effect.org\/de\/ets2-und-das-klimaziel-fuer-2040\/#breadcrumb","itemListElement":[{"@type":"ListItem","position":1,"name":"Home","item":"https:\/\/life-effect.org\/de\/"},{"@type":"ListItem","position":2,"name":"ETS2 und das Klimaziel f\u00fcr 2040"}]},{"@type":"WebSite","@id":"https:\/\/life-effect.org\/de\/#website","url":"https:\/\/life-effect.org\/de\/","name":"LIFE Effect","description":"For carbon pricing that puts people and planet first","potentialAction":[{"@type":"SearchAction","target":{"@type":"EntryPoint","urlTemplate":"https:\/\/life-effect.org\/de\/?s={search_term_string}"},"query-input":{"@type":"PropertyValueSpecification","valueRequired":true,"valueName":"search_term_string"}}],"inLanguage":"de"}]}},"_links":{"self":[{"href":"https:\/\/life-effect.org\/de\/wp-json\/wp\/v2\/pages\/407722","targetHints":{"allow":["GET"]}}],"collection":[{"href":"https:\/\/life-effect.org\/de\/wp-json\/wp\/v2\/pages"}],"about":[{"href":"https:\/\/life-effect.org\/de\/wp-json\/wp\/v2\/types\/page"}],"author":[{"embeddable":true,"href":"https:\/\/life-effect.org\/de\/wp-json\/wp\/v2\/users\/20"}],"replies":[{"embeddable":true,"href":"https:\/\/life-effect.org\/de\/wp-json\/wp\/v2\/comments?post=407722"}],"version-history":[{"count":6,"href":"https:\/\/life-effect.org\/de\/wp-json\/wp\/v2\/pages\/407722\/revisions"}],"predecessor-version":[{"id":408245,"href":"https:\/\/life-effect.org\/de\/wp-json\/wp\/v2\/pages\/407722\/revisions\/408245"}],"wp:attachment":[{"href":"https:\/\/life-effect.org\/de\/wp-json\/wp\/v2\/media?parent=407722"}],"curies":[{"name":"wp","href":"https:\/\/api.w.org\/{rel}","templated":true}]}}