{"id":407740,"date":"2025-11-13T10:41:37","date_gmt":"2025-11-13T09:41:37","guid":{"rendered":"https:\/\/life-effect.org\/wie-hoch-wird-der-preis-sein\/"},"modified":"2025-12-08T10:26:19","modified_gmt":"2025-12-08T09:26:19","slug":"wie-hoch-wird-der-preis-sein","status":"publish","type":"page","link":"https:\/\/life-effect.org\/de\/wie-hoch-wird-der-preis-sein\/","title":{"rendered":"Wie hoch wird der Preis sein?"},"content":{"rendered":"<p>[et_pb_section fb_built=&#8220;1&#8243; _builder_version=&#8220;4.27.4&#8243; _module_preset=&#8220;default&#8220; background_color=&#8220;#F0EFEE&#8220; background_image=&#8220;https:\/\/life-effect.org\/wp-content\/uploads\/2025\/10\/Life-effect-background-02-sky.png&#8220; background_position=&#8220;top_left&#8220; min_height=&#8220;2598.4px&#8220; custom_padding=&#8220;163px|||0px||&#8220; global_colors_info=&#8220;{}&#8220;][et_pb_row _builder_version=&#8220;4.27.4&#8243; _module_preset=&#8220;default&#8220; width=&#8220;91.5%&#8220; module_alignment=&#8220;center&#8220; min_height=&#8220;157.3px&#8220; custom_margin=&#8220;0px|auto|-55px|180px|false|false&#8220; custom_padding=&#8220;||0px|||&#8220; global_colors_info=&#8220;{}&#8220;][et_pb_column type=&#8220;4_4&#8243; _builder_version=&#8220;4.27.4&#8243; _module_preset=&#8220;default&#8220; global_colors_info=&#8220;{}&#8220;][et_pb_text content_tablet=&#8220;<\/p>\n<p>Wie hoch wird der Preis sein?<\/p>\n<p>&#8220; content_phone=&#8220;<\/p>\n<p>Wie hoch wird der Preis sein?<\/p>\n<p>&#8220; content_last_edited=&#8220;on|phone&#8220; _builder_version=&#8220;4.27.4&#8243; _module_preset=&#8220;default&#8220; text_font=&#8220;&#8211;et_global_heading_font|700|||||||&#8220; text_font_size=&#8220;50px&#8220; min_height=&#8220;124.8px&#8220; custom_padding=&#8220;||93px|||&#8220; text_line_height_tablet=&#8220;1.7em&#8220; text_line_height_phone=&#8220;1em&#8220; text_line_height_last_edited=&#8220;on|tablet&#8220; global_colors_info=&#8220;{}&#8220;]<\/p>\n<p style=\"text-align: left\">Wie hoch wird der Preis sein?<\/p>\n<p>[\/et_pb_text][\/et_pb_column][\/et_pb_row][et_pb_row _builder_version=&#8220;4.27.4&#8243; _module_preset=&#8220;default&#8220; custom_margin=&#8220;||20px||false|false&#8220; global_colors_info=&#8220;{}&#8220;][et_pb_column type=&#8220;4_4&#8243; _builder_version=&#8220;4.27.4&#8243; _module_preset=&#8220;default&#8220; global_colors_info=&#8220;{}&#8220;][et_pb_video src=&#8220;https:\/\/youtu.be\/8cO0883ZLEg?si=A1Gz_gfQyFioRnrC&#8220; _builder_version=&#8220;4.27.4&#8243; _module_preset=&#8220;default&#8220; global_colors_info=&#8220;{}&#8220;][\/et_pb_video][\/et_pb_column][\/et_pb_row][et_pb_row _builder_version=&#8220;4.27.4&#8243; _module_preset=&#8220;default&#8220; global_colors_info=&#8220;{}&#8220;][et_pb_column type=&#8220;4_4&#8243; _builder_version=&#8220;4.27.4&#8243; _module_preset=&#8220;default&#8220; global_colors_info=&#8220;{}&#8220;][et_pb_blurb title=&#8220;Preiskontrollmechanismen &#8220; content_max_width=&#8220;100%&#8220; admin_label=&#8220;FContent V20 &#8211; Five &#8211; Empowering businesses across industries&#8220; module_class=&#8220;fc5_blurb&#8220; _builder_version=&#8220;4.27.4&#8243; _module_preset=&#8220;default&#8220; header_level=&#8220;h1&#8243; header_font=&#8220;&#8211;et_global_heading_font|700|||||||&#8220; header_text_color=&#8220;gcid-heading-color&#8220; header_font_size=&#8220;18px&#8220; header_letter_spacing=&#8220;1px&#8220; header_line_height=&#8220;100%&#8220; body_font=&#8220;Sofia Sans||||||||&#8220; body_text_color=&#8220;gcid-heading-color&#8220; width=&#8220;100%&#8220; min_height=&#8220;810.5px&#8220; custom_margin=&#8220;||0px||false|false&#8220; custom_padding=&#8220;|||0px||&#8220; animation=&#8220;off&#8220; header_font_size_tablet=&#8220;18px&#8220; header_font_size_phone=&#8220;16px&#8220; header_font_size_last_edited=&#8220;on|phone&#8220; custom_css_blurb_title=&#8220;padding-bottom:18px;&#8220; custom_css_blurb_content=&#8220;font-weight:400;&#8220; inline_fonts=&#8220;Sofia Sans&#8220; global_colors_info=&#8220;{%22gcid-heading-color%22:%91%22header_text_color%22,%22body_text_color%22%93}&#8220; custom_css_blurb_title_last_edited=&#8220;on|phone&#8220; custom_css_blurb_title_tablet=&#8220;padding-top: 20px;||padding-bottom: 20px;&#8220; custom_css_blurb_title_phone=&#8220;padding-top: 20px;||padding-bottom: 20px;&#8220;]<\/p>\n<p>W\u00e4hrend der politischen Debatte zur Einf\u00fchrung des ETS2<a style=\"color: #000000;text-decoration: underline\" href=\"https:\/\/www.peter-liese.de\/images\/Briefing_Note2_-_EU_ETS__SCF_-_provisional_agreement_20221218.pdf\"> stand die Notwendigkeit von Preiskontrollen und Schutzma\u00dfnahmen im Vordergrund.<\/a><span style=\"font-weight: 400\">. Daher enthalten die ETS-Richtlinie und der Beschluss \u00fcber die Marketstabilit\u00e4tsreserve bereits mehrere Mechanismen zur Preiskontrolle f\u00fcr das ETS2: <\/span><\/p>\n<ul>\n<li style=\"font-weight: 400\"><span style=\"font-weight: 400\">Vorzeitige Versteigerung von 30 % mehr Emissionszertifikaten in den ersten drei Jahren, die sp\u00e4ter von den zuk\u00fcnftigen Zertifikaten abgezogen werden. <\/span><\/li>\n<\/ul>\n<ul>\n<li style=\"font-weight: 400\"><span style=\"font-weight: 400\">Wenn der durchschnittliche EUA-Preis f\u00fcr drei aufeinanderfolgende Monate mehr als doppelt so hoch ist wie der Durchschnittspreis der vorangegangenen sechs Monate, werden 50 Millionen Zertifikate aus der MSR2 freigegeben \u2013 gem\u00e4\u00df Artikel 30h(1). Im Zeitraum 2027\/2028 greift die Regel bereits, wenn der Preis f\u00fcr drei aufeinanderfolgende Monate 1,5-mal h\u00f6her liegt als der Durchschnitt der letzten sechs Monate.<\/span><\/li>\n<\/ul>\n<ul>\n<li style=\"font-weight: 400\"><span style=\"font-weight: 400\">Liegt der durchschnittliche EUA-Preis f\u00fcr drei aufeinanderfolgende Monate mehr als dreimal so hoch wie der durchschnittliche EUA-Preis der vorangegangenen sechs Monate, werden 150 Millionen Zertifikate aus der MSR2 freigegeben.<\/span><\/li>\n<\/ul>\n<ul>\n<li style=\"font-weight: 400\"><span style=\"font-weight: 400\">Es gilt eine weiche Preisobergrenze von inflationsbereinigt 45 Euro (die bis 2027 voraussichtlich n\u00e4her bei 60 Euro liegen wird). Liegt der durchschnittliche EUA-Preis l\u00e4nger als zwei Monate \u00fcber dieser Obergrenze, werden weitere 20 Millionen Zertifikate aus der MSR2 freigegeben.<\/span><\/li>\n<\/ul>\n<ul>\n<li style=\"font-weight: 400\">Im Falle sehr hoher \u00d6l- oder Gaspreise Mitte 2026 wird der Start des ETS2 um ein Jahr auf 2028 verschoben.<\/li>\n<\/ul>\n<ul>\n<li style=\"font-weight: 400\"><span style=\"font-weight: 400\">Schlie\u00dflich erm\u00f6glicht eine zus\u00e4tzliche Klausel der Europ\u00e4ischen Kommission, auf hohe ETS2-Preise zu reagieren, indem sie einen Durchf\u00fchrungsrechtsakt erl\u00e4sst, wenn innerhalb von zw\u00f6lf Monaten zweimal ein bestimmtes niedriges Zertifikatsvolumen erreicht wird.<\/span><\/li>\n<\/ul>\n<p><span style=\"font-weight: 400\">Diese Preiskontrollen gelten bis 2029, wenn die Europ\u00e4ische Kommission einen Bericht \u00fcber ihre Funktionsweise vorlegen muss. Nach dieser \u00dcberpr\u00fcfung k\u00f6nnte sie gegebenenfalls eine Verl\u00e4ngerung und Ausweitung der Preiskontrollen vorschlagen. Bereits im Jahr 2028 muss die Europ\u00e4ische Kommission die Funktionsweise des ETS2 evaluieren, um sicherzustellen, dass der Markt ordnungsgem\u00e4\u00df funktioniert und die Preise stabil bleiben. Dieser Zeitpunkt ist wichtig, da viele Modelle \u2013 darunter auch das untenstehende Modell von BloombergNEF \u2013 einen Preisanstieg bis 2030 prognostizieren. Sollte sich dieser Trend best\u00e4tigen, k\u00f6nnte im Rahmen der \u00dcberpr\u00fcfung im Jahr 2028 &#8211; abh\u00e4ngig von den dann vorliegenden Marktentwicklungen &#8211; gegengesteuert werden.<\/span><\/p>\n<p><span style=\"font-weight: 400\"><\/span><\/p>\n<p>[\/et_pb_blurb][et_pb_image src=&#8220;https:\/\/life-effect.org\/wp-content\/uploads\/2025\/11\/29.png&#8220; title_text=&#8220;29&#8243; align=&#8220;center&#8220; _builder_version=&#8220;4.27.4&#8243; _module_preset=&#8220;default&#8220; width=&#8220;60%&#8220; global_colors_info=&#8220;{}&#8220;][\/et_pb_image][\/et_pb_column][\/et_pb_row][et_pb_row _builder_version=&#8220;4.27.4&#8243; _module_preset=&#8220;default&#8220; global_colors_info=&#8220;{}&#8220;][et_pb_column type=&#8220;4_4&#8243; _builder_version=&#8220;4.27.4&#8243; _module_preset=&#8220;default&#8220; global_colors_info=&#8220;{}&#8220;][et_pb_text _builder_version=&#8220;4.27.4&#8243; _module_preset=&#8220;default&#8220; text_font=&#8220;Sofia Sans||||||||&#8220; global_colors_info=&#8220;{}&#8220;]<span style=\"font-weight: 400\">Viele Marktanalysten geben eine breite Spanne unterschiedlicher Preisprognosen ab, was die Schwierigkeit unterstreicht, den zuk\u00fcnftigen ETS2-Preis zuverl\u00e4ssig vorherzusagen, wie in der folgenden Tabelle deutlich wird:<\/span> [\/et_pb_text][\/et_pb_column][\/et_pb_row][et_pb_row _builder_version=&#8220;4.27.4&#8243; _module_preset=&#8220;default&#8220; custom_margin=&#8220;0px||0px||true|true&#8220; global_colors_info=&#8220;{}&#8220;][et_pb_column type=&#8220;4_4&#8243; _builder_version=&#8220;4.27.4&#8243; _module_preset=&#8220;default&#8220; global_colors_info=&#8220;{}&#8220;][et_pb_image src=&#8220;https:\/\/life-effect.org\/wp-content\/uploads\/2025\/10\/Untitled-design-2.png&#8220; title_text=&#8220;Untitled design (2)&#8220; align=&#8220;center&#8220; _builder_version=&#8220;4.27.4&#8243; _module_preset=&#8220;default&#8220; width=&#8220;35%&#8220; module_alignment=&#8220;center&#8220; global_colors_info=&#8220;{}&#8220;][\/et_pb_image][et_pb_text _builder_version=&#8220;4.27.4&#8243; _module_preset=&#8220;default&#8220; text_font=&#8220;Sofia Sans||||||||&#8220; global_colors_info=&#8220;{}&#8220;]Die gro\u00dfen Unterschiede bei den erwarteten ETS2-Preisen lassen sich auf die unterschiedlichen Annahmen in den Modellrechnungen zur\u00fcckf\u00fchren, vor allem hinsichtlich der angestrebten Ziele f\u00fcr die Umsetzung erg\u00e4nzender Ma\u00dfnahmen zur Verst\u00e4rkung der Emissionsminderungen \u00fcber den CO2-Preis hinaus, wie beispielsweise die Richtlinie \u00fcber die Gesamtenergieeffizienz von Geb\u00e4uden<span style=\"font-weight: 400\"> oder CO2-Standards f\u00fcr Pkw. Je st\u00e4rker die Emissionen in europ\u00e4ischen Haushalten und im Stra\u00dfenverkehr reduziert werden, desto niedriger wird der ETS2-Preis ausfallen. Die Umsetzung dieser erg\u00e4nzenden Ma\u00dfnahmen ist sowohl machbar als auch notwendig. <\/span> Ein Preis von 45 Euro pro Tonne CO2 entspricht 0,01 \u20ac\/kWh bei einer fossilen Gasheizung. Die Sorge vor m\u00f6glichen sozialen Auswirkungen eines volatilen ETS2-Preises ist zwar berechtigt, <span style=\"font-weight: 400\">darf jedoch nicht als Rechtfertigung f\u00fcr eine vorzeitige Schw\u00e4chung des ETS2 dienen oder von den notwendigen Ma\u00dfnahmen ablenken, die die Mitgliedstaaten ergreifen m\u00fcssen, um die Fairness des Systems zu verbessern. Das ETS2 sollte in den ersten Jahren funktionieren k\u00f6nnen, damit sich ein wirksamer CO2-Preis herausbildet, Anreize f\u00fcr die Dekarbonisierung geschaffen werden und dringend ben\u00f6tigte Einnahmen f\u00fcr die Energiewende generiert werden k\u00f6nnen.<\/span> [\/et_pb_text][et_pb_image src=&#8220;https:\/\/life-effect.org\/wp-content\/uploads\/2025\/11\/30.png&#8220; title_text=&#8220;30&#8243; align=&#8220;center&#8220; _builder_version=&#8220;4.27.4&#8243; _module_preset=&#8220;default&#8220; width=&#8220;60%&#8220; module_alignment=&#8220;center&#8220; custom_padding=&#8220;30px||30px||false|false&#8220; global_colors_info=&#8220;{}&#8220;][\/et_pb_image][\/et_pb_column][\/et_pb_row][et_pb_row _builder_version=&#8220;4.27.4&#8243; _module_preset=&#8220;default&#8220; global_colors_info=&#8220;{}&#8220;][et_pb_column type=&#8220;4_4&#8243; _builder_version=&#8220;4.27.4&#8243; _module_preset=&#8220;default&#8220; global_colors_info=&#8220;{}&#8220;][et_pb_text _builder_version=&#8220;4.27.4&#8243; _module_preset=&#8220;default&#8220; inline_fonts=&#8220;Sofia Sans&#8220; global_colors_info=&#8220;{}&#8220;]<\/p>\n<p><span style=\"font-family: 'Sofia Sans'; font-weight: normal;\">Wie aus Abbildung 7 von <a style=\"color: #0a0a0a; text-decoration: underline;\" href=\"https:\/\/www.transportenvironment.org\/topics\/climate-instruments\/ets-2\">Transport and Environment <\/a>hervorgeht, liegen die schwankenden Preise f\u00fcr fossile Brennstoffe in den letzten Jahren weiterhin deutlich \u00fcber den Auswirkungen eines ETS2-Preises von 100 Euro pro Tonne CO2. Dies macht deutlich: Die eigentliche Gefahr f\u00fcr die Lebenshaltungskosten ist nicht der CO2-Preis, sondern die anhaltende Abh\u00e4ngigkeit von klimasch\u00e4dlichen Brennstoffen, denn fossile Energiekonzerne haben wiederholt bewiesen, dass sie bereit sind, \u00dcbergewinne (\u201eWindfall Profits\u201d) zu erzielen.<\/span> <span style=\"font-family: 'Sofia Sans'; font-weight: normal;\">Jeder Versuch, den ETS2-Preis durch eine Erh\u00f6hung des Zertifikateangebots zu beeinflussen, f\u00fchrt zwangsl\u00e4ufig zu h\u00f6heren CO2-Emissionen. Um die europ\u00e4ischen Klimaziele dennoch zu erreichen, m\u00fcsste jede Abschw\u00e4chung des ETS2 durch ambitioniertere Ziele in anderen Bereichen ausgeglichen werden \u2013 etwa in den ETS1-Sektoren oder in den verbleibenden ESR-Sektoren. Dies betrifft insbesondere die Landwirtschaft, wo politische Fortschritte nach wie vor schwer zu erzielen sind, oder die Landnutzung, deren <a style=\"color: #0a0a0a; text-decoration: underline;\" href=\"https:\/\/www.eea.europa.eu\/en\/newsroom\/news\/europes-land-carbon-sink-declines-but-its-potential-stays-high\">Funktion als Kohlenstoffsenke bereits gef\u00e4hrdet ist.<\/a><\/span> <span style=\"font-weight: normal; font-family: 'Sofia Sans';\">Die wirksamste Methode zur Steuerung der ETS2-Preisdynamik, ohne dabei die Ambitionen zu schm\u00e4lern, besteht letztlich in der konsequenten Umsetzung erg\u00e4nzender Ma\u00dfnahmen. Durch die Verringerung der Emissionen in Haushalten und im Stra\u00dfenverkehr sinkt die Nachfrage nach Emissionszertifikaten, was wiederum dazu beitr\u00e4gt, den ETS2-Preis zu moderieren und gleichzeitig die Dekarbonisierung zu beschleunigen.<\/span><\/p>\n<p><span style=\"font-weight: normal; font-family: 'Sofia Sans';\"> <\/span> <a href=\"https:\/\/life-effect.org\/wp-content\/uploads\/2025\/12\/DE-Module-3.pdf\" title=\"Kapitel hier downloaden\" target=\"_blank\" rel=\"noopener\"> <span style=\"font-weight: normal; font-family: 'Sofia Sans';\"><strong>Kapitel hier downloaden<\/strong><\/span><\/a><\/p>\n<p>[\/et_pb_text][\/et_pb_column][\/et_pb_row][et_pb_row _builder_version=&#8220;4.27.4&#8243; _module_preset=&#8220;default&#8220; background_image=&#8220;https:\/\/life-effect.org\/wp-content\/uploads\/2025\/10\/Streetpattern-01-light-green.png&#8220; custom_margin=&#8220;40px||40px||true|false&#8220; custom_padding=&#8220;60px|40px|60px|40px|true|true&#8220; border_radii=&#8220;on|30px|30px|30px|30px&#8220; border_width_all=&#8220;4px&#8220; border_color_all=&#8220;#FFC6ED&#8220; global_colors_info=&#8220;{}&#8220;][et_pb_column type=&#8220;4_4&#8243; _builder_version=&#8220;4.27.4&#8243; _module_preset=&#8220;default&#8220; global_colors_info=&#8220;{}&#8220;][et_pb_text _builder_version=&#8220;4.27.4&#8243; _module_preset=&#8220;default&#8220; text_font=&#8220;&#8211;et_global_heading_font|700|||||||&#8220; header_font=&#8220;&#8211;et_global_heading_font|700|||||||&#8220; header_text_align=&#8220;center&#8220; header_text_color=&#8220;gcid-body-color&#8220; header_font_size=&#8220;50px&#8220; global_colors_info=&#8220;{%22gcid-body-color%22:%91%22header_text_color%22%93}&#8220;]<\/p>\n<h1>Wie hoch wird der Preis sein?<\/h1>\n<p>[\/et_pb_text][et_pb_button button_url=&#8220;https:\/\/life-effect.org\/what-will-the-ets2-price-be-quiz\/&#8220; url_new_window=&#8220;on&#8220; button_text=&#8220;Mach das Quiz&#8220; button_alignment=&#8220;center&#8220; _builder_version=&#8220;4.27.4&#8243; _module_preset=&#8220;default&#8220; global_colors_info=&#8220;{}&#8220;][\/et_pb_button][\/et_pb_column][\/et_pb_row][et_pb_row column_structure=&#8220;1_2,1_2&#8243; _builder_version=&#8220;4.27.4&#8243; _module_preset=&#8220;default&#8220; global_colors_info=&#8220;{}&#8220;][et_pb_column type=&#8220;1_2&#8243; _builder_version=&#8220;4.27.4&#8243; _module_preset=&#8220;default&#8220; global_colors_info=&#8220;{}&#8220;][et_pb_button button_url=&#8220;https:\/\/life-effect.org\/de\/ueberlegungen-zu-den-ets2-einnahmen\/&#8220; button_text=&#8220; \u00dcberlegungen zu den ETS2-Einnahmen&#8220; button_alignment=&#8220;left&#8220; _builder_version=&#8220;4.27.4&#8243; _module_preset=&#8220;default&#8220; button_text_color=&#8220;gcid-heading-color&#8220; button_bg_color=&#8220;RGBA(255,255,255,0)&#8220; button_bg_enable_image=&#8220;off&#8220; global_colors_info=&#8220;{%22gcid-heading-color%22:%91%22button_text_color%22%93}&#8220;][\/et_pb_button][\/et_pb_column][et_pb_column type=&#8220;1_2&#8243; _builder_version=&#8220;4.27.4&#8243; _module_preset=&#8220;default&#8220; global_colors_info=&#8220;{}&#8220;][et_pb_button button_url=&#8220;https:\/\/life-effect.org\/de\/die-rolle-ergaenzender-massnahmen\/&#8220; button_text=&#8220;Die Rolle erg\u00e4nzender Ma\u00dfnahmen&#8220; _builder_version=&#8220;4.27.4&#8243; _module_preset=&#8220;default&#8220; button_text_color=&#8220;gcid-heading-color&#8220; button_bg_color=&#8220;RGBA(255,255,255,0)&#8220; button_bg_enable_image=&#8220;off&#8220; global_colors_info=&#8220;{%22gcid-heading-color%22:%91%22button_text_color%22%93}&#8220;][\/et_pb_button][\/et_pb_column][\/et_pb_row][\/et_pb_section]<\/p>\n","protected":false},"excerpt":{"rendered":"<p>Wie hoch wird der Preis sein?W\u00e4hrend der politischen Debatte zur Einf\u00fchrung des ETS2 stand die Notwendigkeit von Preiskontrollen und Schutzma\u00dfnahmen im Vordergrund.. Daher enthalten die ETS-Richtlinie und der Beschluss \u00fcber die Marketstabilit\u00e4tsreserve bereits mehrere Mechanismen zur Preiskontrolle f\u00fcr das ETS2: Vorzeitige Versteigerung von 30 % mehr Emissionszertifikaten in den ersten drei Jahren, die sp\u00e4ter von [&hellip;]<\/p>\n","protected":false},"author":20,"featured_media":0,"parent":0,"menu_order":0,"comment_status":"closed","ping_status":"closed","template":"","meta":{"_acf_changed":false,"_et_pb_use_builder":"on","_et_pb_old_content":"","_et_gb_content_width":"","_monsterinsights_skip_tracking":false,"_monsterinsights_sitenote_active":false,"_monsterinsights_sitenote_note":"","_monsterinsights_sitenote_category":0,"footnotes":""},"class_list":["post-407740","page","type-page","status-publish","hentry"],"acf":[],"yoast_head":"<!-- This site is optimized with the Yoast SEO plugin v27.5 - https:\/\/yoast.com\/product\/yoast-seo-wordpress\/ -->\n<title>Wie hoch wird der Preis sein? - LIFE Effect<\/title>\n<meta name=\"robots\" content=\"index, follow, max-snippet:-1, max-image-preview:large, max-video-preview:-1\" \/>\n<link rel=\"canonical\" href=\"https:\/\/life-effect.org\/de\/wie-hoch-wird-der-preis-sein\/\" \/>\n<meta property=\"og:locale\" content=\"de_DE\" \/>\n<meta property=\"og:type\" content=\"article\" \/>\n<meta property=\"og:title\" content=\"Wie hoch wird der Preis sein? - LIFE Effect\" \/>\n<meta property=\"og:description\" content=\"Wie hoch wird der Preis sein?W\u00e4hrend der politischen Debatte zur Einf\u00fchrung des ETS2 stand die Notwendigkeit von Preiskontrollen und Schutzma\u00dfnahmen im Vordergrund.. Daher enthalten die ETS-Richtlinie und der Beschluss \u00fcber die Marketstabilit\u00e4tsreserve bereits mehrere Mechanismen zur Preiskontrolle f\u00fcr das ETS2: Vorzeitige Versteigerung von 30 % mehr Emissionszertifikaten in den ersten drei Jahren, die sp\u00e4ter von [&hellip;]\" \/>\n<meta property=\"og:url\" content=\"https:\/\/life-effect.org\/de\/wie-hoch-wird-der-preis-sein\/\" \/>\n<meta property=\"og:site_name\" content=\"LIFE Effect\" \/>\n<meta property=\"article:modified_time\" content=\"2025-12-08T09:26:19+00:00\" \/>\n<meta name=\"twitter:card\" content=\"summary_large_image\" \/>\n<meta name=\"twitter:label1\" content=\"Gesch\u00e4tzte Lesezeit\" \/>\n\t<meta name=\"twitter:data1\" content=\"4\u00a0Minuten\" \/>\n<script type=\"application\/ld+json\" class=\"yoast-schema-graph\">{\"@context\":\"https:\\\/\\\/schema.org\",\"@graph\":[{\"@type\":\"WebPage\",\"@id\":\"https:\\\/\\\/life-effect.org\\\/de\\\/wie-hoch-wird-der-preis-sein\\\/\",\"url\":\"https:\\\/\\\/life-effect.org\\\/de\\\/wie-hoch-wird-der-preis-sein\\\/\",\"name\":\"Wie hoch wird der Preis sein? - LIFE Effect\",\"isPartOf\":{\"@id\":\"https:\\\/\\\/life-effect.org\\\/de\\\/#website\"},\"datePublished\":\"2025-11-13T09:41:37+00:00\",\"dateModified\":\"2025-12-08T09:26:19+00:00\",\"breadcrumb\":{\"@id\":\"https:\\\/\\\/life-effect.org\\\/de\\\/wie-hoch-wird-der-preis-sein\\\/#breadcrumb\"},\"inLanguage\":\"de\",\"potentialAction\":[{\"@type\":\"ReadAction\",\"target\":[\"https:\\\/\\\/life-effect.org\\\/de\\\/wie-hoch-wird-der-preis-sein\\\/\"]}]},{\"@type\":\"BreadcrumbList\",\"@id\":\"https:\\\/\\\/life-effect.org\\\/de\\\/wie-hoch-wird-der-preis-sein\\\/#breadcrumb\",\"itemListElement\":[{\"@type\":\"ListItem\",\"position\":1,\"name\":\"Home\",\"item\":\"https:\\\/\\\/life-effect.org\\\/de\\\/\"},{\"@type\":\"ListItem\",\"position\":2,\"name\":\"Wie hoch wird der Preis sein?\"}]},{\"@type\":\"WebSite\",\"@id\":\"https:\\\/\\\/life-effect.org\\\/de\\\/#website\",\"url\":\"https:\\\/\\\/life-effect.org\\\/de\\\/\",\"name\":\"LIFE Effect\",\"description\":\"For carbon pricing that puts people and planet first\",\"potentialAction\":[{\"@type\":\"SearchAction\",\"target\":{\"@type\":\"EntryPoint\",\"urlTemplate\":\"https:\\\/\\\/life-effect.org\\\/de\\\/?s={search_term_string}\"},\"query-input\":{\"@type\":\"PropertyValueSpecification\",\"valueRequired\":true,\"valueName\":\"search_term_string\"}}],\"inLanguage\":\"de\"}]}<\/script>\n<!-- \/ Yoast SEO plugin. -->","yoast_head_json":{"title":"Wie hoch wird der Preis sein? - LIFE Effect","robots":{"index":"index","follow":"follow","max-snippet":"max-snippet:-1","max-image-preview":"max-image-preview:large","max-video-preview":"max-video-preview:-1"},"canonical":"https:\/\/life-effect.org\/de\/wie-hoch-wird-der-preis-sein\/","og_locale":"de_DE","og_type":"article","og_title":"Wie hoch wird der Preis sein? - LIFE Effect","og_description":"Wie hoch wird der Preis sein?W\u00e4hrend der politischen Debatte zur Einf\u00fchrung des ETS2 stand die Notwendigkeit von Preiskontrollen und Schutzma\u00dfnahmen im Vordergrund.. Daher enthalten die ETS-Richtlinie und der Beschluss \u00fcber die Marketstabilit\u00e4tsreserve bereits mehrere Mechanismen zur Preiskontrolle f\u00fcr das ETS2: Vorzeitige Versteigerung von 30 % mehr Emissionszertifikaten in den ersten drei Jahren, die sp\u00e4ter von [&hellip;]","og_url":"https:\/\/life-effect.org\/de\/wie-hoch-wird-der-preis-sein\/","og_site_name":"LIFE Effect","article_modified_time":"2025-12-08T09:26:19+00:00","twitter_card":"summary_large_image","twitter_misc":{"Gesch\u00e4tzte Lesezeit":"4\u00a0Minuten"},"schema":{"@context":"https:\/\/schema.org","@graph":[{"@type":"WebPage","@id":"https:\/\/life-effect.org\/de\/wie-hoch-wird-der-preis-sein\/","url":"https:\/\/life-effect.org\/de\/wie-hoch-wird-der-preis-sein\/","name":"Wie hoch wird der Preis sein? - LIFE Effect","isPartOf":{"@id":"https:\/\/life-effect.org\/de\/#website"},"datePublished":"2025-11-13T09:41:37+00:00","dateModified":"2025-12-08T09:26:19+00:00","breadcrumb":{"@id":"https:\/\/life-effect.org\/de\/wie-hoch-wird-der-preis-sein\/#breadcrumb"},"inLanguage":"de","potentialAction":[{"@type":"ReadAction","target":["https:\/\/life-effect.org\/de\/wie-hoch-wird-der-preis-sein\/"]}]},{"@type":"BreadcrumbList","@id":"https:\/\/life-effect.org\/de\/wie-hoch-wird-der-preis-sein\/#breadcrumb","itemListElement":[{"@type":"ListItem","position":1,"name":"Home","item":"https:\/\/life-effect.org\/de\/"},{"@type":"ListItem","position":2,"name":"Wie hoch wird der Preis sein?"}]},{"@type":"WebSite","@id":"https:\/\/life-effect.org\/de\/#website","url":"https:\/\/life-effect.org\/de\/","name":"LIFE Effect","description":"For carbon pricing that puts people and planet first","potentialAction":[{"@type":"SearchAction","target":{"@type":"EntryPoint","urlTemplate":"https:\/\/life-effect.org\/de\/?s={search_term_string}"},"query-input":{"@type":"PropertyValueSpecification","valueRequired":true,"valueName":"search_term_string"}}],"inLanguage":"de"}]}},"_links":{"self":[{"href":"https:\/\/life-effect.org\/de\/wp-json\/wp\/v2\/pages\/407740","targetHints":{"allow":["GET"]}}],"collection":[{"href":"https:\/\/life-effect.org\/de\/wp-json\/wp\/v2\/pages"}],"about":[{"href":"https:\/\/life-effect.org\/de\/wp-json\/wp\/v2\/types\/page"}],"author":[{"embeddable":true,"href":"https:\/\/life-effect.org\/de\/wp-json\/wp\/v2\/users\/20"}],"replies":[{"embeddable":true,"href":"https:\/\/life-effect.org\/de\/wp-json\/wp\/v2\/comments?post=407740"}],"version-history":[{"count":7,"href":"https:\/\/life-effect.org\/de\/wp-json\/wp\/v2\/pages\/407740\/revisions"}],"predecessor-version":[{"id":408348,"href":"https:\/\/life-effect.org\/de\/wp-json\/wp\/v2\/pages\/407740\/revisions\/408348"}],"wp:attachment":[{"href":"https:\/\/life-effect.org\/de\/wp-json\/wp\/v2\/media?parent=407740"}],"curies":[{"name":"wp","href":"https:\/\/api.w.org\/{rel}","templated":true}]}}