{"id":407905,"date":"2025-11-06T17:40:11","date_gmt":"2025-11-06T16:40:11","guid":{"rendered":"https:\/\/life-effect.org\/trainingsmodule\/"},"modified":"2025-12-02T10:08:36","modified_gmt":"2025-12-02T09:08:36","slug":"trainingsmodule","status":"publish","type":"page","link":"https:\/\/life-effect.org\/de\/trainingsmodule\/","title":{"rendered":"Trainingsmodule"},"content":{"rendered":"<p>[et_pb_section fb_built=&#8220;1&#8243; _builder_version=&#8220;4.27.4&#8243; _module_preset=&#8220;default&#8220; background_color=&#8220;#FFC6ED&#8220; use_background_color_gradient=&#8220;on&#8220; background_color_gradient_type=&#8220;circular&#8220; background_color_gradient_stops=&#8220;#83c4e7 0%|#ffc6ed 100%&#8220; background_image=&#8220;https:\/\/life-effect.org\/wp-content\/uploads\/2025\/10\/Life-effect-background-02-sky.png&#8220; parallax=&#8220;on&#8220; global_colors_info=&#8220;{}&#8220;][et_pb_row _builder_version=&#8220;4.27.4&#8243; _module_preset=&#8220;default&#8220; custom_margin=&#8220;80px||||false|false&#8220; animation_style=&#8220;fade&#8220; animation_duration=&#8220;800ms&#8220; global_colors_info=&#8220;{}&#8220;][et_pb_column type=&#8220;4_4&#8243; _builder_version=&#8220;4.27.4&#8243; _module_preset=&#8220;default&#8220; global_colors_info=&#8220;{}&#8220;][et_pb_heading title=&#8220;ETS101 Trainingsmodule &#8220; _builder_version=&#8220;4.27.4&#8243; _module_preset=&#8220;default&#8220; title_font=&#8220;&#8211;et_global_heading_font|700|||||||&#8220; title_text_color=&#8220;#000000&#8243; title_letter_spacing=&#8220;1px&#8220; global_colors_info=&#8220;{}&#8220;][\/et_pb_heading][\/et_pb_column][\/et_pb_row][et_pb_row column_structure=&#8220;1_3,1_3,1_3&#8243; _builder_version=&#8220;4.27.4&#8243; _module_preset=&#8220;default&#8220; background_color=&#8220;RGBA(255,255,255,0)&#8220; animation_style=&#8220;fade&#8220; animation_direction=&#8220;bottom&#8220; animation_duration=&#8220;800ms&#8220; global_colors_info=&#8220;{}&#8220;][et_pb_column type=&#8220;1_3&#8243; _builder_version=&#8220;4.27.4&#8243; _module_preset=&#8220;default&#8220; global_colors_info=&#8220;{}&#8220;][et_pb_text _builder_version=&#8220;4.27.4&#8243; _module_preset=&#8220;default&#8220; text_font=&#8220;&#8211;et_global_heading_font|800|||||||&#8220; text_font_size=&#8220;14px&#8220; text_line_height=&#8220;1.2em&#8220; background_color=&#8220;rgba(240,239,238,0.18)&#8220; custom_margin=&#8220;0px||||false|false&#8220; custom_padding=&#8220;80px|80px|85px|80px|false|false&#8220; link_option_url=&#8220;https:\/\/life-effect.org\/de\/was-ist-da-ets-wie-funktioniert-ets\/&#8220; link_option_url_new_window=&#8220;on&#8220; background_last_edited=&#8220;off|desktop&#8220; border_radii=&#8220;on|30px|30px|30px|30px&#8220; border_color_all=&#8220;RGBA(255,255,255,0)&#8220; box_shadow_style=&#8220;preset6&#8243; box_shadow_color=&#8220;#F0EFEE&#8220; inline_fonts=&#8220;Sofia Sans&#8220; global_colors_info=&#8220;{}&#8220; background__hover_enabled=&#8220;off|desktop&#8220;]<\/p>\n<p style=\"text-align: center\"><span style=\"font-size: x-large\">Modul 01<\/span><\/p>\n<p style=\"text-align: center\"><span style=\"font-family: 'Sofia Sans';font-weight: normal;font-size: large\">Was ist ETS2?<\/span><span style=\"font-family: 'Sofia Sans';font-weight: normal;font-size: large\"><\/span><\/p>\n<p style=\"text-align: center\">[\/et_pb_text][\/et_pb_column][et_pb_column type=&#8220;1_3&#8243; _builder_version=&#8220;4.27.4&#8243; _module_preset=&#8220;default&#8220; global_colors_info=&#8220;{}&#8220;][et_pb_text _builder_version=&#8220;4.27.4&#8243; _module_preset=&#8220;default&#8220; text_font=&#8220;&#8211;et_global_heading_font|800|||||||&#8220; text_font_size=&#8220;14px&#8220; text_line_height=&#8220;1.2em&#8220; background_color=&#8220;rgba(240,239,238,0.18)&#8220; custom_margin=&#8220;0px||||false|false&#8220; custom_padding=&#8220;80px|80px|80px|80px|false|false&#8220; link_option_url=&#8220;https:\/\/life-effect.org\/de\/klima-sozialfonds-ksf\/&#8220; link_option_url_new_window=&#8220;on&#8220; background_last_edited=&#8220;off|desktop&#8220; border_radii=&#8220;on|30px|30px|30px|30px&#8220; border_color_all=&#8220;RGBA(255,255,255,0)&#8220; box_shadow_style=&#8220;preset6&#8243; box_shadow_color=&#8220;#F0EFEE&#8220; inline_fonts=&#8220;Sofia Sans&#8220; global_colors_info=&#8220;{}&#8220; background__hover_enabled=&#8220;off|desktop&#8220;]<\/p>\n<p style=\"text-align: center\"><span style=\"font-size: x-large\">Modul 02<\/span><\/p>\n<p style=\"text-align: center\"><span style=\"font-family: 'Sofia Sans';font-weight: normal;font-size: large\">Klima-<br \/>Sozialfonds (KSF)<\/span><\/p>\n<p>[\/et_pb_text][\/et_pb_column][et_pb_column type=&#8220;1_3&#8243; _builder_version=&#8220;4.27.4&#8243; _module_preset=&#8220;default&#8220; global_colors_info=&#8220;{}&#8220;][et_pb_text _builder_version=&#8220;4.27.4&#8243; _module_preset=&#8220;default&#8220; text_font=&#8220;&#8211;et_global_heading_font|800|||||||&#8220; text_font_size=&#8220;14px&#8220; text_line_height=&#8220;1.2em&#8220; background_color=&#8220;rgba(240,239,238,0.18)&#8220; custom_margin=&#8220;0px||||false|false&#8220; custom_padding=&#8220;80px|80px|60px|80px|false|false&#8220; link_option_url=&#8220;https:\/\/life-effect.org\/de\/ueberlegungen-zu-den-ets2-einnahmen\/&#8220; link_option_url_new_window=&#8220;on&#8220; background_last_edited=&#8220;off|desktop&#8220; border_radii=&#8220;on|30px|30px|30px|30px&#8220; border_color_all=&#8220;RGBA(255,255,255,0)&#8220; box_shadow_style=&#8220;preset6&#8243; box_shadow_color=&#8220;#F0EFEE&#8220; inline_fonts=&#8220;Sofia Sans&#8220; global_colors_info=&#8220;{}&#8220; background__hover_enabled=&#8220;off|desktop&#8220;]<\/p>\n<p style=\"text-align: center\"><span style=\"font-size: x-large\">Modul 03<\/span><\/p>\n<p style=\"text-align: center\"><span style=\"font-family: 'Sofia Sans';font-weight: normal;font-size: large\"> \u00dcberlegungen zu den ETS2-Einnahmen<\/span><\/p>\n<p>[\/et_pb_text][\/et_pb_column][\/et_pb_row][et_pb_row column_structure=&#8220;1_3,1_3,1_3&#8243; _builder_version=&#8220;4.27.4&#8243; _module_preset=&#8220;default&#8220; animation_style=&#8220;fade&#8220; animation_duration=&#8220;800ms&#8220; global_colors_info=&#8220;{}&#8220;][et_pb_column type=&#8220;1_3&#8243; _builder_version=&#8220;4.27.4&#8243; _module_preset=&#8220;default&#8220; global_colors_info=&#8220;{}&#8220;][et_pb_text _builder_version=&#8220;4.27.4&#8243; _module_preset=&#8220;default&#8220; text_font=&#8220;&#8211;et_global_heading_font|800|||||||&#8220; text_font_size=&#8220;14px&#8220; text_line_height=&#8220;1.2em&#8220; background_color=&#8220;rgba(240,239,238,0.18)&#8220; custom_margin=&#8220;0px||||false|false&#8220; custom_padding=&#8220;80px|80px|80px|80px|false|false&#8220; link_option_url=&#8220;https:\/\/life-effect.org\/de\/wie-hoch-wird-der-preis-sein\/&#8220; link_option_url_new_window=&#8220;on&#8220; background_last_edited=&#8220;off|desktop&#8220; border_radii=&#8220;on|30px|30px|30px|30px&#8220; border_color_all=&#8220;RGBA(255,255,255,0)&#8220; box_shadow_style=&#8220;preset6&#8243; box_shadow_color=&#8220;#F0EFEE&#8220; inline_fonts=&#8220;Sofia Sans&#8220; global_colors_info=&#8220;{}&#8220; background__hover_enabled=&#8220;off|desktop&#8220;]<\/p>\n<p style=\"text-align: center\"><span style=\"font-size: x-large\">Modul 04<\/span><\/p>\n<p style=\"text-align: center\"><span style=\"font-family: 'Sofia Sans';font-weight: normal;font-size: large\">Wie hoch wird der Preis sein?<\/span><\/p>\n<p>[\/et_pb_text][\/et_pb_column][et_pb_column type=&#8220;1_3&#8243; _builder_version=&#8220;4.27.4&#8243; _module_preset=&#8220;default&#8220; global_colors_info=&#8220;{}&#8220;][et_pb_text _builder_version=&#8220;4.27.4&#8243; _module_preset=&#8220;default&#8220; text_font=&#8220;&#8211;et_global_heading_font|800|||||||&#8220; text_font_size=&#8220;14px&#8220; text_line_height=&#8220;1.2em&#8220; background_color=&#8220;rgba(240,239,238,0.18)&#8220; custom_margin=&#8220;0px||||false|false&#8220; custom_padding=&#8220;80px|80px|64px|80px|false|false&#8220; link_option_url=&#8220;https:\/\/life-effect.org\/de\/die-rolle-ergaenzender-massnahmen\/&#8220; link_option_url_new_window=&#8220;on&#8220; background_last_edited=&#8220;off|desktop&#8220; border_radii=&#8220;on|30px|30px|30px|30px&#8220; border_color_all=&#8220;RGBA(255,255,255,0)&#8220; box_shadow_style=&#8220;preset6&#8243; box_shadow_color=&#8220;#F0EFEE&#8220; inline_fonts=&#8220;Sofia Sans,Sofia Sans 2&#8243; global_colors_info=&#8220;{}&#8220; background__hover_enabled=&#8220;off|desktop&#8220;]<\/p>\n<p style=\"text-align: center\"><span style=\"font-size: x-large\">Modul 05<\/span><\/p>\n<p style=\"text-align: center\"><span style=\"font-family: 'Sofia Sans';font-weight: normal;font-size: large\">Die Rolle erg\u00e4nzender Ma\u00dfnahmen<\/span><\/p>\n<p>[\/et_pb_text][\/et_pb_column][et_pb_column type=&#8220;1_3&#8243; _builder_version=&#8220;4.27.4&#8243; _module_preset=&#8220;default&#8220; global_colors_info=&#8220;{}&#8220;][et_pb_text _builder_version=&#8220;4.27.4&#8243; _module_preset=&#8220;default&#8220; text_font=&#8220;&#8211;et_global_heading_font|800|||||||&#8220; text_font_size=&#8220;14px&#8220; text_line_height=&#8220;1.2em&#8220; background_color=&#8220;rgba(240,239,238,0.18)&#8220; min_height=&#8220;188.9px&#8220; custom_margin=&#8220;0px||||false|false&#8220; custom_padding=&#8220;80px|80px|64px|80px|false|false&#8220; link_option_url=&#8220;https:\/\/life-effect.org\/de\/ets2-und-das-klimaziel-fuer-2040\/&#8220; link_option_url_new_window=&#8220;on&#8220; background_last_edited=&#8220;off|desktop&#8220; border_radii=&#8220;on|30px|30px|30px|30px&#8220; border_color_all=&#8220;RGBA(255,255,255,0)&#8220; box_shadow_style=&#8220;preset6&#8243; box_shadow_color=&#8220;#F0EFEE&#8220; inline_fonts=&#8220;Sofia Sans&#8220; global_colors_info=&#8220;{}&#8220; background__hover_enabled=&#8220;off|desktop&#8220;]<\/p>\n<p style=\"text-align: center\"><span style=\"font-size: x-large\">Modul 06<\/span><\/p>\n<p style=\"text-align: center\"><span style=\"font-family: 'Sofia Sans';font-weight: normal;font-size: large\"> ETS2 und das Klimaziel f\u00fcr 2040<\/span><\/p>\n<p>[\/et_pb_text][\/et_pb_column][\/et_pb_row][et_pb_row _builder_version=&#8220;4.27.4&#8243; _module_preset=&#8220;default&#8220; custom_padding=&#8220;||0px|||&#8220; global_colors_info=&#8220;{}&#8220;][et_pb_column type=&#8220;4_4&#8243; _builder_version=&#8220;4.27.4&#8243; _module_preset=&#8220;default&#8220; global_colors_info=&#8220;{}&#8220;][et_pb_divider show_divider=&#8220;off&#8220; _builder_version=&#8220;4.27.4&#8243; _module_preset=&#8220;default&#8220; module_alignment=&#8220;center&#8220; custom_margin=&#8220;||0px||false|false&#8220; custom_padding=&#8220;||0px||false|false&#8220; global_colors_info=&#8220;{}&#8220;][\/et_pb_divider][\/et_pb_column][\/et_pb_row][et_pb_row custom_padding_last_edited=&#8220;on|desktop&#8220; admin_label=&#8220;FContent V1 &#8211; F\u00fcnf &#8211; Reihe&#8220; _builder_version=&#8220;4.27.4&#8243; _module_preset=&#8220;default&#8220; background_color=&#8220;rgba(183,218,157,0.2)&#8220; use_background_color_gradient=&#8220;on&#8220; background_color_gradient_stops=&#8220;#b7da9d 0%|#9dcc41 100%&#8220; background_color_gradient_overlays_image=&#8220;on&#8220; background_image=&#8220;https:\/\/life-effect.org\/wp-content\/uploads\/2025\/02\/Streetpattern-02-light-green.png&#8220; background_blend=&#8220;lighten&#8220; width=&#8220;83%&#8220; width_tablet=&#8220;84%&#8220; width_phone=&#8220;90%&#8220; width_last_edited=&#8220;on|phone&#8220; max_width=&#8220;2560px&#8220; custom_margin=&#8220;42px|100px|66px|100px|false|true&#8220; custom_margin_tablet=&#8220;42px|48px|66px|48px|false|true&#8220; custom_margin_phone=&#8220;-20px|100px|22px|20px|false|false&#8220; custom_margin_last_edited=&#8220;on|phone&#8220; custom_padding=&#8220;|67px|50px|67px|false|true&#8220; custom_padding_tablet=&#8220;62px|69px|62px|69px|true|true&#8220; custom_padding_phone=&#8220;42px|28px|42px|28px|true|true&#8220; border_radii=&#8220;on|20px|20px|20px|20px&#8220; border_width_all=&#8220;4px&#8220; border_color_all=&#8220;#FFC6ED&#8220; global_colors_info=&#8220;{}&#8220;][et_pb_column type=&#8220;4_4&#8243; _builder_version=&#8220;4.27.0&#8243; _module_preset=&#8220;default&#8220; global_colors_info=&#8220;{}&#8220;][et_pb_text disabled_on=&#8220;off|off|off&#8220; admin_label=&#8220;FContent V1 &#8211; Five &#8211; Text&#8220; _builder_version=&#8220;4.27.4&#8243; _module_preset=&#8220;default&#8220; text_font=&#8220;&#8211;et_global_heading_font|700|||||||&#8220; text_text_color=&#8220;gcid-heading-color&#8220; text_font_size=&#8220;50px&#8220; text_line_height=&#8220;1.2em&#8220; max_width_tablet=&#8220;450px&#8220; max_width_phone=&#8220;450px&#8220; max_width_last_edited=&#8220;off|desktop&#8220; module_alignment=&#8220;left&#8220; custom_margin=&#8220;||9px||false|false&#8220; custom_margin_tablet=&#8220;||0px||false|false&#8220; custom_margin_phone=&#8220;||53px||false|false&#8220; custom_margin_last_edited=&#8220;on|phone&#8220; custom_padding_tablet=&#8220;&#8220; custom_padding_phone=&#8220;&#8220; custom_padding_last_edited=&#8220;on|phone&#8220; text_font_size_tablet=&#8220;44px&#8220; text_font_size_phone=&#8220;30px&#8220; text_font_size_last_edited=&#8220;on|phone&#8220; global_colors_info=&#8220;{%22gcid-heading-color%22:%91%22text_text_color%22%93}&#8220;]<\/p>\n<p style=\"text-align: center\"> ETS2101<\/p>\n<p>[\/et_pb_text][et_pb_text _builder_version=&#8220;4.27.4&#8243; _module_preset=&#8220;default&#8220; text_font=&#8220;Sofia Sans 2||||||||&#8220; header_font=&#8220;|300|||||||&#8220; text_orientation=&#8220;center&#8220; global_colors_info=&#8220;{}&#8220;]<\/p>\n<p style=\"text-align: center\">Eine Einf\u00fchrung in ETS2<\/p>\n<p>[\/et_pb_text][et_pb_button button_url=&#8220;https:\/\/life-effect.org\/wp-content\/uploads\/2025\/12\/EUETS2_101_DE-1.pdf&#8220; url_new_window=&#8220;on&#8220; button_text=&#8220;Hier lesen &#8220; button_alignment=&#8220;center&#8220; admin_label=&#8220;The Loser Button &#8211; Freddie&#8220; _builder_version=&#8220;4.27.4&#8243; _module_preset=&#8220;default&#8220; hover_enabled=&#8220;0&#8243; saved_tabs=&#8220;all&#8220; global_colors_info=&#8220;{}&#8220; sticky_enabled=&#8220;0&#8243;]<\/p>\n<p>[\/et_pb_button][\/et_pb_column][\/et_pb_row][et_pb_row _builder_version=&#8220;4.27.4&#8243; _module_preset=&#8220;default&#8220; global_colors_info=&#8220;{}&#8220;][et_pb_column type=&#8220;4_4&#8243; _builder_version=&#8220;4.27.4&#8243; _module_preset=&#8220;default&#8220; global_colors_info=&#8220;{}&#8220;][et_pb_text _builder_version=&#8220;4.27.4&#8243; _module_preset=&#8220;default&#8220; text_line_height=&#8220;0.7em&#8220; inline_fonts=&#8220;Sofia Sans&#8220; global_colors_info=&#8220;{}&#8220;]<\/p>\n<p><span style=\"font-weight: normal;font-family: 'Sofia Sans';font-size: small\">Zum Zeitpunkt der Erstellung dieser Module im Oktober 2025 war das Inkrafttreten des EU-ETS2 f\u00fcr 2027 vorgesehen. Im November 2025 leitete der Europ\u00e4ische Rat jedoch Schritte ein, um den Start zu verschieben.<\/span><\/p>\n<p>[\/et_pb_text][\/et_pb_column][\/et_pb_row][\/et_pb_section]<\/p>\n","protected":false},"excerpt":{"rendered":"<p>Modul 01 Was ist ETS2? Modul 02 Klima-Sozialfonds (KSF)Modul 03 \u00dcberlegungen zu den ETS2-EinnahmenModul 04 Wie hoch wird der Preis sein?Modul 05 Die Rolle erg\u00e4nzender Ma\u00dfnahmenModul 06 ETS2 und das Klimaziel f\u00fcr 2040 ETS2101Eine Einf\u00fchrung in ETS2 Zum Zeitpunkt der Erstellung dieser Module im Oktober 2025 war das Inkrafttreten des EU-ETS2 f\u00fcr 2027 vorgesehen. Im [&hellip;]<\/p>\n","protected":false},"author":3,"featured_media":0,"parent":0,"menu_order":0,"comment_status":"closed","ping_status":"closed","template":"","meta":{"_acf_changed":false,"_et_pb_use_builder":"on","_et_pb_old_content":"","_et_gb_content_width":"","_monsterinsights_skip_tracking":false,"_monsterinsights_sitenote_active":false,"_monsterinsights_sitenote_note":"","_monsterinsights_sitenote_category":0,"footnotes":""},"class_list":["post-407905","page","type-page","status-publish","hentry"],"acf":[],"yoast_head":"<!-- This site is optimized with the Yoast SEO plugin v27.4 - https:\/\/yoast.com\/product\/yoast-seo-wordpress\/ -->\n<title>Trainingsmodule - LIFE Effect<\/title>\n<meta name=\"robots\" content=\"index, follow, max-snippet:-1, max-image-preview:large, max-video-preview:-1\" \/>\n<link rel=\"canonical\" href=\"https:\/\/life-effect.org\/de\/trainingsmodule\/\" \/>\n<meta property=\"og:locale\" content=\"de_DE\" \/>\n<meta property=\"og:type\" content=\"article\" \/>\n<meta property=\"og:title\" content=\"Trainingsmodule - LIFE Effect\" \/>\n<meta property=\"og:description\" content=\"Modul 01 Was ist ETS2? Modul 02 Klima-Sozialfonds (KSF)Modul 03 \u00dcberlegungen zu den ETS2-EinnahmenModul 04 Wie hoch wird der Preis sein?Modul 05 Die Rolle erg\u00e4nzender Ma\u00dfnahmenModul 06 ETS2 und das Klimaziel f\u00fcr 2040 ETS2101Eine Einf\u00fchrung in ETS2 Zum Zeitpunkt der Erstellung dieser Module im Oktober 2025 war das Inkrafttreten des EU-ETS2 f\u00fcr 2027 vorgesehen. Im [&hellip;]\" \/>\n<meta property=\"og:url\" content=\"https:\/\/life-effect.org\/de\/trainingsmodule\/\" \/>\n<meta property=\"og:site_name\" content=\"LIFE Effect\" \/>\n<meta property=\"article:modified_time\" content=\"2025-12-02T09:08:36+00:00\" \/>\n<meta name=\"twitter:card\" content=\"summary_large_image\" \/>\n<meta name=\"twitter:label1\" content=\"Gesch\u00e4tzte Lesezeit\" \/>\n\t<meta name=\"twitter:data1\" content=\"7\u00a0Minuten\" \/>\n<script type=\"application\/ld+json\" class=\"yoast-schema-graph\">{\"@context\":\"https:\\\/\\\/schema.org\",\"@graph\":[{\"@type\":\"WebPage\",\"@id\":\"https:\\\/\\\/life-effect.org\\\/de\\\/trainingsmodule\\\/\",\"url\":\"https:\\\/\\\/life-effect.org\\\/de\\\/trainingsmodule\\\/\",\"name\":\"Trainingsmodule - LIFE Effect\",\"isPartOf\":{\"@id\":\"https:\\\/\\\/life-effect.org\\\/de\\\/#website\"},\"datePublished\":\"2025-11-06T16:40:11+00:00\",\"dateModified\":\"2025-12-02T09:08:36+00:00\",\"breadcrumb\":{\"@id\":\"https:\\\/\\\/life-effect.org\\\/de\\\/trainingsmodule\\\/#breadcrumb\"},\"inLanguage\":\"de\",\"potentialAction\":[{\"@type\":\"ReadAction\",\"target\":[\"https:\\\/\\\/life-effect.org\\\/de\\\/trainingsmodule\\\/\"]}]},{\"@type\":\"BreadcrumbList\",\"@id\":\"https:\\\/\\\/life-effect.org\\\/de\\\/trainingsmodule\\\/#breadcrumb\",\"itemListElement\":[{\"@type\":\"ListItem\",\"position\":1,\"name\":\"Home\",\"item\":\"https:\\\/\\\/life-effect.org\\\/de\\\/\"},{\"@type\":\"ListItem\",\"position\":2,\"name\":\"Trainingsmodule\"}]},{\"@type\":\"WebSite\",\"@id\":\"https:\\\/\\\/life-effect.org\\\/de\\\/#website\",\"url\":\"https:\\\/\\\/life-effect.org\\\/de\\\/\",\"name\":\"LIFE Effect\",\"description\":\"For carbon pricing that puts people and planet first\",\"potentialAction\":[{\"@type\":\"SearchAction\",\"target\":{\"@type\":\"EntryPoint\",\"urlTemplate\":\"https:\\\/\\\/life-effect.org\\\/de\\\/?s={search_term_string}\"},\"query-input\":{\"@type\":\"PropertyValueSpecification\",\"valueRequired\":true,\"valueName\":\"search_term_string\"}}],\"inLanguage\":\"de\"}]}<\/script>\n<!-- \/ Yoast SEO plugin. -->","yoast_head_json":{"title":"Trainingsmodule - LIFE Effect","robots":{"index":"index","follow":"follow","max-snippet":"max-snippet:-1","max-image-preview":"max-image-preview:large","max-video-preview":"max-video-preview:-1"},"canonical":"https:\/\/life-effect.org\/de\/trainingsmodule\/","og_locale":"de_DE","og_type":"article","og_title":"Trainingsmodule - LIFE Effect","og_description":"Modul 01 Was ist ETS2? Modul 02 Klima-Sozialfonds (KSF)Modul 03 \u00dcberlegungen zu den ETS2-EinnahmenModul 04 Wie hoch wird der Preis sein?Modul 05 Die Rolle erg\u00e4nzender Ma\u00dfnahmenModul 06 ETS2 und das Klimaziel f\u00fcr 2040 ETS2101Eine Einf\u00fchrung in ETS2 Zum Zeitpunkt der Erstellung dieser Module im Oktober 2025 war das Inkrafttreten des EU-ETS2 f\u00fcr 2027 vorgesehen. Im [&hellip;]","og_url":"https:\/\/life-effect.org\/de\/trainingsmodule\/","og_site_name":"LIFE Effect","article_modified_time":"2025-12-02T09:08:36+00:00","twitter_card":"summary_large_image","twitter_misc":{"Gesch\u00e4tzte Lesezeit":"7\u00a0Minuten"},"schema":{"@context":"https:\/\/schema.org","@graph":[{"@type":"WebPage","@id":"https:\/\/life-effect.org\/de\/trainingsmodule\/","url":"https:\/\/life-effect.org\/de\/trainingsmodule\/","name":"Trainingsmodule - LIFE Effect","isPartOf":{"@id":"https:\/\/life-effect.org\/de\/#website"},"datePublished":"2025-11-06T16:40:11+00:00","dateModified":"2025-12-02T09:08:36+00:00","breadcrumb":{"@id":"https:\/\/life-effect.org\/de\/trainingsmodule\/#breadcrumb"},"inLanguage":"de","potentialAction":[{"@type":"ReadAction","target":["https:\/\/life-effect.org\/de\/trainingsmodule\/"]}]},{"@type":"BreadcrumbList","@id":"https:\/\/life-effect.org\/de\/trainingsmodule\/#breadcrumb","itemListElement":[{"@type":"ListItem","position":1,"name":"Home","item":"https:\/\/life-effect.org\/de\/"},{"@type":"ListItem","position":2,"name":"Trainingsmodule"}]},{"@type":"WebSite","@id":"https:\/\/life-effect.org\/de\/#website","url":"https:\/\/life-effect.org\/de\/","name":"LIFE Effect","description":"For carbon pricing that puts people and planet first","potentialAction":[{"@type":"SearchAction","target":{"@type":"EntryPoint","urlTemplate":"https:\/\/life-effect.org\/de\/?s={search_term_string}"},"query-input":{"@type":"PropertyValueSpecification","valueRequired":true,"valueName":"search_term_string"}}],"inLanguage":"de"}]}},"_links":{"self":[{"href":"https:\/\/life-effect.org\/de\/wp-json\/wp\/v2\/pages\/407905","targetHints":{"allow":["GET"]}}],"collection":[{"href":"https:\/\/life-effect.org\/de\/wp-json\/wp\/v2\/pages"}],"about":[{"href":"https:\/\/life-effect.org\/de\/wp-json\/wp\/v2\/types\/page"}],"author":[{"embeddable":true,"href":"https:\/\/life-effect.org\/de\/wp-json\/wp\/v2\/users\/3"}],"replies":[{"embeddable":true,"href":"https:\/\/life-effect.org\/de\/wp-json\/wp\/v2\/comments?post=407905"}],"version-history":[{"count":7,"href":"https:\/\/life-effect.org\/de\/wp-json\/wp\/v2\/pages\/407905\/revisions"}],"predecessor-version":[{"id":408264,"href":"https:\/\/life-effect.org\/de\/wp-json\/wp\/v2\/pages\/407905\/revisions\/408264"}],"wp:attachment":[{"href":"https:\/\/life-effect.org\/de\/wp-json\/wp\/v2\/media?parent=407905"}],"curies":[{"name":"wp","href":"https:\/\/api.w.org\/{rel}","templated":true}]}}