{"id":407476,"date":"2025-11-13T10:41:37","date_gmt":"2025-11-13T09:41:37","guid":{"rendered":"https:\/\/life-effect.org\/quale-sara-il-prezzo-dellets2\/"},"modified":"2025-11-27T15:58:15","modified_gmt":"2025-11-27T14:58:15","slug":"quale-sara-il-prezzo-dellets2","status":"publish","type":"page","link":"https:\/\/life-effect.org\/it\/quale-sara-il-prezzo-dellets2\/","title":{"rendered":"Quale sar\u00e0 il prezzo dell\u2019ETS2?"},"content":{"rendered":"<p>[et_pb_section fb_built=&#8221;1&#8243; _builder_version=&#8221;4.27.4&#8243; _module_preset=&#8221;default&#8221; background_color=&#8221;#F0EFEE&#8221; background_image=&#8221;https:\/\/life-effect.org\/wp-content\/uploads\/2025\/10\/Life-effect-background-02-sky.png&#8221; background_position=&#8221;top_left&#8221; min_height=&#8221;2598.4px&#8221; custom_padding=&#8221;163px|||0px||&#8221; global_colors_info=&#8221;{}&#8221;][et_pb_row _builder_version=&#8221;4.27.4&#8243; _module_preset=&#8221;default&#8221; width=&#8221;91.5%&#8221; module_alignment=&#8221;center&#8221; min_height=&#8221;157.3px&#8221; custom_margin=&#8221;0px|auto|-55px|180px|false|false&#8221; custom_padding=&#8221;||0px|||&#8221; global_colors_info=&#8221;{}&#8221;][et_pb_column type=&#8221;4_4&#8243; _builder_version=&#8221;4.27.4&#8243; _module_preset=&#8221;default&#8221; global_colors_info=&#8221;{}&#8221;][et_pb_text content_tablet=&#8221;<\/p>\n<p>Quale sar\u00e0 il prezzo di ETS2?<\/p>\n<p>&#8221; content_phone=&#8221;<\/p>\n<p>Quale sar\u00e0 il prezzo di ETS2?<\/p>\n<p>&#8221; content_last_edited=&#8221;on|phone&#8221; _builder_version=&#8221;4.27.4&#8243; _module_preset=&#8221;default&#8221; text_font=&#8221;&#8211;et_global_heading_font|700|||||||&#8221; text_font_size=&#8221;50px&#8221; min_height=&#8221;124.8px&#8221; custom_padding=&#8221;||93px|||&#8221; text_line_height_tablet=&#8221;1.7em&#8221; text_line_height_phone=&#8221;1em&#8221; text_line_height_last_edited=&#8221;on|tablet&#8221; global_colors_info=&#8221;{}&#8221;]<\/p>\n<p style=\"text-align: left\">Quale sar\u00e0 il prezzo di ETS2?<\/p>\n<p>[\/et_pb_text][\/et_pb_column][\/et_pb_row][et_pb_row _builder_version=&#8221;4.27.4&#8243; _module_preset=&#8221;default&#8221; custom_margin=&#8221;||20px||false|false&#8221; global_colors_info=&#8221;{}&#8221;][et_pb_column type=&#8221;4_4&#8243; _builder_version=&#8221;4.27.4&#8243; _module_preset=&#8221;default&#8221; global_colors_info=&#8221;{}&#8221;][et_pb_video src=&#8221;https:\/\/youtu.be\/8cO0883ZLEg?si=A1Gz_gfQyFioRnrC&#8221; _builder_version=&#8221;4.27.4&#8243; _module_preset=&#8221;default&#8221; global_colors_info=&#8221;{}&#8221;][\/et_pb_video][\/et_pb_column][\/et_pb_row][et_pb_row _builder_version=&#8221;4.27.4&#8243; _module_preset=&#8221;default&#8221; global_colors_info=&#8221;{}&#8221;][et_pb_column type=&#8221;4_4&#8243; _builder_version=&#8221;4.27.4&#8243; _module_preset=&#8221;default&#8221; global_colors_info=&#8221;{}&#8221;][et_pb_blurb title=&#8221;Molti analisti prevedono molte aspettative di prezzo, evidenziando la difficolt\u00e0 di prevedere con precisione il prezzo futuro dell&#8217;ETS2, come risulta chiaro dalla tabella sottostante:<\/p>\n<p>Previsione di prezzo (\u20ac per tonn. di CO2 nel 2030) &#8221; content_max_width=&#8221;100%&#8221; admin_label=&#8221;FContent V20 &#8211; Five &#8211; Empowering businesses across industries&#8221; module_class=&#8221;fc5_blurb&#8221; _builder_version=&#8221;4.27.4&#8243; _module_preset=&#8221;default&#8221; header_level=&#8221;h1&#8243; header_font=&#8221;&#8211;et_global_heading_font|700|||||||&#8221; header_text_color=&#8221;gcid-heading-color&#8221; header_font_size=&#8221;18px&#8221; header_letter_spacing=&#8221;1px&#8221; header_line_height=&#8221;100%&#8221; body_font=&#8221;Sofia Sans||||||||&#8221; body_text_color=&#8221;gcid-heading-color&#8221; width=&#8221;100%&#8221; min_height=&#8221;810.5px&#8221; custom_margin=&#8221;||0px||false|false&#8221; custom_padding=&#8221;|||0px||&#8221; animation=&#8221;off&#8221; header_font_size_tablet=&#8221;18px&#8221; header_font_size_phone=&#8221;16px&#8221; header_font_size_last_edited=&#8221;on|phone&#8221; custom_css_blurb_title=&#8221;padding-bottom:18px;&#8221; custom_css_blurb_content=&#8221;font-weight:400;&#8221; inline_fonts=&#8221;Sofia Sans&#8221; global_colors_info=&#8221;{%22gcid-heading-color%22:%91%22header_text_color%22,%22body_text_color%22%93}&#8221; custom_css_blurb_title_last_edited=&#8221;on|phone&#8221; custom_css_blurb_title_tablet=&#8221;padding-top: 20px;||padding-bottom: 20px;&#8221; custom_css_blurb_title_phone=&#8221;padding-top: 20px;||padding-bottom: 20px;&#8221;]<\/p>\n<p>Durante il dibattito sulla creazione dell&#8217;ETS2, la necessit\u00e0 di controlli e salvaguardie sui prezzi \u00e8 stata<a style=\"color: #000000;text-decoration: underline\" href=\"https:\/\/www.peter-liese.de\/images\/Briefing_Note2_-_EU_ETS__SCF_-_provisional_agreement_20221218.pdf\"> al centro dell&#8217;attenzione.<\/a><span style=\"font-weight: 400\">. Di conseguenza, la direttiva ETS e la decisione sulla riserva dell\u2019MSR2 contengono gi\u00e0 diversi meccanismi di controllo dei prezzi per l&#8217;ETS2: <\/span><\/p>\n<ul>\n<li style=\"font-weight: 400\"><span style=\"font-weight: 400\">L&#8217;asta anticipata del 30% in pi\u00f9 di quote nei primi tre anni, successivamente detratte dalle quote future. <\/span><\/li>\n<\/ul>\n<ul>\n<li style=\"font-weight: 400\"><span style=\"font-weight: 400\">Se il prezzo medio delle quote per tre mesi consecutivi \u00e8 pi\u00f9 del doppio del prezzo medio dei sei mesi precedenti, saranno rilasciate 50 milioni di quote dall\u2019MSR2 \u2013 Articolo 30h(1). Entro il 2027\/28 la regola \u00e8 pi\u00f9 sensibile e il prezzo deve essere solo 1,5 volte superiore alla media degli ultimi sei mesi per tre mesi consecutivi per attivare il rilascio dei 50 milioni di quote. <\/span><\/li>\n<\/ul>\n<ul>\n<li style=\"font-weight: 400\"><span style=\"font-weight: 400\">Se il prezzo medio delle quote per tre mesi consecutivi \u00e8 pi\u00f9 di tre volte superiore al prezzo medio delle quote dei sei precedenti, saranno rilasciate 150 milioni di quote dall\u2019MSR2.<\/span><\/li>\n<\/ul>\n<ul>\n<li style=\"font-weight: 400\"><span style=\"font-weight: 400\">\u00c8 in vigore un tetto massimo di prezzo flessibile pari a 45 euro, adeguato all&#8217;inflazione (che dovrebbe avvicinarsi ai 60 euro entro il 2027). Se il prezzo medio delle quote supera il tetto massimo flessibile per pi\u00f9 di due mesi, vengono rilasciate ulteriori 20 milioni di quote dall\u2019MSR2. <\/span><\/li>\n<\/ul>\n<ul>\n<li style=\"font-weight: 400\">In caso di prezzi molto elevati del petrolio o del gas a met\u00e0 del 2026, l&#8217;ETS2 sar\u00e0 posticipato di un anno al 2028.<\/li>\n<\/ul>\n<ul>\n<li style=\"font-weight: 400\"><span style=\"font-weight: 400\">Infine, una clausola aggiuntiva consente alla Commissione UE di rispondere a prezzi elevati di ETS2 emanando un atto di esecuzione se un determinato volume minimo di quote venga raggiunto due volte nell&#8217;arco di 12 mesi.<\/span><\/li>\n<\/ul>\n<p><span style=\"font-weight: 400\">Questi controlli sui prezzi rimarranno in vigore fino al 2029, quando la Commissione UE dovr\u00e0 riferire sul loro funzionamento e potr\u00e0 proporre di prorogarli ed estenderli a seguito di una revisione, se necessario. Nel 2028, la Commissione dovr\u00e0 riesaminare il funzionamento di ETS2 per garantire il corretto funzionamento del mercato e la stabilit\u00e0 dei prezzi. Questa tempistica \u00e8 importante poich\u00e9 molti dei modelli che prevedono i prezzi dell&#8217;ETS2, compreso quello di BloombergNEF riportato di seguito, mostrano un aumento dei prezzi fino al 2030, che potr\u00e0 essere affrontato con questo processo di revisione nel 2028, se necessario, a seconda delle prospettive una volta che il mercato sar\u00e0 operativo.  <\/span><\/p>\n<p>[\/et_pb_blurb][et_pb_image src=&#8221;https:\/\/life-effect.org\/wp-content\/uploads\/2025\/10\/Untitled-design-1.png&#8221; title_text=&#8221;Previsione di prezzo (\u20ac per tonn. di CO2 nel 2030)&#8221; align=&#8221;center&#8221; _builder_version=&#8221;4.27.4&#8243; _module_preset=&#8221;default&#8221; width=&#8221;73%&#8221; global_colors_info=&#8221;{}&#8221;][\/et_pb_image][\/et_pb_column][\/et_pb_row][et_pb_row _builder_version=&#8221;4.27.4&#8243; _module_preset=&#8221;default&#8221; global_colors_info=&#8221;{}&#8221;][et_pb_column type=&#8221;4_4&#8243; _builder_version=&#8221;4.27.4&#8243; _module_preset=&#8221;default&#8221; global_colors_info=&#8221;{}&#8221;][et_pb_text _builder_version=&#8221;4.27.4&#8243; _module_preset=&#8221;default&#8221; text_font=&#8221;Sofia Sans||||||||&#8221; global_colors_info=&#8221;{}&#8221;]<span style=\"font-weight: 400\">Molti analisti prevedono molte aspettative di prezzo, evidenziando la difficolt\u00e0 di prevedere con precisione il prezzo futuro dell&#8217;ETS2, come risulta chiaro dalla tabella sottostante:<br \/><\/span> [\/et_pb_text][\/et_pb_column][\/et_pb_row][et_pb_row _builder_version=&#8221;4.27.4&#8243; _module_preset=&#8221;default&#8221; custom_margin=&#8221;0px||0px||true|true&#8221; global_colors_info=&#8221;{}&#8221;][et_pb_column type=&#8221;4_4&#8243; _builder_version=&#8221;4.27.4&#8243; _module_preset=&#8221;default&#8221; global_colors_info=&#8221;{}&#8221;][et_pb_image src=&#8221;https:\/\/life-effect.org\/wp-content\/uploads\/2025\/10\/Untitled-design-2.png&#8221; title_text=&#8221;2&#8243; align=&#8221;center&#8221; _builder_version=&#8221;4.27.4&#8243; _module_preset=&#8221;default&#8221; width=&#8221;35%&#8221; module_alignment=&#8221;center&#8221; global_colors_info=&#8221;{}&#8221;][\/et_pb_image][et_pb_text _builder_version=&#8221;4.27.4&#8243; _module_preset=&#8221;default&#8221; text_font=&#8221;Sofia Sans||||||||&#8221; global_colors_info=&#8221;{}&#8221;]La grande variazione dei prezzi previsti pu\u00f2 essere attribuita alla differenza nelle ipotesi sottostanti ai modelli, prevalentemente relative ai livelli di ambizione previsti per l&#8217;attuazione di misure complementari volte a rafforzare la riduzione delle emissioni al di l\u00e0 del sistema del prezzo del carbonio, come la Direttiva EPBD o le norme sulle emissioni di CO2<span style=\"font-weight: 400\"> e sulle automobili. Maggiore sar\u00e0 la riduzione delle emissioni nelle abitazioni europee e nel trasporto su strada, minore sar\u00e0 il prezzo dell&#8217;ETS2. L&#8217;attuazione di queste misure complementari \u00e8 sia fattibile che necessaria.   <\/span> Un prezzo di 45 euro per tonnellata di CO2 si traduce in 0,01 \u20ac\/kWh di riscaldamento a gas. Sebbene le preoccupazioni relative al potenziale impatto sociale di un prezzo ETS2 volatile siano valide, <span style=\"font-weight: 400\">non dovrebbero servire da giustificazione per un indebolimento prematuro dell&#8217;ETS2 o per distrarre dall&#8217;opera necessaria che gli Stati membri devono compiere per migliorare l&#8217;equit\u00e0 del sistema. Dovrebbe essere consentito il funzionamento dell&#8217;ETS2 nei suoi primi anni di vita per consentire la determinazione dei prezzi, incentivare la decarbonizzazione e raccogliere le risorse necessarie per la transizione energetica. <\/span> [\/et_pb_text][et_pb_image src=&#8221;https:\/\/life-effect.org\/wp-content\/uploads\/2025\/10\/Untitled-design-4.png&#8221; title_text=&#8221;Untitled design (4)&#8221; align=&#8221;center&#8221; _builder_version=&#8221;4.27.4&#8243; _module_preset=&#8221;default&#8221; width=&#8221;100%&#8221; module_alignment=&#8221;center&#8221; custom_padding=&#8221;30px||30px||false|false&#8221; global_colors_info=&#8221;{}&#8221;][\/et_pb_image][\/et_pb_column][\/et_pb_row][et_pb_row _builder_version=&#8221;4.27.4&#8243; _module_preset=&#8221;default&#8221; global_colors_info=&#8221;{}&#8221;][et_pb_column type=&#8221;4_4&#8243; _builder_version=&#8221;4.27.4&#8243; _module_preset=&#8221;default&#8221; global_colors_info=&#8221;{}&#8221;][et_pb_text _builder_version=&#8221;4.27.4&#8243; _module_preset=&#8221;default&#8221; inline_fonts=&#8221;Sofia Sans&#8221; global_colors_info=&#8221;{}&#8221;]<\/p>\n<p><span style=\"font-family: 'Sofia Sans';font-weight: normal\">Come evidenziato dalla figura 7<span style=\"color: #0a0a0a;text-decoration: underline\"><a style=\"color: #0a0a0a;text-decoration: underline\" href=\"https:\/\/www.transportenvironment.org\/topics\/climate-instruments\/ets-2\"> (Fonte Transport and Environment)<\/a><\/span>, la fluttuazione del prezzo dei combustibili fossili negli ultimi anni rimane di gran lunga superiore all&#8217;effetto di un prezzo ETS2 di 100 euro per tonnellata di CO2. Ci\u00f2 evidenzia che il vero pericolo e la minaccia per il costo della vita non \u00e8 il prezzo del carbonio, ma la continua dipendenza dalle fonti fossili, poich\u00e9 le aziende produttrici di combustibili fossili hanno dimostrato di essere disposte a trarne alti profitti. <\/span> <span style=\"font-family: 'Sofia Sans';font-weight: normal\">Qualsiasi tentativo di controllare il prezzo aumentando l&#8217;offerta di quote comporta un aumento delle emissioni di carbonio. Per raggiungere gli obiettivi climatici europei, qualsiasi indebolimento dell&#8217;ETS2 dovrebbe essere compensato da un aumento dell&#8217;ambizione nei settori ETS1 o nei restanti settori ESR: l&#8217;agricoltura, che rimane politicamente difficile, o i settori dell&#8217;uso del suolo, <span style=\"text-decoration: underline\"><a style=\"color: #0a0a0a;text-decoration: underline\" href=\"https:\/\/www.eea.europa.eu\/en\/newsroom\/news\/europes-land-carbon-sink-declines-but-its-potential-stays-high\">dove l&#8217;efficacia dei serbatoi di carbonio (carbon sink) \u00e8 gi\u00e0 a rischio.<\/a><\/span> <\/span> <span style=\"font-weight: normal;font-family: 'Sofia Sans'\">In definitiva, il modo pi\u00f9 efficace per gestire le dinamiche dei prezzi dell&#8217;ETS2 senza compromettere l&#8217;ambizione \u00e8 attraverso una forte attuazione di misure complementari. Riducendo le emissioni nelle abitazioni e nel trasporto stradale, queste misure abbassano la domanda di quote, il che a sua volta contribuisce a moderare il prezzo dell&#8217;ETS2 accelerando al contempo la decarbonizzazione. <\/span><\/p>\n<p><a href=\"https:\/\/life-effect.org\/wp-content\/uploads\/2025\/11\/IT-Module-3.pdf\" title=\"Scarica il capitolo\"> <span style=\"font-weight: normal;font-family: 'Sofia Sans'\"><strong>Scarica il capitolo<\/strong><\/span><\/a><\/p>\n<p>[\/et_pb_text][\/et_pb_column][\/et_pb_row][et_pb_row _builder_version=&#8221;4.27.4&#8243; _module_preset=&#8221;default&#8221; background_image=&#8221;https:\/\/life-effect.org\/wp-content\/uploads\/2025\/10\/Streetpattern-01-light-green.png&#8221; custom_margin=&#8221;40px||40px||true|false&#8221; custom_padding=&#8221;60px|40px|60px|40px|true|true&#8221; border_radii=&#8221;on|30px|30px|30px|30px&#8221; border_width_all=&#8221;4px&#8221; border_color_all=&#8221;#FFC6ED&#8221; global_colors_info=&#8221;{}&#8221;][et_pb_column type=&#8221;4_4&#8243; _builder_version=&#8221;4.27.4&#8243; _module_preset=&#8221;default&#8221; global_colors_info=&#8221;{}&#8221;][et_pb_text _builder_version=&#8221;4.27.4&#8243; _module_preset=&#8221;default&#8221; text_font=&#8221;&#8211;et_global_heading_font|700|||||||&#8221; header_font=&#8221;&#8211;et_global_heading_font|700|||||||&#8221; header_text_align=&#8221;center&#8221; header_text_color=&#8221;gcid-body-color&#8221; header_font_size=&#8221;50px&#8221; global_colors_info=&#8221;{%22gcid-body-color%22:%91%22header_text_color%22%93}&#8221;]<\/p>\n<h1>Quale sar\u00e0 il prezzo dell\u2019ETS2?<\/h1>\n<p>[\/et_pb_text][et_pb_button button_url=&#8221;https:\/\/life-effect.org\/what-will-the-ets2-price-be-quiz\/&#8221; url_new_window=&#8221;on&#8221; button_text=&#8221;Fai un quiz&#8221; button_alignment=&#8221;center&#8221; _builder_version=&#8221;4.27.4&#8243; _module_preset=&#8221;default&#8221; global_colors_info=&#8221;{}&#8221;][\/et_pb_button][\/et_pb_column][\/et_pb_row][et_pb_row column_structure=&#8221;1_2,1_2&#8243; _builder_version=&#8221;4.27.4&#8243; _module_preset=&#8221;default&#8221; global_colors_info=&#8221;{}&#8221;][et_pb_column type=&#8221;1_2&#8243; _builder_version=&#8221;4.27.4&#8243; _module_preset=&#8221;default&#8221; global_colors_info=&#8221;{}&#8221;][et_pb_button button_url=&#8221;https:\/\/life-effect.org\/it\/considerazioni-sulla-spesa-delle-entrate-ets2\/&#8221; button_text=&#8221; Spesa delle entrate ETS2&#8243; button_alignment=&#8221;left&#8221; _builder_version=&#8221;4.27.4&#8243; _module_preset=&#8221;default&#8221; button_text_color=&#8221;gcid-heading-color&#8221; button_bg_color=&#8221;RGBA(255,255,255,0)&#8221; button_bg_enable_image=&#8221;off&#8221; global_colors_info=&#8221;{%22gcid-heading-color%22:%91%22button_text_color%22%93}&#8221;][\/et_pb_button][\/et_pb_column][et_pb_column type=&#8221;1_2&#8243; _builder_version=&#8221;4.27.4&#8243; _module_preset=&#8221;default&#8221; global_colors_info=&#8221;{}&#8221;][et_pb_button button_url=&#8221;https:\/\/life-effect.org\/it\/ruolo-delle-misure-complementari\/&#8221; button_text=&#8221;Ruolo delle misure complementari&#8221; _builder_version=&#8221;4.27.4&#8243; _module_preset=&#8221;default&#8221; button_text_color=&#8221;gcid-heading-color&#8221; button_bg_color=&#8221;RGBA(255,255,255,0)&#8221; button_bg_enable_image=&#8221;off&#8221; global_colors_info=&#8221;{%22gcid-heading-color%22:%91%22button_text_color%22%93}&#8221;][\/et_pb_button][\/et_pb_column][\/et_pb_row][\/et_pb_section]<\/p>\n","protected":false},"excerpt":{"rendered":"<p>Quale sar\u00e0 il prezzo di ETS2?Durante il dibattito sulla creazione dell&#8217;ETS2, la necessit\u00e0 di controlli e salvaguardie sui prezzi \u00e8 stata al centro dell&#8217;attenzione.. Di conseguenza, la direttiva ETS e la decisione sulla riserva dell\u2019MSR2 contengono gi\u00e0 diversi meccanismi di controllo dei prezzi per l&#8217;ETS2: L&#8217;asta anticipata del 30% in pi\u00f9 di quote nei primi [&hellip;]<\/p>\n","protected":false},"author":20,"featured_media":0,"parent":0,"menu_order":0,"comment_status":"closed","ping_status":"closed","template":"","meta":{"_acf_changed":false,"_et_pb_use_builder":"on","_et_pb_old_content":"","_et_gb_content_width":"","_monsterinsights_skip_tracking":false,"_monsterinsights_sitenote_active":false,"_monsterinsights_sitenote_note":"","_monsterinsights_sitenote_category":0,"footnotes":""},"class_list":["post-407476","page","type-page","status-publish","hentry"],"acf":[],"yoast_head":"<!-- This site is optimized with the Yoast SEO plugin v27.5 - https:\/\/yoast.com\/product\/yoast-seo-wordpress\/ -->\n<title>Quale sar\u00e0 il prezzo dell\u2019ETS2? - LIFE Effect<\/title>\n<meta name=\"robots\" content=\"index, follow, max-snippet:-1, max-image-preview:large, max-video-preview:-1\" \/>\n<link rel=\"canonical\" href=\"https:\/\/life-effect.org\/it\/quale-sara-il-prezzo-dellets2\/\" \/>\n<meta property=\"og:locale\" content=\"it_IT\" \/>\n<meta property=\"og:type\" content=\"article\" \/>\n<meta property=\"og:title\" content=\"Quale sar\u00e0 il prezzo dell\u2019ETS2? - LIFE Effect\" \/>\n<meta property=\"og:description\" content=\"Quale sar\u00e0 il prezzo di ETS2?Durante il dibattito sulla creazione dell&#039;ETS2, la necessit\u00e0 di controlli e salvaguardie sui prezzi \u00e8 stata al centro dell&#039;attenzione.. Di conseguenza, la direttiva ETS e la decisione sulla riserva dell\u2019MSR2 contengono gi\u00e0 diversi meccanismi di controllo dei prezzi per l&#039;ETS2: L&#039;asta anticipata del 30% in pi\u00f9 di quote nei primi [&hellip;]\" \/>\n<meta property=\"og:url\" content=\"https:\/\/life-effect.org\/it\/quale-sara-il-prezzo-dellets2\/\" \/>\n<meta property=\"og:site_name\" content=\"LIFE Effect\" \/>\n<meta property=\"article:modified_time\" content=\"2025-11-27T14:58:15+00:00\" \/>\n<meta name=\"twitter:card\" content=\"summary_large_image\" \/>\n<meta name=\"twitter:label1\" content=\"Tempo di lettura stimato\" \/>\n\t<meta name=\"twitter:data1\" content=\"9 minuti\" \/>\n<script type=\"application\/ld+json\" class=\"yoast-schema-graph\">{\"@context\":\"https:\\\/\\\/schema.org\",\"@graph\":[{\"@type\":\"WebPage\",\"@id\":\"https:\\\/\\\/life-effect.org\\\/it\\\/quale-sara-il-prezzo-dellets2\\\/\",\"url\":\"https:\\\/\\\/life-effect.org\\\/it\\\/quale-sara-il-prezzo-dellets2\\\/\",\"name\":\"Quale sar\u00e0 il prezzo dell\u2019ETS2? - LIFE Effect\",\"isPartOf\":{\"@id\":\"https:\\\/\\\/life-effect.org\\\/it\\\/#website\"},\"datePublished\":\"2025-11-13T09:41:37+00:00\",\"dateModified\":\"2025-11-27T14:58:15+00:00\",\"breadcrumb\":{\"@id\":\"https:\\\/\\\/life-effect.org\\\/it\\\/quale-sara-il-prezzo-dellets2\\\/#breadcrumb\"},\"inLanguage\":\"it-IT\",\"potentialAction\":[{\"@type\":\"ReadAction\",\"target\":[\"https:\\\/\\\/life-effect.org\\\/it\\\/quale-sara-il-prezzo-dellets2\\\/\"]}]},{\"@type\":\"BreadcrumbList\",\"@id\":\"https:\\\/\\\/life-effect.org\\\/it\\\/quale-sara-il-prezzo-dellets2\\\/#breadcrumb\",\"itemListElement\":[{\"@type\":\"ListItem\",\"position\":1,\"name\":\"Home\",\"item\":\"https:\\\/\\\/life-effect.org\\\/it\\\/\"},{\"@type\":\"ListItem\",\"position\":2,\"name\":\"Quale sar\u00e0 il prezzo dell\u2019ETS2?\"}]},{\"@type\":\"WebSite\",\"@id\":\"https:\\\/\\\/life-effect.org\\\/it\\\/#website\",\"url\":\"https:\\\/\\\/life-effect.org\\\/it\\\/\",\"name\":\"LIFE Effect\",\"description\":\"For carbon pricing that puts people and planet first\",\"potentialAction\":[{\"@type\":\"SearchAction\",\"target\":{\"@type\":\"EntryPoint\",\"urlTemplate\":\"https:\\\/\\\/life-effect.org\\\/it\\\/?s={search_term_string}\"},\"query-input\":{\"@type\":\"PropertyValueSpecification\",\"valueRequired\":true,\"valueName\":\"search_term_string\"}}],\"inLanguage\":\"it-IT\"}]}<\/script>\n<!-- \/ Yoast SEO plugin. -->","yoast_head_json":{"title":"Quale sar\u00e0 il prezzo dell\u2019ETS2? - LIFE Effect","robots":{"index":"index","follow":"follow","max-snippet":"max-snippet:-1","max-image-preview":"max-image-preview:large","max-video-preview":"max-video-preview:-1"},"canonical":"https:\/\/life-effect.org\/it\/quale-sara-il-prezzo-dellets2\/","og_locale":"it_IT","og_type":"article","og_title":"Quale sar\u00e0 il prezzo dell\u2019ETS2? - LIFE Effect","og_description":"Quale sar\u00e0 il prezzo di ETS2?Durante il dibattito sulla creazione dell'ETS2, la necessit\u00e0 di controlli e salvaguardie sui prezzi \u00e8 stata al centro dell'attenzione.. Di conseguenza, la direttiva ETS e la decisione sulla riserva dell\u2019MSR2 contengono gi\u00e0 diversi meccanismi di controllo dei prezzi per l'ETS2: L'asta anticipata del 30% in pi\u00f9 di quote nei primi [&hellip;]","og_url":"https:\/\/life-effect.org\/it\/quale-sara-il-prezzo-dellets2\/","og_site_name":"LIFE Effect","article_modified_time":"2025-11-27T14:58:15+00:00","twitter_card":"summary_large_image","twitter_misc":{"Tempo di lettura stimato":"9 minuti"},"schema":{"@context":"https:\/\/schema.org","@graph":[{"@type":"WebPage","@id":"https:\/\/life-effect.org\/it\/quale-sara-il-prezzo-dellets2\/","url":"https:\/\/life-effect.org\/it\/quale-sara-il-prezzo-dellets2\/","name":"Quale sar\u00e0 il prezzo dell\u2019ETS2? - LIFE Effect","isPartOf":{"@id":"https:\/\/life-effect.org\/it\/#website"},"datePublished":"2025-11-13T09:41:37+00:00","dateModified":"2025-11-27T14:58:15+00:00","breadcrumb":{"@id":"https:\/\/life-effect.org\/it\/quale-sara-il-prezzo-dellets2\/#breadcrumb"},"inLanguage":"it-IT","potentialAction":[{"@type":"ReadAction","target":["https:\/\/life-effect.org\/it\/quale-sara-il-prezzo-dellets2\/"]}]},{"@type":"BreadcrumbList","@id":"https:\/\/life-effect.org\/it\/quale-sara-il-prezzo-dellets2\/#breadcrumb","itemListElement":[{"@type":"ListItem","position":1,"name":"Home","item":"https:\/\/life-effect.org\/it\/"},{"@type":"ListItem","position":2,"name":"Quale sar\u00e0 il prezzo dell\u2019ETS2?"}]},{"@type":"WebSite","@id":"https:\/\/life-effect.org\/it\/#website","url":"https:\/\/life-effect.org\/it\/","name":"LIFE Effect","description":"For carbon pricing that puts people and planet first","potentialAction":[{"@type":"SearchAction","target":{"@type":"EntryPoint","urlTemplate":"https:\/\/life-effect.org\/it\/?s={search_term_string}"},"query-input":{"@type":"PropertyValueSpecification","valueRequired":true,"valueName":"search_term_string"}}],"inLanguage":"it-IT"}]}},"_links":{"self":[{"href":"https:\/\/life-effect.org\/it\/wp-json\/wp\/v2\/pages\/407476","targetHints":{"allow":["GET"]}}],"collection":[{"href":"https:\/\/life-effect.org\/it\/wp-json\/wp\/v2\/pages"}],"about":[{"href":"https:\/\/life-effect.org\/it\/wp-json\/wp\/v2\/types\/page"}],"author":[{"embeddable":true,"href":"https:\/\/life-effect.org\/it\/wp-json\/wp\/v2\/users\/20"}],"replies":[{"embeddable":true,"href":"https:\/\/life-effect.org\/it\/wp-json\/wp\/v2\/comments?post=407476"}],"version-history":[{"count":5,"href":"https:\/\/life-effect.org\/it\/wp-json\/wp\/v2\/pages\/407476\/revisions"}],"predecessor-version":[{"id":408220,"href":"https:\/\/life-effect.org\/it\/wp-json\/wp\/v2\/pages\/407476\/revisions\/408220"}],"wp:attachment":[{"href":"https:\/\/life-effect.org\/it\/wp-json\/wp\/v2\/media?parent=407476"}],"curies":[{"name":"wp","href":"https:\/\/api.w.org\/{rel}","templated":true}]}}