{"id":407480,"date":"2025-11-13T10:35:11","date_gmt":"2025-11-13T09:35:11","guid":{"rendered":"https:\/\/life-effect.org\/fondo-sociale-clima\/"},"modified":"2025-11-27T15:01:41","modified_gmt":"2025-11-27T14:01:41","slug":"fondo-sociale-clima","status":"publish","type":"page","link":"https:\/\/life-effect.org\/it\/fondo-sociale-clima\/","title":{"rendered":"Fondo Sociale Clima"},"content":{"rendered":"<p>[et_pb_section fb_built=&#8221;1&#8243; _builder_version=&#8221;4.27.4&#8243; _module_preset=&#8221;default&#8221; background_color=&#8221;#F0EFEE&#8221; background_image=&#8221;https:\/\/life-effect.org\/wp-content\/uploads\/2025\/10\/Life-effect-background-02-sky.png&#8221; background_position=&#8221;top_left&#8221; min_height=&#8221;2598.4px&#8221; custom_padding=&#8221;163px|||0px||&#8221; global_colors_info=&#8221;{}&#8221;][et_pb_row _builder_version=&#8221;4.27.4&#8243; _module_preset=&#8221;default&#8221; width=&#8221;91.5%&#8221; module_alignment=&#8221;center&#8221; min_height=&#8221;157.3px&#8221; custom_margin=&#8221;0px|auto|-55px|180px|false|false&#8221; custom_padding=&#8221;||0px|||&#8221; global_colors_info=&#8221;{}&#8221;][et_pb_column type=&#8221;4_4&#8243; _builder_version=&#8221;4.27.4&#8243; _module_preset=&#8221;default&#8221; global_colors_info=&#8221;{}&#8221;][et_pb_text content_tablet=&#8221;<\/p>\n<p>Fondo Sociale Clima<\/p>\n<p>&#8221; content_phone=&#8221;<\/p>\n<p>Fondo\u00a0Sociale Clima\u00a0<\/p>\n<p>&#8221; content_last_edited=&#8221;on|phone&#8221; _builder_version=&#8221;4.27.4&#8243; _module_preset=&#8221;default&#8221; text_font=&#8221;&#8211;et_global_heading_font|700|||||||&#8221; text_font_size=&#8221;50px&#8221; min_height=&#8221;124.8px&#8221; custom_padding=&#8221;||93px|||&#8221; text_line_height_tablet=&#8221;1.7em&#8221; text_line_height_phone=&#8221;1em&#8221; text_line_height_last_edited=&#8221;on|tablet&#8221; global_colors_info=&#8221;{}&#8221;]<\/p>\n<p style=\"text-align: left\">Fondo Sociale Clima<\/p>\n<p>[\/et_pb_text][\/et_pb_column][\/et_pb_row][et_pb_row _builder_version=&#8221;4.27.4&#8243; _module_preset=&#8221;default&#8221; custom_margin=&#8221;||20px||false|false&#8221; global_colors_info=&#8221;{}&#8221;][et_pb_column type=&#8221;4_4&#8243; _builder_version=&#8221;4.27.4&#8243; _module_preset=&#8221;default&#8221; global_colors_info=&#8221;{}&#8221;][et_pb_video src=&#8221;https:\/\/youtu.be\/i58MmFMOj0M?si=_qj-URzwg2NaLQMg&#8221; _builder_version=&#8221;4.27.4&#8243; _module_preset=&#8221;default&#8221; global_colors_info=&#8221;{}&#8221;][\/et_pb_video][\/et_pb_column][\/et_pb_row][et_pb_row _builder_version=&#8221;4.27.4&#8243; _module_preset=&#8221;default&#8221; custom_padding=&#8221;||0px|||&#8221; global_colors_info=&#8221;{}&#8221;][et_pb_column type=&#8221;4_4&#8243; _builder_version=&#8221;4.27.4&#8243; _module_preset=&#8221;default&#8221; global_colors_info=&#8221;{}&#8221;][et_pb_blurb content_max_width=&#8221;100%&#8221; admin_label=&#8221;FContent V20 &#8211; Five &#8211; Empowering businesses across industries&#8221; module_class=&#8221;fc5_blurb&#8221; _builder_version=&#8221;4.27.4&#8243; _module_preset=&#8221;default&#8221; header_font=&#8221;Sofia Sans|600|||||||&#8221; header_text_color=&#8221;#FFFFFF&#8221; header_font_size=&#8221;18px&#8221; header_line_height=&#8221;100%&#8221; body_font=&#8221;Sofia Sans||||||||&#8221; body_text_color=&#8221;gcid-heading-color&#8221; width=&#8221;100%&#8221; min_height=&#8221;464.5px&#8221; custom_margin=&#8221;||-395px||false|false&#8221; custom_padding=&#8221;||0px|0px|false|false&#8221; animation=&#8221;off&#8221; header_font_size_tablet=&#8221;18px&#8221; header_font_size_phone=&#8221;16px&#8221; header_font_size_last_edited=&#8221;on|phone&#8221; custom_css_blurb_title=&#8221;padding-bottom:18px;&#8221; custom_css_blurb_content=&#8221;font-weight:400;&#8221; inline_fonts=&#8221;Sofia Sans&#8221; global_colors_info=&#8221;{%22gcid-heading-color%22:%91%22body_text_color%22%93}&#8221; custom_css_blurb_title_last_edited=&#8221;on|phone&#8221; custom_css_blurb_title_tablet=&#8221;padding-top: 20px;||padding-bottom: 20px;&#8221; custom_css_blurb_title_phone=&#8221;padding-top: 20px;||padding-bottom: 20px;&#8221;]<\/p>\n<p><a href=\"https:\/\/life-effect.org\/wp-content\/uploads\/2025\/11\/IT-Module-2.pdf\" title=\"Scarica il capitolo \"><strong>Scarica il capitolo <\/strong><\/a><\/p>\n<p>[\/et_pb_blurb][\/et_pb_column][\/et_pb_row][et_pb_row _builder_version=&#8221;4.27.4&#8243; _module_preset=&#8221;default&#8221; custom_margin=&#8221;0px||0px||true|true&#8221; global_colors_info=&#8221;{}&#8221;][et_pb_column type=&#8221;4_4&#8243; _builder_version=&#8221;4.27.4&#8243; _module_preset=&#8221;default&#8221; global_colors_info=&#8221;{}&#8221;][et_pb_accordion open_toggle_text_color=&#8221;gcid-heading-color&#8221; open_toggle_background_color=&#8221;#B7DA9D&#8221; closed_toggle_background_color=&#8221;#B7DA9D&#8221; toggle_icon=&#8221;&#xe050;||divi||400&#8243; icon_color=&#8221;gcid-heading-color&#8221; use_icon_font_size=&#8221;on&#8221; icon_font_size=&#8221;32px&#8221; _builder_version=&#8221;4.27.4&#8243; _module_preset=&#8221;default&#8221; toggle_text_color=&#8221;gcid-heading-color&#8221; toggle_level=&#8221;h1&#8243; toggle_font_size=&#8221;30px&#8221; toggle_letter_spacing=&#8221;0.5px&#8221; closed_toggle_font_size=&#8221;30px&#8221; body_font=&#8221;Sofia Sans||||||||&#8221; border_radii=&#8221;on|20px|20px|20px|20px&#8221; border_width_all=&#8221;3px&#8221; border_color_all=&#8221;gcid-heading-color&#8221; global_colors_info=&#8221;{%22gcid-heading-color%22:%91%22open_toggle_text_color%22,%22toggle_text_color%22,%22border_color_all%22,%22icon_color%22%93}&#8221;][et_pb_accordion_item title=&#8221;Finanziamento del Fondo Sociale Clima &#8221; _builder_version=&#8221;4.27.4&#8243; _module_preset=&#8221;default&#8221; global_colors_info=&#8221;{}&#8221; toggle_level=&#8221;h1&#8243; toggle_font=&#8221;|700|||||||&#8221; open=&#8221;on&#8221;]<span style=\"font-weight: 400\">A seguito dell&#8217;aumento dei costi del carburante e dei trasporti causato dall&#8217;ETS2, \u00e8 stato creato il FSC, come risposta agli impatto socioeconomico negativo causati dall&#8217;ETS2 sulle famiglie vulnerabili. Il FSC \u00e8 il primo fondo UE sviluppato con l&#8217;obiettivo esplicito di alleviare la potenziale povert\u00e0 energetica e dei trasporti derivante dalla transizione dalle fonti fossili. Dal 2026 al 2032, il fondo erogher\u00e0 65 miliardi di euro in aiuti mirati a tutti gli Stati membri. Poich\u00e9 il FSC inizier\u00e0 a erogare i fondi a partire dal 2026, un anno prima dell&#8217;entrata in vigore dell&#8217;ETS2, il FSC sar\u00e0 finanziato da 50 milioni di quote di ETS1 e 150 milioni di ETS2, fino al raggiungimento del limite massimo di 65 miliardi di euro. Il 25% del finanziamento dei progetti nell&#8217;ambito dei Piani Sociali Clima deve provenire dagli Stati membri, portando il finanziamento disponibile per il FSC a un totale di 86,7 miliardi di euro. Gli Stati membri sono liberi di cofinanziare i piani utilizzando le entrate dell&#8217;ETS2 e di aumentare il tasso di cofinanziamento oltre il 25%.      <\/span><br \/>\n[\/et_pb_accordion_item][et_pb_accordion_item title=&#8221;Assegnazione del FSC&#8221; _builder_version=&#8221;4.27.4&#8243; _module_preset=&#8221;default&#8221; global_colors_info=&#8221;{}&#8221; toggle_level=&#8221;h1&#8243; toggle_font=&#8221;|700|||||||&#8221; open=&#8221;off&#8221;]Ciascuno Stato membro riceve un&#8217;assegnazione del FSC basata su una valutazione delle necessit\u00e0 che tiene conto della percentuale della popolazione a rischio di povert\u00e0 nelle zone rurali, delle emissioni di CO2<span style=\"font-weight: 400\"> prodotte dal combustibile utilizzato nelle abitazioni, delle case a rischio di povert\u00e0 con arretrati nelle bollette, della popolazione totale e del RNL pro capite. Di conseguenza, Polonia (17,6% del bilancio del FSC), Francia (11,2%), Italia (10,8%), Spagna (10,5%) e Romania (9,3%) riceveranno i finanziamenti pi\u00f9 consistenti. Il Fondo di solidariet\u00e0 per le zone rurali prevede un meccanismo di solidariet\u00e0 integrato, in quanto gli Stati membri con maggiori necessit\u00e0 riceveranno finanziamenti proporzionalmente pi\u00f9 elevati rispetto al prezzo ETS2 che pagano. Ad esempio, la Bulgaria \u00e8 un beneficiario netto del fondo, ricevendo una quota di finanziamenti maggiore rispetto alla sua quota di emissioni.   <\/span><br \/>\n[\/et_pb_accordion_item][et_pb_accordion_item title=&#8221;Spesa del FSC&#8221; _builder_version=&#8221;4.27.4&#8243; _module_preset=&#8221;default&#8221; global_colors_info=&#8221;{}&#8221; toggle_level=&#8221;h1&#8243; toggle_font=&#8221;|700|||||||&#8221; open=&#8221;off&#8221;]<span style=\"font-weight: 400\">Il FSC pu\u00f2 essere speso in investimenti per aumentare la convenienza economica e l&#8217;accessibilit\u00e0 alle riduzioni di emissioni. Gli investimenti verdi possono includere ristrutturazioni per il risparmio energetico, la decarbonizzazione dei sistemi di riscaldamento e raffreddamento, veicoli a zero emissioni di carbonio e la partecipazione a comunit\u00e0 energetiche. Gli Stati membri possono elaborare incentivi fiscali o sostegno finanziario per migliorare l&#8217;accessibilit\u00e0 economica dei veicoli a emissioni zero e delle biciclette o per modernizzare le infrastrutture. Il regolamento FSC menziona specificamente lo sviluppo di un mercato di veicoli usati a emissioni zero, incentivando l&#8217;uso di trasporti pubblici accessibili ed economici e sostenendo gli enti pubblici e privati nella fornitura di mobilit\u00e0 sostenibile su richiesta, servizi di mobilit\u00e0 condivisa e opzioni di mobilit\u00e0 attiva.<br \/>   <\/span><\/p>\n<p><span style=\"font-weight: 400\">Una quota limitata, fino al 37,5 % del Fondo, pu\u00f2 essere spesa per il sostegno temporaneo diretto al reddito, poich\u00e9 molti investimenti, come ristrutturare un&#8217;abitazione o migliorare una linea di trasporto pubblico, possono richiedere diversi anni. Durante questo periodo, le famiglie vulnerabili che dipendono dal sostegno pubblico per tali investimenti sono esposte al carbon pricing e potrebbero aver bisogno di un sostegno finanziario.<br \/> <\/span><\/p>\n<p><span style=\"font-weight: 400\">Un ulteriore 2,5% \u00e8 disponibile per intraprendere consultazioni pubbliche, attivit\u00e0 di comunicazione, condurre studi o fornire assistenza tecnica e sviluppo di capacit\u00e0 agli organismi di attuazione. Questa categoria pu\u00f2 coprire la formazione per garantire la corretta gestione del fondo e il raggiungimento dei suoi obiettivi o la creazione di &#8220;sportelli unici&#8221; per aiutare i cittadini a superare le difficolt\u00e0 nel beneficiare dei programmi governativi relativi alla ristrutturazione delle abitazioni. <\/span><br \/>\n[\/et_pb_accordion_item][et_pb_accordion_item title=&#8221;Processo del Piano Sociale Clima&#8221; open=&#8221;off&#8221; _builder_version=&#8221;4.27.4&#8243; _module_preset=&#8221;default&#8221; global_colors_info=&#8221;{}&#8221; toggle_level=&#8221;h1&#8243; toggle_font=&#8221;|700|||||||&#8221;]<span style=\"font-weight: 400\">Gli Stati membri possono accedere al FSC presentando i Piani Sociali Clima (PSC) nazionali, che dovevano essere presentati entro giugno 2025, termine rispettato solo dalla Svezia. I PSC devono essere approvati dalla Commissione, dopo un processo di consultazione obbligatorio con le autorit\u00e0 locali e regionali, i rappresentanti delle parti economiche e sociali, la societ\u00e0 civile e le organizzazioni giovanili, nonch\u00e9 altre parti interessate. Una volta presentati, la Commissione ha due mesi di tempo per richiedere ulteriori informazioni o formulare osservazioni, dopodich\u00e9 lo Stato membro pu\u00f2 rivedere il piano, se necessario. I piani sono valutati in base alla loro pertinenza, efficacia, efficienza e coerenza. La decisione finale viene presa entro cinque mesi dalla presentazione.<br \/>     <\/span><\/p>\n<p><span style=\"font-weight: 400\">Una valutazione positiva porta a un atto della Commissione che delinea tutte le informazioni relative all&#8217;attuazione del PSC, compresa la dotazione finanziaria massima e il contributo nazionale. L&#8217;erogazione dei fondi \u00e8 subordinata al raggiungimento delle tappe fondamentali e degli obiettivi delineati nel piano. Gli Stati membri possono richiedere i pagamenti due volte all&#8217;anno, con i primi pagamenti a partire dal 2026. Gli Stati membri sono tenuti a modificare i loro PSC se questi non sono pi\u00f9 realizzabili o richiedono adeguamenti significativi. La Commissione pu\u00f2 respingere il piano modificato dopo aver dato allo Stato membro la possibilit\u00e0 di riferire le proprie conclusioni e fornire spiegazioni in merito alle discrepanze.    <\/span><\/p>\n<p><span style=\"font-weight: 400\">Il PSC di ciascuno Stato membro deve includere: <\/span><\/p>\n<ul>\n<li><span style=\"font-weight: 400\"> Una stima degli effetti previsti dell&#8217;aumento dei prezzi derivante dall&#8217;introduzione dell&#8217;ETS2, in particolare in relazione alla povert\u00e0 energetica e dei trasporti.<\/span><\/li>\n<\/ul>\n<p>&nbsp;<\/p>\n<ul>\n<li><span style=\"font-weight: 400\"> Il numero stimato e l&#8217;identificazione delle famiglie vulnerabili, delle microimprese e degli utenti dei trasporti (sia pubblici che privati).<\/span><\/li>\n<\/ul>\n<p>&nbsp;<\/p>\n<ul>\n<li><span style=\"font-weight: 400\"> Politiche concrete e investimenti previsti per ridurre gli effetti negativi dell&#8217;aumento dei prezzi su questi gruppi target, compresi il sostegno temporaneo al reddito e misure di decarbonizzazione a lungo termine.<\/span><\/li>\n<\/ul>\n<p>&nbsp;<\/p>\n<ul>\n<li><span style=\"font-weight: 400\"> Tappe, obiettivi e indicatori per monitorare attuazione e completamento entro la met\u00e0 del 2032. <\/span><\/li>\n<\/ul>\n<p>&nbsp;<\/p>\n<ul>\n<li><span style=\"font-weight: 400\"> Costi del piano e spiegazione di come viene garantita l&#8217;efficienza dei costi. <\/span><\/li>\n<\/ul>\n<p>&nbsp;<\/p>\n<ul>\n<li><span style=\"font-weight: 400\"> Spiegazione di come il piano soddisfi il principio del do not significant harm (DNSH). <\/span><\/li>\n<\/ul>\n<p>&nbsp;<\/p>\n<ul>\n<li><span style=\"font-weight: 400\"> Informazioni dettagliate sui processi di consultazione pubblica utilizzati per elaborare il piano. \u00c8 necessario avviare una consultazione pubblica con le autorit\u00e0 locali e regionali, i rappresentanti delle parti economiche e sociali, le organizzazioni della societ\u00e0 civile interessate, le organizzazioni giovanili e altre parti interessate. Il piano stesso deve contenere una sintesi di tali consultazioni, che sar\u00e0 presa in considerazione nella valutazione della Commissione.  <\/span><\/li>\n<\/ul>\n<p>&nbsp;<br \/>\n[\/et_pb_accordion_item][\/et_pb_accordion][\/et_pb_column][\/et_pb_row][et_pb_row _builder_version=&#8221;4.27.4&#8243; _module_preset=&#8221;default&#8221; background_image=&#8221;https:\/\/life-effect.org\/wp-content\/uploads\/2025\/10\/Streetpattern-01-light-green.png&#8221; custom_margin=&#8221;40px||40px||true|false&#8221; custom_padding=&#8221;60px|40px|60px|40px|true|true&#8221; border_radii=&#8221;on|30px|30px|30px|30px&#8221; border_width_all=&#8221;4px&#8221; border_color_all=&#8221;#FFC6ED&#8221; global_colors_info=&#8221;{}&#8221;][et_pb_column type=&#8221;4_4&#8243; _builder_version=&#8221;4.27.4&#8243; _module_preset=&#8221;default&#8221; global_colors_info=&#8221;{}&#8221;][et_pb_text _builder_version=&#8221;4.27.4&#8243; _module_preset=&#8221;default&#8221; text_font=&#8221;&#8211;et_global_heading_font|700|||||||&#8221; header_font=&#8221;&#8211;et_global_heading_font|700|||||||&#8221; header_text_align=&#8221;center&#8221; header_text_color=&#8221;gcid-body-color&#8221; header_font_size=&#8221;50px&#8221; global_colors_info=&#8221;{%22gcid-body-color%22:%91%22header_text_color%22%93}&#8221;]<\/p>\n<h1><span>Fondo Sociale Clima<\/span><\/h1>\n<p>[\/et_pb_text][et_pb_button button_url=&#8221;https:\/\/life-effect.org\/social-climate-fund-quiz\/&#8221; url_new_window=&#8221;on&#8221; button_text=&#8221;Fai un quiz&#8221; button_alignment=&#8221;center&#8221; _builder_version=&#8221;4.27.4&#8243; _module_preset=&#8221;default&#8221; global_colors_info=&#8221;{}&#8221;][\/et_pb_button][\/et_pb_column][\/et_pb_row][et_pb_row column_structure=&#8221;1_2,1_2&#8243; _builder_version=&#8221;4.27.4&#8243; _module_preset=&#8221;default&#8221; global_colors_info=&#8221;{}&#8221;][et_pb_column type=&#8221;1_2&#8243; _builder_version=&#8221;4.27.4&#8243; _module_preset=&#8221;default&#8221; global_colors_info=&#8221;{}&#8221;][et_pb_button button_url=&#8221;https:\/\/life-effect.org\/it\/che-cose-lets2-come-funziona-lets2\/&#8221; button_text=&#8221;Che cos&#8217;\u00e8 ETS2 e come funziona?&#8221; button_alignment=&#8221;left&#8221; _builder_version=&#8221;4.27.4&#8243; _module_preset=&#8221;default&#8221; button_text_color=&#8221;gcid-heading-color&#8221; button_bg_color=&#8221;RGBA(255,255,255,0)&#8221; button_bg_enable_image=&#8221;off&#8221; global_colors_info=&#8221;{%22gcid-heading-color%22:%91%22button_text_color%22%93}&#8221;][\/et_pb_button][\/et_pb_column][et_pb_column type=&#8221;1_2&#8243; _builder_version=&#8221;4.27.4&#8243; _module_preset=&#8221;default&#8221; global_colors_info=&#8221;{}&#8221;][et_pb_button button_url=&#8221;https:\/\/life-effect.org\/it\/considerazioni-sulla-spesa-delle-entrate-ets2\/&#8221; button_text=&#8221; Spesa delle entrate ETS2&#8243; _builder_version=&#8221;4.27.4&#8243; _module_preset=&#8221;default&#8221; button_text_color=&#8221;gcid-heading-color&#8221; button_bg_color=&#8221;RGBA(255,255,255,0)&#8221; button_bg_enable_image=&#8221;off&#8221; global_colors_info=&#8221;{%22gcid-heading-color%22:%91%22button_text_color%22%93}&#8221;][\/et_pb_button][\/et_pb_column][\/et_pb_row][\/et_pb_section]<\/p>\n","protected":false},"excerpt":{"rendered":"<p>Fondo Sociale ClimaScarica il capitolo A seguito dell&#8217;aumento dei costi del carburante e dei trasporti causato dall&#8217;ETS2, \u00e8 stato creato il FSC, come risposta agli impatto socioeconomico negativo causati dall&#8217;ETS2 sulle famiglie vulnerabili. Il FSC \u00e8 il primo fondo UE sviluppato con l&#8217;obiettivo esplicito di alleviare la potenziale povert\u00e0 energetica e dei trasporti derivante dalla [&hellip;]<\/p>\n","protected":false},"author":20,"featured_media":0,"parent":0,"menu_order":0,"comment_status":"closed","ping_status":"closed","template":"","meta":{"_acf_changed":false,"_et_pb_use_builder":"on","_et_pb_old_content":"","_et_gb_content_width":"","_monsterinsights_skip_tracking":false,"_monsterinsights_sitenote_active":false,"_monsterinsights_sitenote_note":"","_monsterinsights_sitenote_category":0,"footnotes":""},"class_list":["post-407480","page","type-page","status-publish","hentry"],"acf":[],"yoast_head":"<!-- This site is optimized with the Yoast SEO plugin v27.5 - https:\/\/yoast.com\/product\/yoast-seo-wordpress\/ -->\n<title>Fondo Sociale Clima - LIFE Effect<\/title>\n<meta name=\"robots\" content=\"index, follow, max-snippet:-1, max-image-preview:large, max-video-preview:-1\" \/>\n<link rel=\"canonical\" href=\"https:\/\/life-effect.org\/it\/fondo-sociale-clima\/\" \/>\n<meta property=\"og:locale\" content=\"it_IT\" \/>\n<meta property=\"og:type\" content=\"article\" \/>\n<meta property=\"og:title\" content=\"Fondo Sociale Clima - LIFE Effect\" \/>\n<meta property=\"og:description\" content=\"Fondo Sociale ClimaScarica il capitolo A seguito dell&#039;aumento dei costi del carburante e dei trasporti causato dall&#039;ETS2, \u00e8 stato creato il FSC, come risposta agli impatto socioeconomico negativo causati dall&#039;ETS2 sulle famiglie vulnerabili. Il FSC \u00e8 il primo fondo UE sviluppato con l&#039;obiettivo esplicito di alleviare la potenziale povert\u00e0 energetica e dei trasporti derivante dalla [&hellip;]\" \/>\n<meta property=\"og:url\" content=\"https:\/\/life-effect.org\/it\/fondo-sociale-clima\/\" \/>\n<meta property=\"og:site_name\" content=\"LIFE Effect\" \/>\n<meta property=\"article:modified_time\" content=\"2025-11-27T14:01:41+00:00\" \/>\n<meta name=\"twitter:card\" content=\"summary_large_image\" \/>\n<meta name=\"twitter:label1\" content=\"Tempo di lettura stimato\" \/>\n\t<meta name=\"twitter:data1\" content=\"9 minuti\" \/>\n<script type=\"application\/ld+json\" class=\"yoast-schema-graph\">{\"@context\":\"https:\\\/\\\/schema.org\",\"@graph\":[{\"@type\":\"WebPage\",\"@id\":\"https:\\\/\\\/life-effect.org\\\/it\\\/fondo-sociale-clima\\\/\",\"url\":\"https:\\\/\\\/life-effect.org\\\/it\\\/fondo-sociale-clima\\\/\",\"name\":\"Fondo Sociale Clima - LIFE Effect\",\"isPartOf\":{\"@id\":\"https:\\\/\\\/life-effect.org\\\/it\\\/#website\"},\"datePublished\":\"2025-11-13T09:35:11+00:00\",\"dateModified\":\"2025-11-27T14:01:41+00:00\",\"breadcrumb\":{\"@id\":\"https:\\\/\\\/life-effect.org\\\/it\\\/fondo-sociale-clima\\\/#breadcrumb\"},\"inLanguage\":\"it-IT\",\"potentialAction\":[{\"@type\":\"ReadAction\",\"target\":[\"https:\\\/\\\/life-effect.org\\\/it\\\/fondo-sociale-clima\\\/\"]}]},{\"@type\":\"BreadcrumbList\",\"@id\":\"https:\\\/\\\/life-effect.org\\\/it\\\/fondo-sociale-clima\\\/#breadcrumb\",\"itemListElement\":[{\"@type\":\"ListItem\",\"position\":1,\"name\":\"Home\",\"item\":\"https:\\\/\\\/life-effect.org\\\/it\\\/\"},{\"@type\":\"ListItem\",\"position\":2,\"name\":\"Fondo Sociale Clima\"}]},{\"@type\":\"WebSite\",\"@id\":\"https:\\\/\\\/life-effect.org\\\/it\\\/#website\",\"url\":\"https:\\\/\\\/life-effect.org\\\/it\\\/\",\"name\":\"LIFE Effect\",\"description\":\"For carbon pricing that puts people and planet first\",\"potentialAction\":[{\"@type\":\"SearchAction\",\"target\":{\"@type\":\"EntryPoint\",\"urlTemplate\":\"https:\\\/\\\/life-effect.org\\\/it\\\/?s={search_term_string}\"},\"query-input\":{\"@type\":\"PropertyValueSpecification\",\"valueRequired\":true,\"valueName\":\"search_term_string\"}}],\"inLanguage\":\"it-IT\"}]}<\/script>\n<!-- \/ Yoast SEO plugin. -->","yoast_head_json":{"title":"Fondo Sociale Clima - LIFE Effect","robots":{"index":"index","follow":"follow","max-snippet":"max-snippet:-1","max-image-preview":"max-image-preview:large","max-video-preview":"max-video-preview:-1"},"canonical":"https:\/\/life-effect.org\/it\/fondo-sociale-clima\/","og_locale":"it_IT","og_type":"article","og_title":"Fondo Sociale Clima - LIFE Effect","og_description":"Fondo Sociale ClimaScarica il capitolo A seguito dell'aumento dei costi del carburante e dei trasporti causato dall'ETS2, \u00e8 stato creato il FSC, come risposta agli impatto socioeconomico negativo causati dall'ETS2 sulle famiglie vulnerabili. Il FSC \u00e8 il primo fondo UE sviluppato con l'obiettivo esplicito di alleviare la potenziale povert\u00e0 energetica e dei trasporti derivante dalla [&hellip;]","og_url":"https:\/\/life-effect.org\/it\/fondo-sociale-clima\/","og_site_name":"LIFE Effect","article_modified_time":"2025-11-27T14:01:41+00:00","twitter_card":"summary_large_image","twitter_misc":{"Tempo di lettura stimato":"9 minuti"},"schema":{"@context":"https:\/\/schema.org","@graph":[{"@type":"WebPage","@id":"https:\/\/life-effect.org\/it\/fondo-sociale-clima\/","url":"https:\/\/life-effect.org\/it\/fondo-sociale-clima\/","name":"Fondo Sociale Clima - LIFE Effect","isPartOf":{"@id":"https:\/\/life-effect.org\/it\/#website"},"datePublished":"2025-11-13T09:35:11+00:00","dateModified":"2025-11-27T14:01:41+00:00","breadcrumb":{"@id":"https:\/\/life-effect.org\/it\/fondo-sociale-clima\/#breadcrumb"},"inLanguage":"it-IT","potentialAction":[{"@type":"ReadAction","target":["https:\/\/life-effect.org\/it\/fondo-sociale-clima\/"]}]},{"@type":"BreadcrumbList","@id":"https:\/\/life-effect.org\/it\/fondo-sociale-clima\/#breadcrumb","itemListElement":[{"@type":"ListItem","position":1,"name":"Home","item":"https:\/\/life-effect.org\/it\/"},{"@type":"ListItem","position":2,"name":"Fondo Sociale Clima"}]},{"@type":"WebSite","@id":"https:\/\/life-effect.org\/it\/#website","url":"https:\/\/life-effect.org\/it\/","name":"LIFE Effect","description":"For carbon pricing that puts people and planet first","potentialAction":[{"@type":"SearchAction","target":{"@type":"EntryPoint","urlTemplate":"https:\/\/life-effect.org\/it\/?s={search_term_string}"},"query-input":{"@type":"PropertyValueSpecification","valueRequired":true,"valueName":"search_term_string"}}],"inLanguage":"it-IT"}]}},"_links":{"self":[{"href":"https:\/\/life-effect.org\/it\/wp-json\/wp\/v2\/pages\/407480","targetHints":{"allow":["GET"]}}],"collection":[{"href":"https:\/\/life-effect.org\/it\/wp-json\/wp\/v2\/pages"}],"about":[{"href":"https:\/\/life-effect.org\/it\/wp-json\/wp\/v2\/types\/page"}],"author":[{"embeddable":true,"href":"https:\/\/life-effect.org\/it\/wp-json\/wp\/v2\/users\/20"}],"replies":[{"embeddable":true,"href":"https:\/\/life-effect.org\/it\/wp-json\/wp\/v2\/comments?post=407480"}],"version-history":[{"count":13,"href":"https:\/\/life-effect.org\/it\/wp-json\/wp\/v2\/pages\/407480\/revisions"}],"predecessor-version":[{"id":408167,"href":"https:\/\/life-effect.org\/it\/wp-json\/wp\/v2\/pages\/407480\/revisions\/408167"}],"wp:attachment":[{"href":"https:\/\/life-effect.org\/it\/wp-json\/wp\/v2\/media?parent=407480"}],"curies":[{"name":"wp","href":"https:\/\/api.w.org\/{rel}","templated":true}]}}