{"id":404761,"date":"2025-03-28T17:18:08","date_gmt":"2025-03-28T16:18:08","guid":{"rendered":"https:\/\/life-effect.org\/over\/"},"modified":"2025-04-14T10:16:16","modified_gmt":"2025-04-14T08:16:16","slug":"over","status":"publish","type":"page","link":"https:\/\/life-effect.org\/nl\/over\/","title":{"rendered":"Over"},"content":{"rendered":"<p>[et_pb_section fb_built=&#8221;1&#8243; custom_padding_last_edited=&#8221;on|desktop&#8221; admin_label=&#8221;FContent V20 &#8211; Five&#8221; module_id=&#8221;v20&#8243; module_class=&#8221;fcontent_20&#8243; _builder_version=&#8221;4.27.4&#8243; _module_preset=&#8221;default&#8221; background_color=&#8221;#F0E0E0&#8243; overflow-x=&#8221;hidden&#8221; overflow-y=&#8221;hidden&#8221; custom_padding=&#8221;123px||123px||true|false&#8221; custom_padding_tablet=&#8221;60px||60px||true|false&#8221; custom_padding_phone=&#8221;30px||30px||true|false&#8221; custom_css_free_form=&#8221;.fcontent_20 .fc5_blurb .et_pb_blurb_description p{||  display: flex;||  flex-direction: column;||}||.fcontent_20 .fc5_blurb .et_pb_blurb_description strong{||  color: #fff !important;||  font-weight: 600 !important;||  padding-bottom: 10px;||}||@media only screen and (max-width:980px){||\t.fcontent_20 .fc5_blurb .et_pb_blurb_description strong{|| \t\tpadding-bottom: 5px;||\t}||}&#8221; locked=&#8221;off&#8221; collapsed=&#8221;off&#8221; global_colors_info=&#8221;{}&#8221;][et_pb_row custom_padding_last_edited=&#8221;off|desktop&#8221; admin_label=&#8221;FContent V20 &#8211; Vijf &#8211; Rij&#8221; _builder_version=&#8221;4.27.4&#8243; _module_preset=&#8221;default&#8221; width=&#8221;90%&#8221; max_width=&#8221;800px&#8221; module_alignment=&#8221;center&#8221; custom_padding=&#8221;||0px||false|false&#8221; custom_padding_tablet=&#8221;0px||||false|false&#8221; custom_padding_phone=&#8221;||||false|false&#8221; custom_css_main_element=&#8221;display:flex;||flex-direction:row;&#8221; locked=&#8221;off&#8221; global_colors_info=&#8221;{}&#8221; custom_css_main_element_last_edited=&#8221;on|phone&#8221; custom_css_main_element_phone=&#8221;display:flex;||flex-direction:column;&#8221; custom_css_main_element_tablet=&#8221;display:flex;||flex-direction:row;&#8221;][et_pb_column type=&#8221;4_4&#8243; _builder_version=&#8221;4.27.4&#8243; _module_preset=&#8221;default&#8221; global_colors_info=&#8221;{}&#8221; custom_css_main_element_last_edited=&#8221;off|desktop&#8221; custom_css_main_element_phone=&#8221;width:100% !important;||margin-right:0 !important;||margin-bottom:30px !important;&#8221; custom_css_main_element_tablet=&#8221;width:62% !important;||margin-right:3% !important;||margin-bottom:0 !important;&#8221;][et_pb_text admin_label=&#8221;FContent V20 &#8211; Five &#8211; Text&#8221; _builder_version=&#8221;4.27.4&#8243; _module_preset=&#8221;default&#8221; text_font=&#8221;&#8211;et_global_heading_font|700|||||||&#8221; text_text_color=&#8221;gcid-heading-color&#8221; text_font_size=&#8221;30px&#8221; text_line_height=&#8221;140%&#8221; max_width_last_edited=&#8221;off|desktop&#8221; module_alignment=&#8221;center&#8221; custom_margin=&#8221;||||false|false&#8221; custom_margin_tablet=&#8221;||0px||false|false&#8221; custom_margin_phone=&#8221;||0px||false|false&#8221; custom_margin_last_edited=&#8221;off|desktop&#8221; text_font_size_tablet=&#8221;24px&#8221; text_font_size_phone=&#8221;21px&#8221; text_font_size_last_edited=&#8221;on|phone&#8221; global_colors_info=&#8221;{%22gcid-heading-color%22:%91%22text_text_color%22%93}&#8221;]<\/p>\n<p>Het LIFE Effect-project heeft tot doel de kennis, capaciteit en netwerken van het maatschappelijke middenveld te verbeteren met betrekking tot het nieuwe Europese systeem voor emissiehandel voor wegvervoer en gebouwen (ETS2) en het bijbehorende Sociaal Klimaatfonds (SCF), om zo de uitvoering en ontwikkeling van een rechtvaardig en effectief koolstofprijsbeleid te verbeteren. Daarnaast zal het project het bewustzijn en begrip van deze onderwerpen onder EU-burgers vergroten. Op die manier bevordert het project de broodnodige klimaatactie, op een manier die sociaal eerlijk is en effect heeft op het milieu. <\/p>\n<p>[\/et_pb_text][\/et_pb_column][\/et_pb_row][et_pb_row custom_padding_last_edited=&#8221;on|phone&#8221; admin_label=&#8221;FContent V20 &#8211; Vijf &#8211; Rij&#8221; _builder_version=&#8221;4.27.0&#8243; _module_preset=&#8221;default&#8221; width=&#8221;90%&#8221; max_width=&#8221;1170px&#8221; custom_padding=&#8221;60px||95px||false|false&#8221; custom_padding_tablet=&#8221;40px||50px||false|false&#8221; custom_padding_phone=&#8221;||40px||false|false&#8221; global_colors_info=&#8221;{}&#8221;][et_pb_column type=&#8221;4_4&#8243; _builder_version=&#8221;4.27.0&#8243; _module_preset=&#8221;default&#8221; global_colors_info=&#8221;{}&#8221;][et_pb_image src=&#8221;https:\/\/life-effect.org\/wp-content\/uploads\/2025\/03\/LIFE-Effect-Cover.png&#8221; title_text=&#8221;LIFE Effect Cover&#8221; admin_label=&#8221;FContent V20 &#8211; Five &#8211; Image &#8211; Image size:2000x900px&#8221; _builder_version=&#8221;4.27.4&#8243; _module_preset=&#8221;default&#8221; custom_margin=&#8221;||0px||false|false&#8221; border_radii=&#8221;on|30px|30px|30px|30px&#8221; global_colors_info=&#8221;{}&#8221;][\/et_pb_image][\/et_pb_column][\/et_pb_row][et_pb_row column_structure=&#8221;1_3,2_3&#8243; admin_label=&#8221;FContent V20 &#8211; Vijf &#8211; Rij&#8221; module_class=&#8221;fc5_row&#8221; _builder_version=&#8221;4.27.4&#8243; _module_preset=&#8221;default&#8221; width=&#8221;90%&#8221; max_width=&#8221;1170px&#8221; custom_padding=&#8221;0px||||false|false&#8221; global_colors_info=&#8221;{}&#8221;][et_pb_column type=&#8221;1_3&#8243; _builder_version=&#8221;4.27.4&#8243; _module_preset=&#8221;default&#8221; custom_padding=&#8221;30px||||false|false&#8221; custom_padding_tablet=&#8221;30px||||false|false&#8221; custom_padding_phone=&#8221;30px||||false|false&#8221; custom_padding_last_edited=&#8221;on|phone&#8221; border_color_all=&#8221;rgba(255,255,255,0.2)&#8221; border_width_top=&#8221;1px&#8221; global_colors_info=&#8221;{}&#8221; custom_css_main_element_last_edited=&#8221;on|phone&#8221; custom_css_main_element_tablet=&#8221;width: 100% !important;||margin-right:0% !important;||margin-bottom:30px !important;&#8221; custom_css_main_element_phone=&#8221;width: 100% !important;||margin-right:0% !important;||margin-bottom:30px !important;&#8221;][et_pb_text admin_label=&#8221;FContent V20 &#8211; Five &#8211; Text &#8211; We understand your&#8221; _builder_version=&#8221;4.27.4&#8243; _module_preset=&#8221;default&#8221; text_font=&#8221;&#8211;et_global_heading_font|600|||||||&#8221; text_text_color=&#8221;#C458DC&#8221; text_font_size=&#8221;34px&#8221; text_line_height=&#8221;150%&#8221; positioning=&#8221;relative&#8221; vertical_offset=&#8221;-5px&#8221; module_alignment=&#8221;left&#8221; custom_margin=&#8221;||||false|false&#8221; text_font_size_tablet=&#8221;20px&#8221; text_font_size_phone=&#8221;18px&#8221; text_font_size_last_edited=&#8221;on|phone&#8221; global_colors_info=&#8221;{}&#8221;]<\/p>\n<p>Achtergrond<\/p>\n<p>[\/et_pb_text][\/et_pb_column][et_pb_column type=&#8221;2_3&#8243; _builder_version=&#8221;4.27.4&#8243; _module_preset=&#8221;default&#8221; custom_padding=&#8221;30px||||false|false&#8221; custom_padding_tablet=&#8221;20px||||false|false&#8221; custom_padding_phone=&#8221;20px||||false|false&#8221; custom_padding_last_edited=&#8221;on|tablet&#8221; border_color_all=&#8221;rgba(255,255,255,0.2)&#8221; border_width_top=&#8221;1px&#8221; border_width_top_tablet=&#8221;1px&#8221; border_width_top_last_edited=&#8221;off|desktop&#8221; global_colors_info=&#8221;{}&#8221; custom_css_main_element_last_edited=&#8221;off|desktop&#8221; custom_css_main_element_tablet=&#8221;width:48.5% !important;&#8221; custom_css_main_element_phone=&#8221;width:48.5% !important;&#8221;][et_pb_blurb content_max_width=&#8221;100%&#8221; admin_label=&#8221;FContent V20 &#8211; Five &#8211; Empowering businesses across industries&#8221; module_class=&#8221;fc5_blurb&#8221; _builder_version=&#8221;4.27.4&#8243; _module_preset=&#8221;default&#8221; header_font=&#8221;Barlow|600|||||||&#8221; header_text_color=&#8221;#FFFFFF&#8221; header_font_size=&#8221;18px&#8221; header_line_height=&#8221;100%&#8221; body_text_color=&#8221;gcid-heading-color&#8221; custom_margin=&#8221;||0px||false|false&#8221; animation=&#8221;off&#8221; header_font_size_tablet=&#8221;18px&#8221; header_font_size_phone=&#8221;16px&#8221; header_font_size_last_edited=&#8221;on|phone&#8221; custom_css_blurb_title=&#8221;padding-bottom:18px;&#8221; custom_css_blurb_content=&#8221;font-weight:400;&#8221; global_colors_info=&#8221;{%22gcid-heading-color%22:%91%22body_text_color%22%93}&#8221; custom_css_blurb_title_last_edited=&#8221;on|phone&#8221; custom_css_blurb_title_tablet=&#8221;padding-top: 20px;||padding-bottom: 20px;&#8221; custom_css_blurb_title_phone=&#8221;padding-top: 20px;||padding-bottom: 20px;&#8221;]<\/p>\n<p>ETS2 zal koolstofbeprijzing toepassen op de sectoren wegvervoer en gebouwen, die verantwoordelijk zijn voor 60% van de totale koolstofuitstoot in de EU. De regeling gaat in 2027 van start. <\/p>\n<p>Terwijl brandstofdistributeurs de wettelijke verplichtingen zullen dragen, zal het effect van prijsstijgingen voor alledaagse activiteiten zoals autorijden en het verwarmen van huizen waarschijnlijk bij de eindgebruikers terechtkomen. Dit is uiteindelijk onvermijdelijk omdat maatschappelijke decarbonisatie essentieel is. Ons project zal het bewustzijn vergroten en samenwerking binnen het maatschappelijk middenveld en met andere belanghebbenden vergroten, om ervoor te zorgen dat de implementatie rechtvaardig en effectief is.  <\/p>\n<p>Om de verwachte gevolgen voor de samenleving te verzachten, is het Sociaal Klimaatfonds (SCF) opgericht om kwetsbare huishoudens te beschermen. Het SCF zal lidstaten ondersteunen bij het implementeren van energie-effici\u00ebntiemaatregelen, het koolstofvrij maken van residenti\u00eble verwarming en het bieden van toegang tot duurzame vervoerswijzen. Financiering voor het SCF zal worden gegenereerd door het veilen van emissierechten voor ETS2-sectoren en nationale regeringen zullen een belangrijke rol spelen bij het beslissen hoe het fonds wordt gebruikt via nationale sociale klimaatplannen.  <\/p>\n<p>Er is een duidelijke behoefte aan een op feiten gebaseerde dialoog tussen maatschappelijke organisaties en beleidsmakers over ETS2 en het SCF, om tijdens het hele proces een alomvattend en gedeeld begrip op te bouwen. Daarnaast is het bewustzijn van het publiek over de komende veranderingen van vitaal belang voor een succesvolle invoering van dit nieuwe klimaatbeleid van de EU. <\/p>\n<p>[\/et_pb_blurb][\/et_pb_column][\/et_pb_row][et_pb_row column_structure=&#8221;1_3,2_3&#8243; admin_label=&#8221;FContent V20 &#8211; Vijf &#8211; Rij&#8221; module_class=&#8221;fc5_row&#8221; _builder_version=&#8221;4.27.4&#8243; _module_preset=&#8221;default&#8221; width=&#8221;90%&#8221; max_width=&#8221;1170px&#8221; custom_padding=&#8221;0px||||false|false&#8221; global_colors_info=&#8221;{}&#8221;][et_pb_column type=&#8221;1_3&#8243; _builder_version=&#8221;4.27.4&#8243; _module_preset=&#8221;default&#8221; custom_padding=&#8221;30px||||false|false&#8221; custom_padding_tablet=&#8221;30px||||false|false&#8221; custom_padding_phone=&#8221;30px||||false|false&#8221; custom_padding_last_edited=&#8221;on|phone&#8221; border_color_all=&#8221;rgba(255,255,255,0.2)&#8221; border_width_top=&#8221;1px&#8221; global_colors_info=&#8221;{}&#8221; custom_css_main_element_last_edited=&#8221;on|phone&#8221; custom_css_main_element_tablet=&#8221;width: 100% !important;||margin-right:0% !important;||margin-bottom:30px !important;&#8221; custom_css_main_element_phone=&#8221;width: 100% !important;||margin-right:0% !important;||margin-bottom:30px !important;&#8221;][et_pb_text admin_label=&#8221;FContent V20 &#8211; Five &#8211; Text &#8211; We understand your&#8221; _builder_version=&#8221;4.27.4&#8243; _module_preset=&#8221;default&#8221; text_font=&#8221;&#8211;et_global_heading_font|600|||||||&#8221; text_text_color=&#8221;#C458DC&#8221; text_font_size=&#8221;34px&#8221; text_line_height=&#8221;150%&#8221; positioning=&#8221;relative&#8221; vertical_offset=&#8221;-5px&#8221; module_alignment=&#8221;left&#8221; custom_margin=&#8221;||||false|false&#8221; text_font_size_tablet=&#8221;20px&#8221; text_font_size_phone=&#8221;18px&#8221; text_font_size_last_edited=&#8221;on|phone&#8221; global_colors_info=&#8221;{}&#8221;]<\/p>\n<p>Specifieke doelstellingen<\/p>\n<p>[\/et_pb_text][\/et_pb_column][et_pb_column type=&#8221;2_3&#8243; _builder_version=&#8221;4.27.4&#8243; _module_preset=&#8221;default&#8221; custom_padding=&#8221;30px||||false|false&#8221; custom_padding_tablet=&#8221;20px||||false|false&#8221; custom_padding_phone=&#8221;20px||||false|false&#8221; custom_padding_last_edited=&#8221;on|tablet&#8221; border_color_all=&#8221;rgba(255,255,255,0.2)&#8221; border_width_top=&#8221;1px&#8221; border_width_top_tablet=&#8221;1px&#8221; border_width_top_last_edited=&#8221;off|desktop&#8221; global_colors_info=&#8221;{}&#8221; custom_css_main_element_last_edited=&#8221;off|desktop&#8221; custom_css_main_element_tablet=&#8221;width:48.5% !important;&#8221; custom_css_main_element_phone=&#8221;width:48.5% !important;&#8221;][et_pb_blurb content_max_width=&#8221;100%&#8221; admin_label=&#8221;FContent V20 &#8211; Five &#8211; Empowering businesses across industries&#8221; module_class=&#8221;fc5_blurb&#8221; _builder_version=&#8221;4.27.4&#8243; _module_preset=&#8221;default&#8221; header_font=&#8221;Barlow|600|||||||&#8221; header_text_color=&#8221;#FFFFFF&#8221; header_font_size=&#8221;18px&#8221; header_line_height=&#8221;100%&#8221; body_text_color=&#8221;gcid-heading-color&#8221; body_ol_position=&#8221;outside&#8221; body_ol_line_height=&#8221;1.4em&#8221; custom_margin=&#8221;||0px||false|false&#8221; animation=&#8221;off&#8221; header_font_size_tablet=&#8221;18px&#8221; header_font_size_phone=&#8221;16px&#8221; header_font_size_last_edited=&#8221;on|phone&#8221; custom_css_blurb_title=&#8221;padding-bottom:18px;&#8221; custom_css_blurb_content=&#8221;font-weight:400;&#8221; global_colors_info=&#8221;{%22gcid-heading-color%22:%91%22body_text_color%22%93}&#8221; custom_css_blurb_title_last_edited=&#8221;on|phone&#8221; custom_css_blurb_title_tablet=&#8221;padding-top: 20px;||padding-bottom: 20px;&#8221; custom_css_blurb_title_phone=&#8221;padding-top: 20px;||padding-bottom: 20px;&#8221;]<\/p>\n<ol>\n<li aria-level=\"1\">Een wetenschappelijke kennisbasis cre\u00ebren, capaciteit opbouwen en maatschappelijke organisaties, deskundigen, besluitvormers en andere belangrijke belanghebbenden in de hele EU met elkaar in contact brengen over ETS2 en het SCF.<\/li>\n<li aria-level=\"1\">De uitvoering en ontwikkeling van een eerlijk en doeltreffend koolstofprijsbeleid op EU- en nationaal niveau verbeteren door meer samenwerking met het maatschappelijk middenveld.<\/li>\n<li aria-level=\"1\">Bevorderen van de betrokkenheid van mensen, maatschappelijke organisaties en andere belangrijke belanghebbenden door middel van projectcommunicatie, campagnes en de verspreiding van resultaten, evenals het ondersteunen van replicatie in heel Europa en in naburige regio&#8217;s.<\/li>\n<\/ol>\n<p>[\/et_pb_blurb][\/et_pb_column][\/et_pb_row][et_pb_row column_structure=&#8221;1_3,2_3&#8243; admin_label=&#8221;FContent V20 &#8211; Vijf &#8211; Rij&#8221; module_class=&#8221;fc5_row&#8221; _builder_version=&#8221;4.27.4&#8243; _module_preset=&#8221;default&#8221; width=&#8221;90%&#8221; max_width=&#8221;1170px&#8221; custom_padding=&#8221;0px||||false|false&#8221; global_colors_info=&#8221;{}&#8221;][et_pb_column type=&#8221;1_3&#8243; _builder_version=&#8221;4.27.4&#8243; _module_preset=&#8221;default&#8221; custom_padding=&#8221;30px||||false|false&#8221; custom_padding_tablet=&#8221;30px||||false|false&#8221; custom_padding_phone=&#8221;30px||||false|false&#8221; custom_padding_last_edited=&#8221;on|phone&#8221; border_color_all=&#8221;rgba(255,255,255,0.2)&#8221; border_width_top=&#8221;1px&#8221; global_colors_info=&#8221;{}&#8221; custom_css_main_element_last_edited=&#8221;on|phone&#8221; custom_css_main_element_tablet=&#8221;width: 100% !important;||margin-right:0% !important;||margin-bottom:30px !important;&#8221; custom_css_main_element_phone=&#8221;width: 100% !important;||margin-right:0% !important;||margin-bottom:30px !important;&#8221;][et_pb_text admin_label=&#8221;FContent V20 &#8211; Five &#8211; Text &#8211; We understand your&#8221; _builder_version=&#8221;4.27.4&#8243; _module_preset=&#8221;default&#8221; text_font=&#8221;&#8211;et_global_heading_font|600|||||||&#8221; text_text_color=&#8221;#C458DC&#8221; text_font_size=&#8221;34px&#8221; text_line_height=&#8221;150%&#8221; positioning=&#8221;relative&#8221; vertical_offset=&#8221;-5px&#8221; module_alignment=&#8221;left&#8221; custom_margin=&#8221;||||false|false&#8221; text_font_size_tablet=&#8221;20px&#8221; text_font_size_phone=&#8221;18px&#8221; text_font_size_last_edited=&#8221;on|phone&#8221; global_colors_info=&#8221;{}&#8221;]<\/p>\n<p>Activiteiten<\/p>\n<p>[\/et_pb_text][\/et_pb_column][et_pb_column type=&#8221;2_3&#8243; _builder_version=&#8221;4.27.4&#8243; _module_preset=&#8221;default&#8221; custom_padding=&#8221;30px||||false|false&#8221; custom_padding_tablet=&#8221;20px||||false|false&#8221; custom_padding_phone=&#8221;20px||||false|false&#8221; custom_padding_last_edited=&#8221;on|tablet&#8221; border_color_all=&#8221;rgba(255,255,255,0.2)&#8221; border_width_top=&#8221;1px&#8221; border_width_top_tablet=&#8221;1px&#8221; border_width_top_last_edited=&#8221;off|desktop&#8221; global_colors_info=&#8221;{}&#8221; custom_css_main_element_last_edited=&#8221;off|desktop&#8221; custom_css_main_element_tablet=&#8221;width:48.5% !important;&#8221; custom_css_main_element_phone=&#8221;width:48.5% !important;&#8221;][et_pb_blurb content_max_width=&#8221;100%&#8221; admin_label=&#8221;FContent V20 &#8211; Five &#8211; Empowering businesses across industries&#8221; _builder_version=&#8221;4.27.4&#8243; _module_preset=&#8221;default&#8221; header_font=&#8221;Barlow|600|||||||&#8221; header_text_color=&#8221;#FFFFFF&#8221; header_font_size=&#8221;18px&#8221; header_line_height=&#8221;100%&#8221; body_text_color=&#8221;gcid-heading-color&#8221; custom_margin=&#8221;||0px||false|false&#8221; animation=&#8221;off&#8221; header_font_size_tablet=&#8221;18px&#8221; header_font_size_phone=&#8221;16px&#8221; header_font_size_last_edited=&#8221;on|phone&#8221; custom_css_blurb_title=&#8221;padding-bottom:18px;&#8221; custom_css_blurb_content=&#8221;font-weight:400;&#8221; global_colors_info=&#8221;{%22gcid-heading-color%22:%91%22body_text_color%22%93}&#8221; custom_css_blurb_title_last_edited=&#8221;on|phone&#8221; custom_css_blurb_title_tablet=&#8221;padding-top: 20px;||padding-bottom: 20px;&#8221; custom_css_blurb_title_phone=&#8221;padding-top: 20px;||padding-bottom: 20px;&#8221;]<\/p>\n<p>Gedurende het hele LIFE Effect project worden door de consortiumpartners meerdere activiteiten uitgevoerd in de vorm van werkpakketten.<\/p>\n<p>In de beginfase zullen de partners zich concentreren op het opbouwen van kennis en capaciteit, het produceren van studies en rapporten met betrekking tot ETS2 en het SCF, het ontwikkelen van trainingsmateriaal en het organiseren van sessies voor capaciteitsopbouw. Netwerkactiviteiten zullen essentieel zijn om relevante belanghebbenden met elkaar in contact te brengen en samenwerking te vergemakkelijken. <\/p>\n<p>De projectinspanningen zullen zich richten op het bevorderen van een eerlijk en effectief koolstofprijsbeleid.<\/p>\n<p><strong>Dit project werd gefinancierd door het LIFE-programma van de Europese Unie in het kader van subsidieovereenkomst LIFE23-GIC-BE-LIFE EFFECT.<\/strong><\/p>\n<p>&nbsp;<\/p>\n<table style=\"border-style: solid; border-color: #000000;\">\n<tbody>\n<tr>\n<td><strong>Consortium<\/strong><\/td>\n<td>Carbon Market Watch (CMW), Asociace pro mezin\u00e1rodn\u00ed ot\u00e1zky (AMO), Bond Beter Leefmilieu Vlaanderen (BBL), Europees Milieubureau (EEB), Fondazione Think Tank ECCO (ECCO), Germanwatch (GW), The Green Tank (GT), Associa\u00e7\u00e3o Sistema Terrestre Sustent\u00e1vel (ZERO), Zwiazek Stowarzyszen Polska Zielona Siec (PGN).<\/td>\n<\/tr>\n<tr>\n<td><strong>Landen<\/strong><\/td>\n<td>Belgi\u00eb, Tsjechi\u00eb, Duitsland, Griekenland, Itali\u00eb, Polen, Portugal<\/td>\n<\/tr>\n<tr>\n<td><strong>Looptijd<\/strong><\/td>\n<td>1 juli 2024 &#8211; 30 juni 2027<\/td>\n<\/tr>\n<\/tbody>\n<\/table>\n<p>[\/et_pb_blurb][\/et_pb_column][\/et_pb_row][\/et_pb_section]<\/p>\n","protected":false},"excerpt":{"rendered":"<p>Het LIFE Effect-project heeft tot doel de kennis, capaciteit en netwerken van het maatschappelijke middenveld te verbeteren met betrekking tot het nieuwe Europese systeem voor emissiehandel voor wegvervoer en gebouwen (ETS2) en het bijbehorende Sociaal Klimaatfonds (SCF), om zo de uitvoering en ontwikkeling van een rechtvaardig en effectief koolstofprijsbeleid te verbeteren. Daarnaast zal het project [&hellip;]<\/p>\n","protected":false},"author":1,"featured_media":0,"parent":0,"menu_order":0,"comment_status":"closed","ping_status":"closed","template":"","meta":{"_acf_changed":false,"_et_pb_use_builder":"on","_et_pb_old_content":"","_et_gb_content_width":"","_monsterinsights_skip_tracking":false,"_monsterinsights_sitenote_active":false,"_monsterinsights_sitenote_note":"","_monsterinsights_sitenote_category":0,"footnotes":""},"class_list":["post-404761","page","type-page","status-publish","hentry"],"acf":[],"yoast_head":"<!-- This site is optimized with the Yoast SEO plugin v27.5 - https:\/\/yoast.com\/product\/yoast-seo-wordpress\/ -->\n<title>Over - LIFE Effect<\/title>\n<meta name=\"robots\" content=\"index, follow, max-snippet:-1, max-image-preview:large, max-video-preview:-1\" \/>\n<link rel=\"canonical\" href=\"https:\/\/life-effect.org\/nl\/over\/\" \/>\n<meta property=\"og:locale\" content=\"nl_NL\" \/>\n<meta property=\"og:type\" content=\"article\" \/>\n<meta property=\"og:title\" content=\"Over - LIFE Effect\" \/>\n<meta property=\"og:description\" content=\"Het LIFE Effect-project heeft tot doel de kennis, capaciteit en netwerken van het maatschappelijke middenveld te verbeteren met betrekking tot het nieuwe Europese systeem voor emissiehandel voor wegvervoer en gebouwen (ETS2) en het bijbehorende Sociaal Klimaatfonds (SCF), om zo de uitvoering en ontwikkeling van een rechtvaardig en effectief koolstofprijsbeleid te verbeteren. Daarnaast zal het project [&hellip;]\" \/>\n<meta property=\"og:url\" content=\"https:\/\/life-effect.org\/nl\/over\/\" \/>\n<meta property=\"og:site_name\" content=\"LIFE Effect\" \/>\n<meta property=\"article:modified_time\" content=\"2025-04-14T08:16:16+00:00\" \/>\n<meta name=\"twitter:card\" content=\"summary_large_image\" \/>\n<meta name=\"twitter:label1\" content=\"Geschatte leestijd\" \/>\n\t<meta name=\"twitter:data1\" content=\"11 minuten\" \/>\n<script type=\"application\/ld+json\" class=\"yoast-schema-graph\">{\"@context\":\"https:\\\/\\\/schema.org\",\"@graph\":[{\"@type\":\"WebPage\",\"@id\":\"https:\\\/\\\/life-effect.org\\\/nl\\\/over\\\/\",\"url\":\"https:\\\/\\\/life-effect.org\\\/nl\\\/over\\\/\",\"name\":\"Over - LIFE Effect\",\"isPartOf\":{\"@id\":\"https:\\\/\\\/life-effect.org\\\/nl\\\/#website\"},\"datePublished\":\"2025-03-28T16:18:08+00:00\",\"dateModified\":\"2025-04-14T08:16:16+00:00\",\"breadcrumb\":{\"@id\":\"https:\\\/\\\/life-effect.org\\\/nl\\\/over\\\/#breadcrumb\"},\"inLanguage\":\"nl-NL\",\"potentialAction\":[{\"@type\":\"ReadAction\",\"target\":[\"https:\\\/\\\/life-effect.org\\\/nl\\\/over\\\/\"]}]},{\"@type\":\"BreadcrumbList\",\"@id\":\"https:\\\/\\\/life-effect.org\\\/nl\\\/over\\\/#breadcrumb\",\"itemListElement\":[{\"@type\":\"ListItem\",\"position\":1,\"name\":\"Home\",\"item\":\"https:\\\/\\\/life-effect.org\\\/nl\\\/\"},{\"@type\":\"ListItem\",\"position\":2,\"name\":\"Over\"}]},{\"@type\":\"WebSite\",\"@id\":\"https:\\\/\\\/life-effect.org\\\/nl\\\/#website\",\"url\":\"https:\\\/\\\/life-effect.org\\\/nl\\\/\",\"name\":\"LIFE Effect\",\"description\":\"For carbon pricing that puts people and planet first\",\"potentialAction\":[{\"@type\":\"SearchAction\",\"target\":{\"@type\":\"EntryPoint\",\"urlTemplate\":\"https:\\\/\\\/life-effect.org\\\/nl\\\/?s={search_term_string}\"},\"query-input\":{\"@type\":\"PropertyValueSpecification\",\"valueRequired\":true,\"valueName\":\"search_term_string\"}}],\"inLanguage\":\"nl-NL\"}]}<\/script>\n<!-- \/ Yoast SEO plugin. -->","yoast_head_json":{"title":"Over - LIFE Effect","robots":{"index":"index","follow":"follow","max-snippet":"max-snippet:-1","max-image-preview":"max-image-preview:large","max-video-preview":"max-video-preview:-1"},"canonical":"https:\/\/life-effect.org\/nl\/over\/","og_locale":"nl_NL","og_type":"article","og_title":"Over - LIFE Effect","og_description":"Het LIFE Effect-project heeft tot doel de kennis, capaciteit en netwerken van het maatschappelijke middenveld te verbeteren met betrekking tot het nieuwe Europese systeem voor emissiehandel voor wegvervoer en gebouwen (ETS2) en het bijbehorende Sociaal Klimaatfonds (SCF), om zo de uitvoering en ontwikkeling van een rechtvaardig en effectief koolstofprijsbeleid te verbeteren. Daarnaast zal het project [&hellip;]","og_url":"https:\/\/life-effect.org\/nl\/over\/","og_site_name":"LIFE Effect","article_modified_time":"2025-04-14T08:16:16+00:00","twitter_card":"summary_large_image","twitter_misc":{"Geschatte leestijd":"11 minuten"},"schema":{"@context":"https:\/\/schema.org","@graph":[{"@type":"WebPage","@id":"https:\/\/life-effect.org\/nl\/over\/","url":"https:\/\/life-effect.org\/nl\/over\/","name":"Over - LIFE Effect","isPartOf":{"@id":"https:\/\/life-effect.org\/nl\/#website"},"datePublished":"2025-03-28T16:18:08+00:00","dateModified":"2025-04-14T08:16:16+00:00","breadcrumb":{"@id":"https:\/\/life-effect.org\/nl\/over\/#breadcrumb"},"inLanguage":"nl-NL","potentialAction":[{"@type":"ReadAction","target":["https:\/\/life-effect.org\/nl\/over\/"]}]},{"@type":"BreadcrumbList","@id":"https:\/\/life-effect.org\/nl\/over\/#breadcrumb","itemListElement":[{"@type":"ListItem","position":1,"name":"Home","item":"https:\/\/life-effect.org\/nl\/"},{"@type":"ListItem","position":2,"name":"Over"}]},{"@type":"WebSite","@id":"https:\/\/life-effect.org\/nl\/#website","url":"https:\/\/life-effect.org\/nl\/","name":"LIFE Effect","description":"For carbon pricing that puts people and planet first","potentialAction":[{"@type":"SearchAction","target":{"@type":"EntryPoint","urlTemplate":"https:\/\/life-effect.org\/nl\/?s={search_term_string}"},"query-input":{"@type":"PropertyValueSpecification","valueRequired":true,"valueName":"search_term_string"}}],"inLanguage":"nl-NL"}]}},"_links":{"self":[{"href":"https:\/\/life-effect.org\/nl\/wp-json\/wp\/v2\/pages\/404761","targetHints":{"allow":["GET"]}}],"collection":[{"href":"https:\/\/life-effect.org\/nl\/wp-json\/wp\/v2\/pages"}],"about":[{"href":"https:\/\/life-effect.org\/nl\/wp-json\/wp\/v2\/types\/page"}],"author":[{"embeddable":true,"href":"https:\/\/life-effect.org\/nl\/wp-json\/wp\/v2\/users\/1"}],"replies":[{"embeddable":true,"href":"https:\/\/life-effect.org\/nl\/wp-json\/wp\/v2\/comments?post=404761"}],"version-history":[{"count":8,"href":"https:\/\/life-effect.org\/nl\/wp-json\/wp\/v2\/pages\/404761\/revisions"}],"predecessor-version":[{"id":405217,"href":"https:\/\/life-effect.org\/nl\/wp-json\/wp\/v2\/pages\/404761\/revisions\/405217"}],"wp:attachment":[{"href":"https:\/\/life-effect.org\/nl\/wp-json\/wp\/v2\/media?parent=404761"}],"curies":[{"name":"wp","href":"https:\/\/api.w.org\/{rel}","templated":true}]}}