{"id":405989,"date":"2025-02-17T01:24:17","date_gmt":"2025-02-17T00:24:17","guid":{"rendered":"https:\/\/life-effect.org\/aktualnosci\/"},"modified":"2025-07-30T11:29:03","modified_gmt":"2025-07-30T09:29:03","slug":"aktualnosci","status":"publish","type":"page","link":"https:\/\/life-effect.org\/pl\/aktualnosci\/","title":{"rendered":"Aktualno\u015bci"},"content":{"rendered":"<p>[et_pb_section fb_built=&#8221;1&#8243; admin_label=&#8221;Ake Blog Filterable &#8211; Ragnar&#8221; module_class=&#8221;ragnar_blog_ake&#8221; _builder_version=&#8221;4.27.4&#8243; _module_preset=&#8221;default&#8221; custom_padding=&#8221;176px|||||&#8221; locked=&#8221;off&#8221; collapsed=&#8221;off&#8221; global_colors_info=&#8221;{}&#8221;][et_pb_row column_structure=&#8221;3_5,2_5&#8243; disabled_on=&#8221;off|off|off&#8221; admin_label=&#8221;Ake Blog z mo\u017cliwo\u015bci\u0105 filtrowania &#8211; Ragnar &#8211; Row&#8221; _builder_version=&#8221;4.27.4&#8243; _module_preset=&#8221;default&#8221; width=&#8221;90%&#8221; max_width=&#8221;1170px&#8221; custom_padding=&#8221;||0px||false|false&#8221; border_color_bottom=&#8221;#b7b8b8&#8243; locked=&#8221;off&#8221; collapsed=&#8221;off&#8221; global_colors_info=&#8221;{}&#8221;][et_pb_column type=&#8221;3_5&#8243; module_class=&#8221;filter_col&#8221; _builder_version=&#8221;4.27.4&#8243; _module_preset=&#8221;default&#8221; global_colors_info=&#8221;{}&#8221;][\/et_pb_column][et_pb_column type=&#8221;2_5&#8243; _builder_version=&#8221;4.16&#8243; _module_preset=&#8221;default&#8221; custom_padding=&#8221;||||false|false&#8221; global_colors_info=&#8221;{}&#8221;][\/et_pb_column][\/et_pb_row][et_pb_row admin_label=&#8221;Ake Blog z mo\u017cliwo\u015bci\u0105 filtrowania &#8211; Ragnar &#8211; Row&#8221; _builder_version=&#8221;4.16&#8243; _module_preset=&#8221;default&#8221; width=&#8221;90%&#8221; max_width=&#8221;1175px&#8221; custom_padding=&#8221;30px||||false|false&#8221; global_colors_info=&#8221;{}&#8221;][et_pb_column type=&#8221;4_4&#8243; _builder_version=&#8221;4.16&#8243; _module_preset=&#8221;default&#8221; global_colors_info=&#8221;{}&#8221;][et_pb_blog posts_number=&#8221;12&#8243; include_categories=&#8221;all&#8221; show_more=&#8221;on&#8221; show_author=&#8221;off&#8221; admin_label=&#8221;Ake Blog Filterable &#8211; Ragnar &#8211; Blog&#8221; _builder_version=&#8221;4.27.4&#8243; _module_preset=&#8221;default&#8221; header_font=&#8221;|700|||||||&#8221; header_text_color=&#8221;#000000&#8243; header_font_size=&#8221;25px&#8221; header_letter_spacing=&#8221;-1px&#8221; header_line_height=&#8221;130%&#8221; body_font=&#8221;Roboto||||||||&#8221; body_text_color=&#8221;#9b9b9b&#8221; body_font_size=&#8221;16px&#8221; body_line_height=&#8221;168%&#8221; meta_text_color=&#8221;#000000&#8243; meta_font_size=&#8221;18px&#8221; meta_line_height=&#8221;120%&#8221; read_more_font=&#8221;Roboto||||||||&#8221; read_more_text_color=&#8221;#000000&#8243; read_more_line_height=&#8221;120%&#8221; text_orientation=&#8221;left&#8221; hover_enabled=&#8221;0&#8243; header_font_size_tablet=&#8221;18px&#8221; header_font_size_phone=&#8221;&#8221; header_font_size_last_edited=&#8221;on|tablet&#8221; custom_css_title=&#8221;font-weight:400 !important;||    padding: 0 7px 11px !important;||order: 3;&#8221; custom_css_content=&#8221;font-weight: 400;&#8221; custom_css_post_meta=&#8221;font-weight:400 !important;||    order: 2;||    margin-bottom: 14px;||padding: 0 6px;&#8221; custom_css_featured_image=&#8221;     order: 1;||margin-bottom: 10px;&#8221; custom_css_read_more=&#8221;font-weight:400 !important;||margin-top: 31px;||    font-size: 14px;&#8221; global_colors_info=&#8221;{}&#8221; custom_css_read_more__hover_enabled=&#8221;off|desktop&#8221; custom_css_read_more_last_edited=&#8221;off|desktop&#8221; read_more_text_color__hover_enabled=&#8221;on|hover&#8221; read_more_text_color__hover=&#8221;#e02b20&#8243; sticky_enabled=&#8221;0&#8243;][\/et_pb_blog][\/et_pb_column][\/et_pb_row][\/et_pb_section]<\/p>\n","protected":false},"excerpt":{"rendered":"","protected":false},"author":1,"featured_media":0,"parent":0,"menu_order":0,"comment_status":"closed","ping_status":"closed","template":"","meta":{"_acf_changed":false,"_et_pb_use_builder":"on","_et_pb_old_content":"","_et_gb_content_width":"","_monsterinsights_skip_tracking":false,"_monsterinsights_sitenote_active":false,"_monsterinsights_sitenote_note":"","_monsterinsights_sitenote_category":0,"footnotes":""},"class_list":["post-405989","page","type-page","status-publish","hentry"],"acf":[],"yoast_head":"<!-- This site is optimized with the Yoast SEO plugin v27.6 - https:\/\/yoast.com\/product\/yoast-seo-wordpress\/ -->\n<title>Aktualno\u015bci - LIFE Effect<\/title>\n<meta name=\"robots\" content=\"index, follow, max-snippet:-1, max-image-preview:large, max-video-preview:-1\" \/>\n<link rel=\"canonical\" href=\"https:\/\/life-effect.org\/pl\/aktualnosci\/\" \/>\n<meta property=\"og:locale\" content=\"pl_PL\" \/>\n<meta property=\"og:type\" content=\"article\" \/>\n<meta property=\"og:title\" content=\"Aktualno\u015bci - LIFE Effect\" \/>\n<meta property=\"og:url\" content=\"https:\/\/life-effect.org\/pl\/aktualnosci\/\" \/>\n<meta property=\"og:site_name\" content=\"LIFE Effect\" \/>\n<meta property=\"article:modified_time\" content=\"2025-07-30T09:29:03+00:00\" \/>\n<meta name=\"twitter:card\" content=\"summary_large_image\" \/>\n<meta name=\"twitter:label1\" content=\"Szacowany czas czytania\" \/>\n\t<meta name=\"twitter:data1\" content=\"2 minuty\" \/>\n<script type=\"application\/ld+json\" class=\"yoast-schema-graph\">{\"@context\":\"https:\\\/\\\/schema.org\",\"@graph\":[{\"@type\":\"WebPage\",\"@id\":\"https:\\\/\\\/life-effect.org\\\/pl\\\/aktualnosci\\\/\",\"url\":\"https:\\\/\\\/life-effect.org\\\/pl\\\/aktualnosci\\\/\",\"name\":\"Aktualno\u015bci - LIFE Effect\",\"isPartOf\":{\"@id\":\"https:\\\/\\\/life-effect.org\\\/pl\\\/#website\"},\"datePublished\":\"2025-02-17T00:24:17+00:00\",\"dateModified\":\"2025-07-30T09:29:03+00:00\",\"breadcrumb\":{\"@id\":\"https:\\\/\\\/life-effect.org\\\/pl\\\/aktualnosci\\\/#breadcrumb\"},\"inLanguage\":\"pl-PL\",\"potentialAction\":[{\"@type\":\"ReadAction\",\"target\":[\"https:\\\/\\\/life-effect.org\\\/pl\\\/aktualnosci\\\/\"]}]},{\"@type\":\"BreadcrumbList\",\"@id\":\"https:\\\/\\\/life-effect.org\\\/pl\\\/aktualnosci\\\/#breadcrumb\",\"itemListElement\":[{\"@type\":\"ListItem\",\"position\":1,\"name\":\"Home\",\"item\":\"https:\\\/\\\/life-effect.org\\\/pl\\\/\"},{\"@type\":\"ListItem\",\"position\":2,\"name\":\"Aktualno\u015bci\"}]},{\"@type\":\"WebSite\",\"@id\":\"https:\\\/\\\/life-effect.org\\\/pl\\\/#website\",\"url\":\"https:\\\/\\\/life-effect.org\\\/pl\\\/\",\"name\":\"LIFE Effect\",\"description\":\"For carbon pricing that puts people and planet first\",\"potentialAction\":[{\"@type\":\"SearchAction\",\"target\":{\"@type\":\"EntryPoint\",\"urlTemplate\":\"https:\\\/\\\/life-effect.org\\\/pl\\\/?s={search_term_string}\"},\"query-input\":{\"@type\":\"PropertyValueSpecification\",\"valueRequired\":true,\"valueName\":\"search_term_string\"}}],\"inLanguage\":\"pl-PL\"}]}<\/script>\n<!-- \/ Yoast SEO plugin. -->","yoast_head_json":{"title":"Aktualno\u015bci - LIFE Effect","robots":{"index":"index","follow":"follow","max-snippet":"max-snippet:-1","max-image-preview":"max-image-preview:large","max-video-preview":"max-video-preview:-1"},"canonical":"https:\/\/life-effect.org\/pl\/aktualnosci\/","og_locale":"pl_PL","og_type":"article","og_title":"Aktualno\u015bci - LIFE Effect","og_url":"https:\/\/life-effect.org\/pl\/aktualnosci\/","og_site_name":"LIFE Effect","article_modified_time":"2025-07-30T09:29:03+00:00","twitter_card":"summary_large_image","twitter_misc":{"Szacowany czas czytania":"2 minuty"},"schema":{"@context":"https:\/\/schema.org","@graph":[{"@type":"WebPage","@id":"https:\/\/life-effect.org\/pl\/aktualnosci\/","url":"https:\/\/life-effect.org\/pl\/aktualnosci\/","name":"Aktualno\u015bci - LIFE Effect","isPartOf":{"@id":"https:\/\/life-effect.org\/pl\/#website"},"datePublished":"2025-02-17T00:24:17+00:00","dateModified":"2025-07-30T09:29:03+00:00","breadcrumb":{"@id":"https:\/\/life-effect.org\/pl\/aktualnosci\/#breadcrumb"},"inLanguage":"pl-PL","potentialAction":[{"@type":"ReadAction","target":["https:\/\/life-effect.org\/pl\/aktualnosci\/"]}]},{"@type":"BreadcrumbList","@id":"https:\/\/life-effect.org\/pl\/aktualnosci\/#breadcrumb","itemListElement":[{"@type":"ListItem","position":1,"name":"Home","item":"https:\/\/life-effect.org\/pl\/"},{"@type":"ListItem","position":2,"name":"Aktualno\u015bci"}]},{"@type":"WebSite","@id":"https:\/\/life-effect.org\/pl\/#website","url":"https:\/\/life-effect.org\/pl\/","name":"LIFE Effect","description":"For carbon pricing that puts people and planet first","potentialAction":[{"@type":"SearchAction","target":{"@type":"EntryPoint","urlTemplate":"https:\/\/life-effect.org\/pl\/?s={search_term_string}"},"query-input":{"@type":"PropertyValueSpecification","valueRequired":true,"valueName":"search_term_string"}}],"inLanguage":"pl-PL"}]}},"_links":{"self":[{"href":"https:\/\/life-effect.org\/pl\/wp-json\/wp\/v2\/pages\/405989","targetHints":{"allow":["GET"]}}],"collection":[{"href":"https:\/\/life-effect.org\/pl\/wp-json\/wp\/v2\/pages"}],"about":[{"href":"https:\/\/life-effect.org\/pl\/wp-json\/wp\/v2\/types\/page"}],"author":[{"embeddable":true,"href":"https:\/\/life-effect.org\/pl\/wp-json\/wp\/v2\/users\/1"}],"replies":[{"embeddable":true,"href":"https:\/\/life-effect.org\/pl\/wp-json\/wp\/v2\/comments?post=405989"}],"version-history":[{"count":2,"href":"https:\/\/life-effect.org\/pl\/wp-json\/wp\/v2\/pages\/405989\/revisions"}],"predecessor-version":[{"id":405991,"href":"https:\/\/life-effect.org\/pl\/wp-json\/wp\/v2\/pages\/405989\/revisions\/405991"}],"wp:attachment":[{"href":"https:\/\/life-effect.org\/pl\/wp-json\/wp\/v2\/media?parent=405989"}],"curies":[{"name":"wp","href":"https:\/\/api.w.org\/{rel}","templated":true}]}}