{"id":408602,"date":"2025-11-13T10:41:37","date_gmt":"2025-11-13T09:41:37","guid":{"rendered":"https:\/\/life-effect.org\/jaka-bedzie-cena\/"},"modified":"2026-02-05T14:40:30","modified_gmt":"2026-02-05T13:40:30","slug":"jaka-bedzie-cena","status":"publish","type":"page","link":"https:\/\/life-effect.org\/pl\/jaka-bedzie-cena\/","title":{"rendered":"Jaka b\u0119dzie cena?"},"content":{"rendered":"<p>[et_pb_section fb_built=&#8221;1&#8243; _builder_version=&#8221;4.27.4&#8243; _module_preset=&#8221;default&#8221; background_color=&#8221;#F0EFEE&#8221; background_image=&#8221;https:\/\/life-effect.org\/wp-content\/uploads\/2025\/10\/Life-effect-background-02-sky.png&#8221; background_position=&#8221;top_left&#8221; min_height=&#8221;2598.4px&#8221; custom_padding=&#8221;163px|||0px||&#8221; global_colors_info=&#8221;{}&#8221;][et_pb_row _builder_version=&#8221;4.27.4&#8243; _module_preset=&#8221;default&#8221; width=&#8221;91.5%&#8221; module_alignment=&#8221;center&#8221; min_height=&#8221;157.3px&#8221; custom_margin=&#8221;0px|auto|-55px|180px|false|false&#8221; custom_padding=&#8221;||0px|||&#8221; global_colors_info=&#8221;{}&#8221;][et_pb_column type=&#8221;4_4&#8243; _builder_version=&#8221;4.27.4&#8243; _module_preset=&#8221;default&#8221; global_colors_info=&#8221;{}&#8221;][et_pb_text content_tablet=&#8221;<\/p>\n<p>Jaka b\u0119dzie cena?<\/p>\n<p>&#8221; content_phone=&#8221;<\/p>\n<p>Jaka b\u0119dzie cena?<\/p>\n<p>&#8221; content_last_edited=&#8221;on|phone&#8221; _builder_version=&#8221;4.27.4&#8243; _module_preset=&#8221;default&#8221; text_font=&#8221;&#8211;et_global_heading_font|700|||||||&#8221; text_font_size=&#8221;50px&#8221; min_height=&#8221;124.8px&#8221; custom_padding=&#8221;||93px|||&#8221; text_line_height_tablet=&#8221;1.7em&#8221; text_line_height_phone=&#8221;1em&#8221; text_line_height_last_edited=&#8221;on|tablet&#8221; global_colors_info=&#8221;{}&#8221;]<\/p>\n<p style=\"text-align: left\">Jaka b\u0119dzie cena?<\/p>\n<p>[\/et_pb_text][\/et_pb_column][\/et_pb_row][et_pb_row _builder_version=&#8221;4.27.4&#8243; _module_preset=&#8221;default&#8221; custom_margin=&#8221;||20px||false|false&#8221; global_colors_info=&#8221;{}&#8221;][et_pb_column type=&#8221;4_4&#8243; _builder_version=&#8221;4.27.4&#8243; _module_preset=&#8221;default&#8221; global_colors_info=&#8221;{}&#8221;][et_pb_video src=&#8221;https:\/\/youtu.be\/8cO0883ZLEg?si=A1Gz_gfQyFioRnrC&#8221; _builder_version=&#8221;4.27.4&#8243; _module_preset=&#8221;default&#8221; global_colors_info=&#8221;{}&#8221;][\/et_pb_video][\/et_pb_column][\/et_pb_row][et_pb_row _builder_version=&#8221;4.27.4&#8243; _module_preset=&#8221;default&#8221; global_colors_info=&#8221;{}&#8221;][et_pb_column type=&#8221;4_4&#8243; _builder_version=&#8221;4.27.4&#8243; _module_preset=&#8221;default&#8221; global_colors_info=&#8221;{}&#8221;][et_pb_blurb title=&#8221;Mechanizmy kontroli cen &#8221; content_max_width=&#8221;100%&#8221; admin_label=&#8221;FContent V20 &#8211; Five &#8211; Empowering businesses across industries&#8221; module_class=&#8221;fc5_blurb&#8221; _builder_version=&#8221;4.27.4&#8243; _module_preset=&#8221;default&#8221; header_level=&#8221;h1&#8243; header_font=&#8221;&#8211;et_global_heading_font|700|||||||&#8221; header_text_color=&#8221;gcid-heading-color&#8221; header_font_size=&#8221;18px&#8221; header_letter_spacing=&#8221;1px&#8221; header_line_height=&#8221;100%&#8221; body_font=&#8221;Sofia Sans||||||||&#8221; body_text_color=&#8221;gcid-heading-color&#8221; width=&#8221;100%&#8221; min_height=&#8221;810.5px&#8221; custom_margin=&#8221;||0px||false|false&#8221; custom_padding=&#8221;|||0px||&#8221; animation=&#8221;off&#8221; header_font_size_tablet=&#8221;18px&#8221; header_font_size_phone=&#8221;16px&#8221; header_font_size_last_edited=&#8221;on|phone&#8221; custom_css_blurb_title=&#8221;padding-bottom:18px;&#8221; custom_css_blurb_content=&#8221;font-weight:400;&#8221; inline_fonts=&#8221;Sofia Sans&#8221; global_colors_info=&#8221;{%22gcid-heading-color%22:%91%22header_text_color%22,%22body_text_color%22%93}&#8221; custom_css_blurb_title_last_edited=&#8221;on|phone&#8221; custom_css_blurb_title_tablet=&#8221;padding-top: 20px;||padding-bottom: 20px;&#8221; custom_css_blurb_title_phone=&#8221;padding-top: 20px;||padding-bottom: 20px;&#8221;]<\/p>\n<p>Podczas debaty politycznej dotycz\u0105cej utworzenia systemu ETS2 na <a style=\"color: #000000;text-decoration: underline\" href=\"https:\/\/www.peter-liese.de\/images\/Briefing_Note2_-_EU_ETS__SCF_-_provisional_agreement_20221218.pdf\"><span style=\"text-decoration: underline\">pierwszym planie<\/span><\/a> znalaz\u0142a si\u0119 kwestia potrzeby wprowadzenia mechanizm\u00f3w kontroli cen i zabezpiecze\u0144.<span style=\"font-weight: 400\">. W rezultacie znowelizowana dyrektywa ETS oraz decyzja dotycz\u0105ca rezerwy stabilno\u015bci rynku (MSR) zawieraj\u0105 kilka instrument\u00f3w reguluj\u0105cych ceny w ramach ETS2. Przewidziano mi\u0119dzy innymi: <\/span><\/p>\n<ul>\n<li style=\"font-weight: 400\"><span style=\"font-weight: 400\">mo\u017cliwo\u015b\u0107 wcze\u015bniejszego wystawienia na aukcj\u0119 30% wi\u0119kszej liczby uprawnie\u0144 do emisji w ci\u0105gu pierwszych trzech lat systemu, kt\u00f3re zostan\u0105 nast\u0119pnie odj\u0119te od przysz\u0142ej puli; <\/span><\/li>\n<\/ul>\n<ul>\n<li style=\"font-weight: 400\"><span style=\"font-weight: 400\">je\u015bli \u015brednia cena EUA (uprawnienia do emisji CO\u2082) przez trzy kolejne miesi\u0105ce przekroczy dwukrotno\u015b\u0107 \u015bredniej ceny z poprzednich sze\u015bciu miesi\u0119cy, z MSR zostanie uwolnionych 50 milion\u00f3w uprawnie\u0144 (art. 30h ust. 1). W latach 2027\u20132028 zasada ta b\u0119dzie bardziej restrykcyjna \u2013 wystarczy, \u017ce cena EUA b\u0119dzie 1,5 raza wy\u017csza od \u015bredniej z poprzednich sze\u015bciu miesi\u0119cy przez trzy kolejne miesi\u0105ce, aby uruchomi\u0107 uwolnienie 50 milion\u00f3w uprawnie\u0144; <\/span><\/li>\n<\/ul>\n<ul>\n<li style=\"font-weight: 400\"><span style=\"font-weight: 400\">je\u015bli cena EUA przez trzy kolejne miesi\u0105ce wzro\u015bnie do ponad trzykrotno\u015bci \u015bredniej z poprzednich sze\u015bciu miesi\u0119cy, z MSR zostanie uwolnionych 150 milion\u00f3w uprawnie\u0144;<\/span><\/li>\n<\/ul>\n<ul>\n<li style=\"font-weight: 400\"><span style=\"font-weight: 400\">wprowadzono mi\u0119kki limit cenowy na poziomie 45 euro (skorygowany o inflacj\u0119, co prawdopodobnie oznacza oko\u0142o 60 euro do 2027 roku); je\u015bli \u015brednia cena EUA przekroczy ten pr\u00f3g przez ponad dwa miesi\u0105ce, MSR2 zwolni dodatkowe 20 milion\u00f3w uprawnie\u0144; <\/span><\/li>\n<\/ul>\n<ul>\n<li style=\"font-weight: 400\">w przypadku bardzo wysokich cen ropy lub gazu w po\u0142owie 2026 roku uruchomienie ETS2 mo\u017ce zosta\u0107 odroczone o rok do 2028;<\/li>\n<\/ul>\n<ul>\n<li style=\"font-weight: 400\"><span style=\"font-weight: 400\">dodatkowa klauzula umo\u017cliwia Komisji Europejskiej reakcj\u0119 na wyj\u0105tkowo wysokie ceny ETS2 poprzez wydanie aktu wykonawczego w sytuacji, gdy okre\u015blony niski poziom dost\u0119pnych uprawnie\u0144 zostanie osi\u0105gni\u0119ty dwukrotnie w ci\u0105gu 12 miesi\u0119cy.<\/span><\/li>\n<\/ul>\n<p><span style=\"font-weight: 400\">Kontrole cen w systemie ETS2, w tym limity i mechanizmy przewidziane w dyrektywie ETS oraz rezerwie stabilno\u015bci rynku, b\u0119d\u0105 obowi\u0105zywa\u0107 do 2029 roku. W tym czasie Komisja Europejska ma ustawowy obowi\u0105zek przeprowadzenia przegl\u0105du funkcjonowania tych zabezpiecze\u0144 i \u2013 je\u015bli zajdzie taka potrzeba \u2013 zaproponowania przed\u0142u\u017cenia lub rozszerzenia instrument\u00f3w kontroli cen po 2029 roku. Ocen\u0119 dzia\u0142ania systemu przewidziano tak\u017ce na 2028 rok, kiedy Komisja dokona przegl\u0105du funkcjonowania ETS2, aby oceni\u0107 prawid\u0142owo\u015b\u0107 rynku oraz stabilno\u015b\u0107 cen. Jest to istotne, poniewa\u017c prognozy, m.in. wed\u0142ug BloombergNEF, wskazuj\u0105 na mo\u017cliwo\u015b\u0107 wzrostu cen uprawnie\u0144 w kierunku 2030 roku, co mo\u017ce by\u0107 brane pod uwag\u0119 przy ewentualnych korektach w przepisach na kolejne lata. Ostateczny kszta\u0142t zabezpiecze\u0144 cenowych i ich ewentualne dalsze obowi\u0105zywanie zale\u017ce\u0107 b\u0119dzie od wynik\u00f3w tego przegl\u0105du i decyzji Komisji Europejskiej.  <\/span><\/p>\n<p>[\/et_pb_blurb][et_pb_image src=&#8221;https:\/\/life-effect.org\/wp-content\/uploads\/2026\/02\/Untitled-design-7.png&#8221; title_text=&#8221;Untitled design (7)&#8221; align=&#8221;center&#8221; _builder_version=&#8221;4.27.5&#8243; _module_preset=&#8221;default&#8221; width=&#8221;55%&#8221; hover_enabled=&#8221;0&#8243; global_colors_info=&#8221;{}&#8221; sticky_enabled=&#8221;0&#8243; custom_padding=&#8221;||0px|||&#8221;][\/et_pb_image][\/et_pb_column][\/et_pb_row][et_pb_row _builder_version=&#8221;4.27.4&#8243; _module_preset=&#8221;default&#8221; global_colors_info=&#8221;{}&#8221;][et_pb_column type=&#8221;4_4&#8243; _builder_version=&#8221;4.27.4&#8243; _module_preset=&#8221;default&#8221; global_colors_info=&#8221;{}&#8221;][et_pb_text _builder_version=&#8221;4.27.4&#8243; _module_preset=&#8221;default&#8221; text_font=&#8221;Sofia Sans||||||||&#8221; global_colors_info=&#8221;{}&#8221;]<span style=\"font-weight: 400\">Wielu analityk\u00f3w rynkowych przewiduje szeroki zakres oczekiwanych cen, co podkre\u015bla trudno\u015b\u0107 w dok\u0142adnym prognozowaniu przysz\u0142ych warto\u015bci ETS2. Ilustruje to poni\u017csza tabela:<\/span> [\/et_pb_text][\/et_pb_column][\/et_pb_row][et_pb_row _builder_version=&#8221;4.27.4&#8243; _module_preset=&#8221;default&#8221; custom_margin=&#8221;0px||0px||true|true&#8221; global_colors_info=&#8221;{}&#8221;][et_pb_column type=&#8221;4_4&#8243; _builder_version=&#8221;4.27.4&#8243; _module_preset=&#8221;default&#8221; global_colors_info=&#8221;{}&#8221;][et_pb_image src=&#8221;https:\/\/life-effect.org\/wp-content\/uploads\/2026\/02\/Untitled-design-8.png&#8221; title_text=&#8221;Untitled design (8)&#8221; align=&#8221;center&#8221; _builder_version=&#8221;4.27.5&#8243; _module_preset=&#8221;default&#8221; width=&#8221;54%&#8221; module_alignment=&#8221;center&#8221; hover_enabled=&#8221;0&#8243; global_colors_info=&#8221;{}&#8221; sticky_enabled=&#8221;0&#8243;][\/et_pb_image][et_pb_text _builder_version=&#8221;4.27.4&#8243; _module_preset=&#8221;default&#8221; text_font=&#8221;Sofia Sans||||||||&#8221; global_colors_info=&#8221;{}&#8221;]Du\u017ce zr\u00f3\u017cnicowanie oczekiwanych cen wynika z r\u00f3\u017cnic w za\u0142o\u017ceniach przyj\u0119tych w poszczeg\u00f3lnych modelach, zw\u0142aszcza w zakresie poziomu ambicji zwi\u0105zanych z wdro\u017ceniem \u015brodk\u00f3w uzupe\u0142niaj\u0105cych maj\u0105cych wzmocni\u0107 redukcj\u0119 emisji wykraczaj\u0105c\u0105 poza bezpo\u015bredni wp\u0142yw ceny uprawnie\u0144 do emisji dwutlenku w\u0119gla, takich jak dyrektywa w sprawie charakterystyki energetycznej budynk\u00f3w<span style=\"font-weight: 400\"> czy normy emisji CO\u2082 dla samochod\u00f3w. Im wi\u0119ksza redukcja emisji w gospodarstwach domowych i transporcie drogowym, tym ni\u017csza b\u0119dzie cena ETS2. Wdro\u017cenie tych \u015brodk\u00f3w uzupe\u0142niaj\u0105cych jest zar\u00f3wno mo\u017cliwe, jak i konieczne.   <\/span> Cena 45 euro za ton\u0119 CO\u2082 przek\u0142ada si\u0119 na 0,01 euro na ka\u017cd\u0105 kWh energii z gazu kopalnego. Chocia\u017c obawy dotycz\u0105ce potencjalnego wp\u0142ywu spo\u0142ecznego zmiennej ceny ETS2 s\u0105 uzasadnione, nie powinny stanowi\u0107 uzasadnienia do przedwczesnego os\u0142abiania ETS2 ani odwraca\u0107 uwagi od niezb\u0119dnych dzia\u0142a\u0144, kt\u00f3re pa\u0144stwa cz\u0142onkowskie musz\u0105 podejmowa\u0107, by poprawi\u0107 sprawiedliwo\u015b\u0107 systemu. <span style=\"font-weight: 400\">ETS2 powinien funkcjonowa\u0107 w pierwszych latach, umo\u017cliwiaj\u0105c ustalenie ceny, zach\u0119caj\u0105c do dekarbonizacji i pozyskuj\u0105c niezb\u0119dne \u015brodki na transformacj\u0119 energetyczn\u0105. <\/span> [\/et_pb_text][et_pb_image src=&#8221;https:\/\/life-effect.org\/wp-content\/uploads\/2026\/02\/Untitled-design-6.png&#8221; title_text=&#8221;Untitled design (6)&#8221; align=&#8221;center&#8221; _builder_version=&#8221;4.27.5&#8243; _module_preset=&#8221;default&#8221; width=&#8221;60%&#8221; module_alignment=&#8221;center&#8221; custom_padding=&#8221;30px||30px||false|false&#8221; hover_enabled=&#8221;0&#8243; global_colors_info=&#8221;{}&#8221; sticky_enabled=&#8221;0&#8243;][\/et_pb_image][\/et_pb_column][\/et_pb_row][et_pb_row _builder_version=&#8221;4.27.4&#8243; _module_preset=&#8221;default&#8221; global_colors_info=&#8221;{}&#8221;][et_pb_column type=&#8221;4_4&#8243; _builder_version=&#8221;4.27.4&#8243; _module_preset=&#8221;default&#8221; global_colors_info=&#8221;{}&#8221;][et_pb_text _builder_version=&#8221;4.27.5&#8243; _module_preset=&#8221;default&#8221; inline_fonts=&#8221;Sofia Sans&#8221; global_colors_info=&#8221;{}&#8221;]<\/p>\n<p><span style=\"font-family: 'Sofia Sans';font-weight: normal\">Jak pokazuje wykres 7 (<span style=\"text-decoration: underline\"><a style=\"color: #0a0a0a;text-decoration: underline\" href=\"https:\/\/www.transportenvironment.org\/topics\/climate-instruments\/ets-2\">opracowany przez Transport and Environment<\/a><\/span>), wahania cen paliw kopalnych w ostatnich latach by\u0142y znacznie wy\u017csze ni\u017c efekt ceny ETS2 ustalonej na poziomie 100 EUR za ton\u0119 CO\u2082. To podkre\u015bla, \u017ce g\u0142\u00f3wnym zagro\u017ceniem dla koszt\u00f3w \u017cycia nie jest sama cena emisji dwutlenku w\u0119gla, lecz utrzymuj\u0105ca si\u0119 zale\u017cno\u015b\u0107 od paliw kopalnych \u2013 tym bardziej, \u017ce koncerny energetyczne wielokrotnie udowadnia\u0142y gotowo\u015b\u0107 do osi\u0105gania nadzwyczajnych zysk\u00f3w. <\/span> <span style=\"font-family: 'Sofia Sans';font-weight: normal\">Ka\u017cda pr\u00f3ba kontrolowania ceny przez zwi\u0119kszenie poda\u017cy uprawnie\u0144 do emisji oznacza\u0142aby wi\u0119ksz\u0105 emisj\u0119 CO\u2082. Aby osi\u0105gn\u0105\u0107 europejskie cele klimatyczne, os\u0142abienie ETS2 musia\u0142oby zosta\u0107 zrekompensowane zwi\u0119kszeniem ambicji w innych sektorach \u2013 w systemie ETS1 lub sektorach obj\u0119tych ESR, np. w rolnictwie (co jest politycznie trudne) albo w sektorze u\u017cytkowania grunt\u00f3w, gdzie skuteczno\u015b\u0107 <a style=\"color: #0a0a0a;text-decoration: underline\" href=\"https:\/\/www.eea.europa.eu\/en\/newsroom\/news\/europes-land-carbon-sink-declines-but-its-potential-stays-high\"><span style=\"text-decoration: underline\">poch\u0142aniaczy dwutlenku w\u0119gla<\/span><\/a> jest ju\u017c zagro\u017cona. <\/span> <span style=\"font-weight: normal;font-family: 'Sofia Sans'\">Ostatecznie najskuteczniejszym sposobem zarz\u0105dzania dynamik\u0105 cen ETS2 bez os\u0142abiania ambicji jest zdecydowane wdro\u017cenie \u015brodk\u00f3w uzupe\u0142niaj\u0105cych. Poprzez ograniczenie emisji w gospodarstwach domowych i transporcie drogowym \u015brodki te zmniejszaj\u0105 popyt na uprawnienia, co z kolei pomaga z\u0142agodzi\u0107 ceny ETS2, jednocze\u015bnie przyspieszaj\u0105c dekarbonizacj\u0119. <\/span> <a href=\"https:\/\/life-effect.org\/wp-content\/uploads\/2025\/11\/What-will-the-ETS2-price-be_-.pdf\" title=\"Pobierz rozdzia\u0142\"> <\/a><\/p>\n<p><span style=\"font-weight: normal;font-family: 'Sofia Sans'\"><strong><\/strong><\/span><\/p>\n<p><a href=\"https:\/\/life-effect.org\/wp-content\/uploads\/2026\/02\/PL-Jaka-bedzie-cena.pdf\" title=\"Pobierz rozdzia\u0142\"><span style=\"font-weight: normal;font-family: 'Sofia Sans'\"><strong>Pobierz rozdzia\u0142<\/strong><\/span><\/a><\/p>\n<p>[\/et_pb_text][\/et_pb_column][\/et_pb_row][et_pb_row _builder_version=&#8221;4.27.4&#8243; _module_preset=&#8221;default&#8221; background_image=&#8221;https:\/\/life-effect.org\/wp-content\/uploads\/2025\/10\/Streetpattern-01-light-green.png&#8221; custom_margin=&#8221;40px||40px||true|false&#8221; custom_padding=&#8221;60px|40px|60px|40px|true|true&#8221; border_radii=&#8221;on|30px|30px|30px|30px&#8221; border_width_all=&#8221;4px&#8221; border_color_all=&#8221;#FFC6ED&#8221; global_colors_info=&#8221;{}&#8221;][et_pb_column type=&#8221;4_4&#8243; _builder_version=&#8221;4.27.4&#8243; _module_preset=&#8221;default&#8221; global_colors_info=&#8221;{}&#8221;][et_pb_text _builder_version=&#8221;4.27.4&#8243; _module_preset=&#8221;default&#8221; text_font=&#8221;&#8211;et_global_heading_font|700|||||||&#8221; header_font=&#8221;&#8211;et_global_heading_font|700|||||||&#8221; header_text_align=&#8221;center&#8221; header_text_color=&#8221;gcid-body-color&#8221; header_font_size=&#8221;50px&#8221; global_colors_info=&#8221;{%22gcid-body-color%22:%91%22header_text_color%22%93}&#8221;]<\/p>\n<h1>Jaka b\u0119dzie cena?<\/h1>\n<p>[\/et_pb_text][et_pb_button button_url=&#8221;https:\/\/life-effect.org\/what-will-the-ets2-price-be-quiz\/&#8221; url_new_window=&#8221;on&#8221; button_text=&#8221;Rozwi\u0105\u017c quiz&#8221; button_alignment=&#8221;center&#8221; _builder_version=&#8221;4.27.4&#8243; _module_preset=&#8221;default&#8221; global_colors_info=&#8221;{}&#8221;][\/et_pb_button][\/et_pb_column][\/et_pb_row][et_pb_row column_structure=&#8221;1_2,1_2&#8243; _builder_version=&#8221;4.27.4&#8243; _module_preset=&#8221;default&#8221; global_colors_info=&#8221;{}&#8221;][et_pb_column type=&#8221;1_2&#8243; _builder_version=&#8221;4.27.4&#8243; _module_preset=&#8221;default&#8221; global_colors_info=&#8221;{}&#8221;][et_pb_button button_url=&#8221;https:\/\/life-effect.org\/pl\/rozwazania-dotyczace-wydatkow-z-tytulu-przychodow-ets2\/&#8221; button_text=&#8221; Rozwa\u017cania dotycz\u0105ce wydatk\u00f3w z tytu\u0142u przychod\u00f3w ETS2&#8243; button_alignment=&#8221;left&#8221; _builder_version=&#8221;4.27.5&#8243; _module_preset=&#8221;default&#8221; button_text_color=&#8221;gcid-heading-color&#8221; button_bg_color=&#8221;RGBA(255,255,255,0)&#8221; button_bg_enable_image=&#8221;off&#8221; global_colors_info=&#8221;{%22gcid-heading-color%22:%91%22button_text_color%22%93}&#8221;][\/et_pb_button][\/et_pb_column][et_pb_column type=&#8221;1_2&#8243; _builder_version=&#8221;4.27.4&#8243; _module_preset=&#8221;default&#8221; global_colors_info=&#8221;{}&#8221;][et_pb_button button_url=&#8221;https:\/\/life-effect.org\/pl\/rola-polityk-uzupelniajacych\/&#8221; button_text=&#8221;Rola polityk uzupe\u0142niaj\u0105cych&#8221; _builder_version=&#8221;4.27.5&#8243; _module_preset=&#8221;default&#8221; button_text_color=&#8221;gcid-heading-color&#8221; button_bg_color=&#8221;RGBA(255,255,255,0)&#8221; button_bg_enable_image=&#8221;off&#8221; global_colors_info=&#8221;{%22gcid-heading-color%22:%91%22button_text_color%22%93}&#8221;][\/et_pb_button][\/et_pb_column][\/et_pb_row][\/et_pb_section]<\/p>\n","protected":false},"excerpt":{"rendered":"<p>Jaka b\u0119dzie cena?Podczas debaty politycznej dotycz\u0105cej utworzenia systemu ETS2 na pierwszym planie znalaz\u0142a si\u0119 kwestia potrzeby wprowadzenia mechanizm\u00f3w kontroli cen i zabezpiecze\u0144.. W rezultacie znowelizowana dyrektywa ETS oraz decyzja dotycz\u0105ca rezerwy stabilno\u015bci rynku (MSR) zawieraj\u0105 kilka instrument\u00f3w reguluj\u0105cych ceny w ramach ETS2. Przewidziano mi\u0119dzy innymi: mo\u017cliwo\u015b\u0107 wcze\u015bniejszego wystawienia na aukcj\u0119 30% wi\u0119kszej liczby uprawnie\u0144 do [&hellip;]<\/p>\n","protected":false},"author":20,"featured_media":0,"parent":0,"menu_order":0,"comment_status":"closed","ping_status":"closed","template":"","meta":{"_acf_changed":false,"_et_pb_use_builder":"on","_et_pb_old_content":"","_et_gb_content_width":"","_monsterinsights_skip_tracking":false,"_monsterinsights_sitenote_active":false,"_monsterinsights_sitenote_note":"","_monsterinsights_sitenote_category":0,"footnotes":""},"class_list":["post-408602","page","type-page","status-publish","hentry"],"acf":[],"yoast_head":"<!-- This site is optimized with the Yoast SEO plugin v27.5 - https:\/\/yoast.com\/product\/yoast-seo-wordpress\/ -->\n<title>Jaka b\u0119dzie cena? - LIFE Effect<\/title>\n<meta name=\"robots\" content=\"index, follow, max-snippet:-1, max-image-preview:large, max-video-preview:-1\" \/>\n<link rel=\"canonical\" href=\"https:\/\/life-effect.org\/pl\/jaka-bedzie-cena\/\" \/>\n<meta property=\"og:locale\" content=\"pl_PL\" \/>\n<meta property=\"og:type\" content=\"article\" \/>\n<meta property=\"og:title\" content=\"Jaka b\u0119dzie cena? - LIFE Effect\" \/>\n<meta property=\"og:description\" content=\"Jaka b\u0119dzie cena?Podczas debaty politycznej dotycz\u0105cej utworzenia systemu ETS2 na pierwszym planie znalaz\u0142a si\u0119 kwestia potrzeby wprowadzenia mechanizm\u00f3w kontroli cen i zabezpiecze\u0144.. W rezultacie znowelizowana dyrektywa ETS oraz decyzja dotycz\u0105ca rezerwy stabilno\u015bci rynku (MSR) zawieraj\u0105 kilka instrument\u00f3w reguluj\u0105cych ceny w ramach ETS2. Przewidziano mi\u0119dzy innymi: mo\u017cliwo\u015b\u0107 wcze\u015bniejszego wystawienia na aukcj\u0119 30% wi\u0119kszej liczby uprawnie\u0144 do [&hellip;]\" \/>\n<meta property=\"og:url\" content=\"https:\/\/life-effect.org\/pl\/jaka-bedzie-cena\/\" \/>\n<meta property=\"og:site_name\" content=\"LIFE Effect\" \/>\n<meta property=\"article:modified_time\" content=\"2026-02-05T13:40:30+00:00\" \/>\n<meta name=\"twitter:card\" content=\"summary_large_image\" \/>\n<meta name=\"twitter:label1\" content=\"Szacowany czas czytania\" \/>\n\t<meta name=\"twitter:data1\" content=\"9 minut\" \/>\n<script type=\"application\/ld+json\" class=\"yoast-schema-graph\">{\"@context\":\"https:\\\/\\\/schema.org\",\"@graph\":[{\"@type\":\"WebPage\",\"@id\":\"https:\\\/\\\/life-effect.org\\\/pl\\\/jaka-bedzie-cena\\\/\",\"url\":\"https:\\\/\\\/life-effect.org\\\/pl\\\/jaka-bedzie-cena\\\/\",\"name\":\"Jaka b\u0119dzie cena? - LIFE Effect\",\"isPartOf\":{\"@id\":\"https:\\\/\\\/life-effect.org\\\/pl\\\/#website\"},\"datePublished\":\"2025-11-13T09:41:37+00:00\",\"dateModified\":\"2026-02-05T13:40:30+00:00\",\"breadcrumb\":{\"@id\":\"https:\\\/\\\/life-effect.org\\\/pl\\\/jaka-bedzie-cena\\\/#breadcrumb\"},\"inLanguage\":\"pl-PL\",\"potentialAction\":[{\"@type\":\"ReadAction\",\"target\":[\"https:\\\/\\\/life-effect.org\\\/pl\\\/jaka-bedzie-cena\\\/\"]}]},{\"@type\":\"BreadcrumbList\",\"@id\":\"https:\\\/\\\/life-effect.org\\\/pl\\\/jaka-bedzie-cena\\\/#breadcrumb\",\"itemListElement\":[{\"@type\":\"ListItem\",\"position\":1,\"name\":\"Home\",\"item\":\"https:\\\/\\\/life-effect.org\\\/pl\\\/\"},{\"@type\":\"ListItem\",\"position\":2,\"name\":\"Jaka b\u0119dzie cena?\"}]},{\"@type\":\"WebSite\",\"@id\":\"https:\\\/\\\/life-effect.org\\\/pl\\\/#website\",\"url\":\"https:\\\/\\\/life-effect.org\\\/pl\\\/\",\"name\":\"LIFE Effect\",\"description\":\"For carbon pricing that puts people and planet first\",\"potentialAction\":[{\"@type\":\"SearchAction\",\"target\":{\"@type\":\"EntryPoint\",\"urlTemplate\":\"https:\\\/\\\/life-effect.org\\\/pl\\\/?s={search_term_string}\"},\"query-input\":{\"@type\":\"PropertyValueSpecification\",\"valueRequired\":true,\"valueName\":\"search_term_string\"}}],\"inLanguage\":\"pl-PL\"}]}<\/script>\n<!-- \/ Yoast SEO plugin. -->","yoast_head_json":{"title":"Jaka b\u0119dzie cena? - LIFE Effect","robots":{"index":"index","follow":"follow","max-snippet":"max-snippet:-1","max-image-preview":"max-image-preview:large","max-video-preview":"max-video-preview:-1"},"canonical":"https:\/\/life-effect.org\/pl\/jaka-bedzie-cena\/","og_locale":"pl_PL","og_type":"article","og_title":"Jaka b\u0119dzie cena? - LIFE Effect","og_description":"Jaka b\u0119dzie cena?Podczas debaty politycznej dotycz\u0105cej utworzenia systemu ETS2 na pierwszym planie znalaz\u0142a si\u0119 kwestia potrzeby wprowadzenia mechanizm\u00f3w kontroli cen i zabezpiecze\u0144.. W rezultacie znowelizowana dyrektywa ETS oraz decyzja dotycz\u0105ca rezerwy stabilno\u015bci rynku (MSR) zawieraj\u0105 kilka instrument\u00f3w reguluj\u0105cych ceny w ramach ETS2. Przewidziano mi\u0119dzy innymi: mo\u017cliwo\u015b\u0107 wcze\u015bniejszego wystawienia na aukcj\u0119 30% wi\u0119kszej liczby uprawnie\u0144 do [&hellip;]","og_url":"https:\/\/life-effect.org\/pl\/jaka-bedzie-cena\/","og_site_name":"LIFE Effect","article_modified_time":"2026-02-05T13:40:30+00:00","twitter_card":"summary_large_image","twitter_misc":{"Szacowany czas czytania":"9 minut"},"schema":{"@context":"https:\/\/schema.org","@graph":[{"@type":"WebPage","@id":"https:\/\/life-effect.org\/pl\/jaka-bedzie-cena\/","url":"https:\/\/life-effect.org\/pl\/jaka-bedzie-cena\/","name":"Jaka b\u0119dzie cena? - LIFE Effect","isPartOf":{"@id":"https:\/\/life-effect.org\/pl\/#website"},"datePublished":"2025-11-13T09:41:37+00:00","dateModified":"2026-02-05T13:40:30+00:00","breadcrumb":{"@id":"https:\/\/life-effect.org\/pl\/jaka-bedzie-cena\/#breadcrumb"},"inLanguage":"pl-PL","potentialAction":[{"@type":"ReadAction","target":["https:\/\/life-effect.org\/pl\/jaka-bedzie-cena\/"]}]},{"@type":"BreadcrumbList","@id":"https:\/\/life-effect.org\/pl\/jaka-bedzie-cena\/#breadcrumb","itemListElement":[{"@type":"ListItem","position":1,"name":"Home","item":"https:\/\/life-effect.org\/pl\/"},{"@type":"ListItem","position":2,"name":"Jaka b\u0119dzie cena?"}]},{"@type":"WebSite","@id":"https:\/\/life-effect.org\/pl\/#website","url":"https:\/\/life-effect.org\/pl\/","name":"LIFE Effect","description":"For carbon pricing that puts people and planet first","potentialAction":[{"@type":"SearchAction","target":{"@type":"EntryPoint","urlTemplate":"https:\/\/life-effect.org\/pl\/?s={search_term_string}"},"query-input":{"@type":"PropertyValueSpecification","valueRequired":true,"valueName":"search_term_string"}}],"inLanguage":"pl-PL"}]}},"_links":{"self":[{"href":"https:\/\/life-effect.org\/pl\/wp-json\/wp\/v2\/pages\/408602","targetHints":{"allow":["GET"]}}],"collection":[{"href":"https:\/\/life-effect.org\/pl\/wp-json\/wp\/v2\/pages"}],"about":[{"href":"https:\/\/life-effect.org\/pl\/wp-json\/wp\/v2\/types\/page"}],"author":[{"embeddable":true,"href":"https:\/\/life-effect.org\/pl\/wp-json\/wp\/v2\/users\/20"}],"replies":[{"embeddable":true,"href":"https:\/\/life-effect.org\/pl\/wp-json\/wp\/v2\/comments?post=408602"}],"version-history":[{"count":5,"href":"https:\/\/life-effect.org\/pl\/wp-json\/wp\/v2\/pages\/408602\/revisions"}],"predecessor-version":[{"id":408756,"href":"https:\/\/life-effect.org\/pl\/wp-json\/wp\/v2\/pages\/408602\/revisions\/408756"}],"wp:attachment":[{"href":"https:\/\/life-effect.org\/pl\/wp-json\/wp\/v2\/media?parent=408602"}],"curies":[{"name":"wp","href":"https:\/\/api.w.org\/{rel}","templated":true}]}}