{"id":408636,"date":"2025-11-06T17:40:11","date_gmt":"2025-11-06T16:40:11","guid":{"rendered":"https:\/\/life-effect.org\/moduly-szkoleniowe\/"},"modified":"2026-02-05T10:44:32","modified_gmt":"2026-02-05T09:44:32","slug":"moduly-szkoleniowe","status":"publish","type":"page","link":"https:\/\/life-effect.org\/pl\/moduly-szkoleniowe\/","title":{"rendered":"Modu\u0142y Szkoleniowe"},"content":{"rendered":"<p>[et_pb_section fb_built=&#8221;1&#8243; _builder_version=&#8221;4.27.4&#8243; _module_preset=&#8221;default&#8221; background_color=&#8221;#FFC6ED&#8221; use_background_color_gradient=&#8221;on&#8221; background_color_gradient_type=&#8221;circular&#8221; background_color_gradient_stops=&#8221;#83c4e7 0%|#ffc6ed 100%&#8221; background_image=&#8221;https:\/\/life-effect.org\/wp-content\/uploads\/2025\/10\/Life-effect-background-02-sky.png&#8221; parallax=&#8221;on&#8221; global_colors_info=&#8221;{}&#8221;][et_pb_row _builder_version=&#8221;4.27.4&#8243; _module_preset=&#8221;default&#8221; custom_margin=&#8221;80px||||false|false&#8221; animation_style=&#8221;fade&#8221; animation_duration=&#8221;800ms&#8221; global_colors_info=&#8221;{}&#8221;][et_pb_column type=&#8221;4_4&#8243; _builder_version=&#8221;4.27.4&#8243; _module_preset=&#8221;default&#8221; global_colors_info=&#8221;{}&#8221;][et_pb_heading title=&#8221;ETS2 101 Modu\u0142y Szkoleniowe &#8221; _builder_version=&#8221;4.27.4&#8243; _module_preset=&#8221;default&#8221; title_font=&#8221;&#8211;et_global_heading_font|700|||||||&#8221; title_text_color=&#8221;#000000&#8243; title_letter_spacing=&#8221;1px&#8221; global_colors_info=&#8221;{}&#8221;][\/et_pb_heading][\/et_pb_column][\/et_pb_row][et_pb_row column_structure=&#8221;1_3,1_3,1_3&#8243; _builder_version=&#8221;4.27.4&#8243; _module_preset=&#8221;default&#8221; background_color=&#8221;RGBA(255,255,255,0)&#8221; animation_style=&#8221;fade&#8221; animation_direction=&#8221;bottom&#8221; animation_duration=&#8221;800ms&#8221; global_colors_info=&#8221;{}&#8221;][et_pb_column type=&#8221;1_3&#8243; _builder_version=&#8221;4.27.4&#8243; _module_preset=&#8221;default&#8221; global_colors_info=&#8221;{}&#8221;][et_pb_text _builder_version=&#8221;4.27.5&#8243; _module_preset=&#8221;default&#8221; text_font=&#8221;&#8211;et_global_heading_font|800|||||||&#8221; text_font_size=&#8221;14px&#8221; text_line_height=&#8221;1.2em&#8221; background_color=&#8221;rgba(240,239,238,0.18)&#8221; custom_margin=&#8221;0px||||false|false&#8221; custom_padding=&#8221;80px|80px|85px|80px|false|false&#8221; link_option_url=&#8221;https:\/\/life-effect.org\/pl\/czym-jest-ets2-jak-dziala-ets2\/&#8221; link_option_url_new_window=&#8221;on&#8221; background_last_edited=&#8221;off|desktop&#8221; border_radii=&#8221;on|30px|30px|30px|30px&#8221; border_color_all=&#8221;RGBA(255,255,255,0)&#8221; box_shadow_style=&#8221;preset6&#8243; box_shadow_color=&#8221;#F0EFEE&#8221; inline_fonts=&#8221;Sofia Sans&#8221; global_colors_info=&#8221;{}&#8221; background__hover_enabled=&#8221;off|desktop&#8221;]<\/p>\n<p style=\"text-align: center\"><span style=\"font-size: x-large\">Modu\u0142 01<\/span><\/p>\n<p style=\"text-align: center\"><span style=\"font-family: 'Sofia Sans';font-weight: normal;font-size: large\">Czym jest ETS2?<\/span><span style=\"font-family: 'Sofia Sans';font-weight: normal;font-size: large\"><\/span><\/p>\n<p style=\"text-align: center\">[\/et_pb_text][\/et_pb_column][et_pb_column type=&#8221;1_3&#8243; _builder_version=&#8221;4.27.4&#8243; _module_preset=&#8221;default&#8221; global_colors_info=&#8221;{}&#8221;][et_pb_text _builder_version=&#8221;4.27.5&#8243; _module_preset=&#8221;default&#8221; text_font=&#8221;&#8211;et_global_heading_font|800|||||||&#8221; text_font_size=&#8221;14px&#8221; text_line_height=&#8221;1.2em&#8221; background_color=&#8221;rgba(240,239,238,0.18)&#8221; custom_margin=&#8221;0px||||false|false&#8221; custom_padding=&#8221;80px|80px|80px|80px|false|false&#8221; link_option_url=&#8221;https:\/\/life-effect.org\/pl\/spoleczny-fundusz-klimatyczny\/&#8221; link_option_url_new_window=&#8221;on&#8221; background_last_edited=&#8221;off|desktop&#8221; border_radii=&#8221;on|30px|30px|30px|30px&#8221; border_color_all=&#8221;RGBA(255,255,255,0)&#8221; box_shadow_style=&#8221;preset6&#8243; box_shadow_color=&#8221;#F0EFEE&#8221; inline_fonts=&#8221;Sofia Sans&#8221; global_colors_info=&#8221;{}&#8221; background__hover_enabled=&#8221;off|desktop&#8221;]<\/p>\n<p style=\"text-align: center\"><span style=\"font-size: x-large\">Modu\u0142 02<\/span><\/p>\n<p style=\"text-align: center\"><span style=\"font-family: 'Sofia Sans';font-weight: normal;font-size: large\">Spo\u0142eczny Fundusz Klimatyczny<\/span><\/p>\n<p>[\/et_pb_text][\/et_pb_column][et_pb_column type=&#8221;1_3&#8243; _builder_version=&#8221;4.27.4&#8243; _module_preset=&#8221;default&#8221; global_colors_info=&#8221;{}&#8221;][et_pb_text _builder_version=&#8221;4.27.5&#8243; _module_preset=&#8221;default&#8221; text_font=&#8221;&#8211;et_global_heading_font|800|||||||&#8221; text_font_size=&#8221;14px&#8221; text_line_height=&#8221;1.2em&#8221; background_color=&#8221;rgba(240,239,238,0.18)&#8221; min_height=&#8221;186px&#8221; custom_margin=&#8221;0px||||false|false&#8221; custom_padding=&#8221;80px|80px|48px|80px|false|false&#8221; link_option_url=&#8221;https:\/\/life-effect.org\/pl\/rozwazania-dotyczace-wydatkow-z-tytulu-przychodow-ets2\/&#8221; link_option_url_new_window=&#8221;on&#8221; background_last_edited=&#8221;off|desktop&#8221; border_radii=&#8221;on|30px|30px|30px|30px&#8221; border_color_all=&#8221;RGBA(255,255,255,0)&#8221; box_shadow_style=&#8221;preset6&#8243; box_shadow_color=&#8221;#F0EFEE&#8221; inline_fonts=&#8221;Sofia Sans&#8221; global_colors_info=&#8221;{}&#8221; background__hover_enabled=&#8221;off|desktop&#8221;]<\/p>\n<p style=\"text-align: center\"><span style=\"font-size: x-large\">Modu\u0142 03<\/span><\/p>\n<p style=\"text-align: center\"><span style=\"font-family: 'Sofia Sans';font-weight: normal;font-size: large\"> Rozwa\u017cania dotycz\u0105ce wydatk\u00f3w z tytu\u0142u przychod\u00f3w ETS2<\/span><\/p>\n<p>[\/et_pb_text][\/et_pb_column][\/et_pb_row][et_pb_row column_structure=&#8221;1_3,1_3,1_3&#8243; _builder_version=&#8221;4.27.4&#8243; _module_preset=&#8221;default&#8221; animation_style=&#8221;fade&#8221; animation_duration=&#8221;800ms&#8221; global_colors_info=&#8221;{}&#8221;][et_pb_column type=&#8221;1_3&#8243; _builder_version=&#8221;4.27.4&#8243; _module_preset=&#8221;default&#8221; global_colors_info=&#8221;{}&#8221;][et_pb_text _builder_version=&#8221;4.27.5&#8243; _module_preset=&#8221;default&#8221; text_font=&#8221;&#8211;et_global_heading_font|800|||||||&#8221; text_font_size=&#8221;14px&#8221; text_line_height=&#8221;1.2em&#8221; background_color=&#8221;rgba(240,239,238,0.18)&#8221; custom_margin=&#8221;0px||||false|false&#8221; custom_padding=&#8221;80px|80px|80px|80px|false|false&#8221; link_option_url=&#8221;https:\/\/life-effect.org\/pl\/jaka-bedzie-cena\/&#8221; link_option_url_new_window=&#8221;on&#8221; background_last_edited=&#8221;off|desktop&#8221; border_radii=&#8221;on|30px|30px|30px|30px&#8221; border_color_all=&#8221;RGBA(255,255,255,0)&#8221; box_shadow_style=&#8221;preset6&#8243; box_shadow_color=&#8221;#F0EFEE&#8221; inline_fonts=&#8221;Sofia Sans&#8221; global_colors_info=&#8221;{}&#8221; background__hover_enabled=&#8221;off|desktop&#8221;]<\/p>\n<p style=\"text-align: center\"><span style=\"font-size: x-large\">Modu\u0142 04<\/span><\/p>\n<p style=\"text-align: center\"><span style=\"font-family: 'Sofia Sans';font-weight: normal;font-size: large\">Jaka b\u0119dzie cena?<\/span><\/p>\n<p>[\/et_pb_text][\/et_pb_column][et_pb_column type=&#8221;1_3&#8243; _builder_version=&#8221;4.27.4&#8243; _module_preset=&#8221;default&#8221; global_colors_info=&#8221;{}&#8221;][et_pb_text _builder_version=&#8221;4.27.5&#8243; _module_preset=&#8221;default&#8221; text_font=&#8221;&#8211;et_global_heading_font|800|||||||&#8221; text_font_size=&#8221;14px&#8221; text_line_height=&#8221;1.2em&#8221; background_color=&#8221;rgba(240,239,238,0.18)&#8221; custom_margin=&#8221;0px||||false|false&#8221; custom_padding=&#8221;80px|80px|65px|80px|false|false&#8221; link_option_url=&#8221;https:\/\/life-effect.org\/pl\/rola-polityk-uzupelniajacych\/&#8221; link_option_url_new_window=&#8221;on&#8221; background_last_edited=&#8221;off|desktop&#8221; border_radii=&#8221;on|30px|30px|30px|30px&#8221; border_color_all=&#8221;RGBA(255,255,255,0)&#8221; box_shadow_style=&#8221;preset6&#8243; box_shadow_color=&#8221;#F0EFEE&#8221; inline_fonts=&#8221;Sofia Sans&#8221; global_colors_info=&#8221;{}&#8221; background__hover_enabled=&#8221;off|desktop&#8221;]<\/p>\n<p style=\"text-align: center\"><span style=\"font-size: x-large\">Modu\u0142 05<\/span><\/p>\n<p style=\"text-align: center\"><span style=\"font-family: 'Sofia Sans';font-weight: normal;font-size: large\">Rola polityk uzupe\u0142niaj\u0105cych<\/span><\/p>\n<p>[\/et_pb_text][\/et_pb_column][et_pb_column type=&#8221;1_3&#8243; _builder_version=&#8221;4.27.4&#8243; _module_preset=&#8221;default&#8221; global_colors_info=&#8221;{}&#8221;][et_pb_text _builder_version=&#8221;4.27.5&#8243; _module_preset=&#8221;default&#8221; text_font=&#8221;&#8211;et_global_heading_font|800|||||||&#8221; text_font_size=&#8221;14px&#8221; text_line_height=&#8221;1.2em&#8221; background_color=&#8221;rgba(240,239,238,0.18)&#8221; custom_margin=&#8221;0px||||false|false&#8221; custom_padding=&#8221;80px|80px|48px|80px|false|false&#8221; link_option_url=&#8221;https:\/\/life-effect.org\/pl\/ets2-i-cel-klimatyczny-na-2040-r\/&#8221; link_option_url_new_window=&#8221;on&#8221; background_last_edited=&#8221;off|desktop&#8221; border_radii=&#8221;on|30px|30px|30px|30px&#8221; border_color_all=&#8221;RGBA(255,255,255,0)&#8221; box_shadow_style=&#8221;preset6&#8243; box_shadow_color=&#8221;#F0EFEE&#8221; inline_fonts=&#8221;Sofia Sans&#8221; global_colors_info=&#8221;{}&#8221; background__hover_enabled=&#8221;off|desktop&#8221;]<\/p>\n<p style=\"text-align: center\"><span style=\"font-size: x-large\">Modu\u0142 06<\/span><\/p>\n<p style=\"text-align: center\"><span style=\"font-family: 'Sofia Sans';font-weight: normal;font-size: large\"> ETS2 i cel klimatyczny na 2040 r.<\/span><\/p>\n<p>[\/et_pb_text][\/et_pb_column][\/et_pb_row][et_pb_row _builder_version=&#8221;4.27.4&#8243; _module_preset=&#8221;default&#8221; custom_padding=&#8221;||0px|||&#8221; global_colors_info=&#8221;{}&#8221;][et_pb_column type=&#8221;4_4&#8243; _builder_version=&#8221;4.27.4&#8243; _module_preset=&#8221;default&#8221; global_colors_info=&#8221;{}&#8221;][et_pb_divider show_divider=&#8221;off&#8221; _builder_version=&#8221;4.27.4&#8243; _module_preset=&#8221;default&#8221; module_alignment=&#8221;center&#8221; custom_margin=&#8221;||0px||false|false&#8221; custom_padding=&#8221;||0px||false|false&#8221; global_colors_info=&#8221;{}&#8221;][\/et_pb_divider][\/et_pb_column][\/et_pb_row][et_pb_row custom_padding_last_edited=&#8221;on|desktop&#8221; admin_label=&#8221;FContent V1 &#8211; Five &#8211; Row&#8221; _builder_version=&#8221;4.27.4&#8243; _module_preset=&#8221;default&#8221; background_color=&#8221;rgba(183,218,157,0.2)&#8221; use_background_color_gradient=&#8221;on&#8221; background_color_gradient_stops=&#8221;#b7da9d 0%|#9dcc41 100%&#8221; background_color_gradient_overlays_image=&#8221;on&#8221; background_image=&#8221;https:\/\/life-effect.org\/wp-content\/uploads\/2025\/02\/Streetpattern-02-light-green.png&#8221; background_blend=&#8221;lighten&#8221; width=&#8221;83%&#8221; width_tablet=&#8221;58.2%&#8221; width_phone=&#8221;88.5%&#8221; width_last_edited=&#8221;on|phone&#8221; max_width=&#8221;2560px&#8221; custom_margin=&#8221;42px|100px|66px|100px|false|true&#8221; custom_margin_tablet=&#8221;42px|164px|66px|164px|false|true&#8221; custom_margin_phone=&#8221;42px|100px|22px|24px|false|false&#8221; custom_margin_last_edited=&#8221;on|phone&#8221; custom_padding=&#8221;|67px|50px|67px|false|true&#8221; custom_padding_tablet=&#8221;62px|69px|62px|69px|true|true&#8221; custom_padding_phone=&#8221;42px|28px|42px|28px|true|true&#8221; border_radii=&#8221;on|20px|20px|20px|20px&#8221; border_width_all=&#8221;4px&#8221; border_color_all=&#8221;#FFC6ED&#8221; global_colors_info=&#8221;{}&#8221;][et_pb_column type=&#8221;4_4&#8243; _builder_version=&#8221;4.27.0&#8243; _module_preset=&#8221;default&#8221; global_colors_info=&#8221;{}&#8221;][et_pb_text disabled_on=&#8221;off|off|off&#8221; admin_label=&#8221;FContent V1 &#8211; Five &#8211; Text&#8221; _builder_version=&#8221;4.27.4&#8243; _module_preset=&#8221;default&#8221; text_font=&#8221;&#8211;et_global_heading_font|700|||||||&#8221; text_text_color=&#8221;gcid-heading-color&#8221; text_font_size=&#8221;50px&#8221; text_line_height=&#8221;1.2em&#8221; max_width_tablet=&#8221;450px&#8221; max_width_phone=&#8221;450px&#8221; max_width_last_edited=&#8221;off|desktop&#8221; module_alignment=&#8221;left&#8221; custom_margin=&#8221;||9px||false|false&#8221; custom_margin_tablet=&#8221;||0px||false|false&#8221; custom_margin_phone=&#8221;||53px||false|false&#8221; custom_margin_last_edited=&#8221;on|phone&#8221; custom_padding_tablet=&#8221;&#8221; custom_padding_phone=&#8221;&#8221; custom_padding_last_edited=&#8221;on|phone&#8221; text_font_size_tablet=&#8221;44px&#8221; text_font_size_phone=&#8221;30px&#8221; text_font_size_last_edited=&#8221;on|phone&#8221; global_colors_info=&#8221;{%22gcid-heading-color%22:%91%22text_text_color%22%93}&#8221;]<\/p>\n<p style=\"text-align: center\"> ETS2 101<\/p>\n<p>[\/et_pb_text][et_pb_text _builder_version=&#8221;4.27.4&#8243; _module_preset=&#8221;default&#8221; text_font=&#8221;Sofia Sans 2||||||||&#8221; header_font=&#8221;|300|||||||&#8221; text_orientation=&#8221;center&#8221; global_colors_info=&#8221;{}&#8221;]<\/p>\n<p style=\"text-align: center\">Przewodnik po ETS2<\/p>\n<p>[\/et_pb_text][et_pb_button button_url=&#8221;https:\/\/life-effect.org\/wp-content\/uploads\/2026\/02\/EUETS2_101_PL.pdf&#8221; url_new_window=&#8221;on&#8221; button_text=&#8221;Przeczytaj &#8221; button_alignment=&#8221;center&#8221; admin_label=&#8221;The Loser Button &#8211; Freddie&#8221; _builder_version=&#8221;4.27.5&#8243; _module_preset=&#8221;default&#8221; hover_enabled=&#8221;0&#8243; saved_tabs=&#8221;all&#8221; global_colors_info=&#8221;{}&#8221; sticky_enabled=&#8221;0&#8243;]<\/p>\n<p>[\/et_pb_button][\/et_pb_column][\/et_pb_row][et_pb_row _builder_version=&#8221;4.27.4&#8243; _module_preset=&#8221;default&#8221; global_colors_info=&#8221;{}&#8221;][et_pb_column type=&#8221;4_4&#8243; _builder_version=&#8221;4.27.4&#8243; _module_preset=&#8221;default&#8221; global_colors_info=&#8221;{}&#8221;][et_pb_text _builder_version=&#8221;4.27.4&#8243; _module_preset=&#8221;default&#8221; inline_fonts=&#8221;Sofia Sans&#8221; global_colors_info=&#8221;{}&#8221;]<\/p>\n<p><span style=\"font-weight: normal;font-family: 'Sofia Sans';font-size: medium\">W momencie pisania tych modu\u0142\u00f3w w pa\u017adzierniku 2025 r. ETS2 nadal ma wej\u015b\u0107 w \u017cycie w 2027 r., ale w listopadzie 2025 r. Rada Europejska podj\u0119\u0142a dzia\u0142ania maj\u0105ce na celu op\u00f3\u017anienie jego wprowadzenia.<\/span><\/p>\n<p>[\/et_pb_text][\/et_pb_column][\/et_pb_row][\/et_pb_section]<\/p>\n","protected":false},"excerpt":{"rendered":"<p>Modu\u0142 01 Czym jest ETS2? Modu\u0142 02 Spo\u0142eczny Fundusz KlimatycznyModu\u0142 03 Rozwa\u017cania dotycz\u0105ce wydatk\u00f3w z tytu\u0142u przychod\u00f3w ETS2Modu\u0142 04 Jaka b\u0119dzie cena?Modu\u0142 05 Rola polityk uzupe\u0142niaj\u0105cychModu\u0142 06 ETS2 i cel klimatyczny na 2040 r. ETS2 101Przewodnik po ETS2 W momencie pisania tych modu\u0142\u00f3w w pa\u017adzierniku 2025 r. ETS2 nadal ma wej\u015b\u0107 w \u017cycie w 2027 [&hellip;]<\/p>\n","protected":false},"author":3,"featured_media":0,"parent":0,"menu_order":0,"comment_status":"closed","ping_status":"closed","template":"","meta":{"_acf_changed":false,"_et_pb_use_builder":"on","_et_pb_old_content":"","_et_gb_content_width":"","_monsterinsights_skip_tracking":false,"_monsterinsights_sitenote_active":false,"_monsterinsights_sitenote_note":"","_monsterinsights_sitenote_category":0,"footnotes":""},"class_list":["post-408636","page","type-page","status-publish","hentry"],"acf":[],"yoast_head":"<!-- This site is optimized with the Yoast SEO plugin v27.4 - https:\/\/yoast.com\/product\/yoast-seo-wordpress\/ -->\n<title>Modu\u0142y Szkoleniowe - LIFE Effect<\/title>\n<meta name=\"robots\" content=\"index, follow, max-snippet:-1, max-image-preview:large, max-video-preview:-1\" \/>\n<link rel=\"canonical\" href=\"https:\/\/life-effect.org\/pl\/moduly-szkoleniowe\/\" \/>\n<meta property=\"og:locale\" content=\"pl_PL\" \/>\n<meta property=\"og:type\" content=\"article\" \/>\n<meta property=\"og:title\" content=\"Modu\u0142y Szkoleniowe - LIFE Effect\" \/>\n<meta property=\"og:description\" content=\"Modu\u0142 01 Czym jest ETS2? Modu\u0142 02 Spo\u0142eczny Fundusz KlimatycznyModu\u0142 03 Rozwa\u017cania dotycz\u0105ce wydatk\u00f3w z tytu\u0142u przychod\u00f3w ETS2Modu\u0142 04 Jaka b\u0119dzie cena?Modu\u0142 05 Rola polityk uzupe\u0142niaj\u0105cychModu\u0142 06 ETS2 i cel klimatyczny na 2040 r. ETS2 101Przewodnik po ETS2 W momencie pisania tych modu\u0142\u00f3w w pa\u017adzierniku 2025 r. ETS2 nadal ma wej\u015b\u0107 w \u017cycie w 2027 [&hellip;]\" \/>\n<meta property=\"og:url\" content=\"https:\/\/life-effect.org\/pl\/moduly-szkoleniowe\/\" \/>\n<meta property=\"og:site_name\" content=\"LIFE Effect\" \/>\n<meta property=\"article:modified_time\" content=\"2026-02-05T09:44:32+00:00\" \/>\n<meta name=\"twitter:card\" content=\"summary_large_image\" \/>\n<meta name=\"twitter:label1\" content=\"Szacowany czas czytania\" \/>\n\t<meta name=\"twitter:data1\" content=\"7 minut\" \/>\n<script type=\"application\/ld+json\" class=\"yoast-schema-graph\">{\"@context\":\"https:\\\/\\\/schema.org\",\"@graph\":[{\"@type\":\"WebPage\",\"@id\":\"https:\\\/\\\/life-effect.org\\\/pl\\\/moduly-szkoleniowe\\\/\",\"url\":\"https:\\\/\\\/life-effect.org\\\/pl\\\/moduly-szkoleniowe\\\/\",\"name\":\"Modu\u0142y Szkoleniowe - LIFE Effect\",\"isPartOf\":{\"@id\":\"https:\\\/\\\/life-effect.org\\\/pl\\\/#website\"},\"datePublished\":\"2025-11-06T16:40:11+00:00\",\"dateModified\":\"2026-02-05T09:44:32+00:00\",\"breadcrumb\":{\"@id\":\"https:\\\/\\\/life-effect.org\\\/pl\\\/moduly-szkoleniowe\\\/#breadcrumb\"},\"inLanguage\":\"pl-PL\",\"potentialAction\":[{\"@type\":\"ReadAction\",\"target\":[\"https:\\\/\\\/life-effect.org\\\/pl\\\/moduly-szkoleniowe\\\/\"]}]},{\"@type\":\"BreadcrumbList\",\"@id\":\"https:\\\/\\\/life-effect.org\\\/pl\\\/moduly-szkoleniowe\\\/#breadcrumb\",\"itemListElement\":[{\"@type\":\"ListItem\",\"position\":1,\"name\":\"Home\",\"item\":\"https:\\\/\\\/life-effect.org\\\/pl\\\/\"},{\"@type\":\"ListItem\",\"position\":2,\"name\":\"Modu\u0142y Szkoleniowe\"}]},{\"@type\":\"WebSite\",\"@id\":\"https:\\\/\\\/life-effect.org\\\/pl\\\/#website\",\"url\":\"https:\\\/\\\/life-effect.org\\\/pl\\\/\",\"name\":\"LIFE Effect\",\"description\":\"For carbon pricing that puts people and planet first\",\"potentialAction\":[{\"@type\":\"SearchAction\",\"target\":{\"@type\":\"EntryPoint\",\"urlTemplate\":\"https:\\\/\\\/life-effect.org\\\/pl\\\/?s={search_term_string}\"},\"query-input\":{\"@type\":\"PropertyValueSpecification\",\"valueRequired\":true,\"valueName\":\"search_term_string\"}}],\"inLanguage\":\"pl-PL\"}]}<\/script>\n<!-- \/ Yoast SEO plugin. -->","yoast_head_json":{"title":"Modu\u0142y Szkoleniowe - LIFE Effect","robots":{"index":"index","follow":"follow","max-snippet":"max-snippet:-1","max-image-preview":"max-image-preview:large","max-video-preview":"max-video-preview:-1"},"canonical":"https:\/\/life-effect.org\/pl\/moduly-szkoleniowe\/","og_locale":"pl_PL","og_type":"article","og_title":"Modu\u0142y Szkoleniowe - LIFE Effect","og_description":"Modu\u0142 01 Czym jest ETS2? Modu\u0142 02 Spo\u0142eczny Fundusz KlimatycznyModu\u0142 03 Rozwa\u017cania dotycz\u0105ce wydatk\u00f3w z tytu\u0142u przychod\u00f3w ETS2Modu\u0142 04 Jaka b\u0119dzie cena?Modu\u0142 05 Rola polityk uzupe\u0142niaj\u0105cychModu\u0142 06 ETS2 i cel klimatyczny na 2040 r. ETS2 101Przewodnik po ETS2 W momencie pisania tych modu\u0142\u00f3w w pa\u017adzierniku 2025 r. ETS2 nadal ma wej\u015b\u0107 w \u017cycie w 2027 [&hellip;]","og_url":"https:\/\/life-effect.org\/pl\/moduly-szkoleniowe\/","og_site_name":"LIFE Effect","article_modified_time":"2026-02-05T09:44:32+00:00","twitter_card":"summary_large_image","twitter_misc":{"Szacowany czas czytania":"7 minut"},"schema":{"@context":"https:\/\/schema.org","@graph":[{"@type":"WebPage","@id":"https:\/\/life-effect.org\/pl\/moduly-szkoleniowe\/","url":"https:\/\/life-effect.org\/pl\/moduly-szkoleniowe\/","name":"Modu\u0142y Szkoleniowe - LIFE Effect","isPartOf":{"@id":"https:\/\/life-effect.org\/pl\/#website"},"datePublished":"2025-11-06T16:40:11+00:00","dateModified":"2026-02-05T09:44:32+00:00","breadcrumb":{"@id":"https:\/\/life-effect.org\/pl\/moduly-szkoleniowe\/#breadcrumb"},"inLanguage":"pl-PL","potentialAction":[{"@type":"ReadAction","target":["https:\/\/life-effect.org\/pl\/moduly-szkoleniowe\/"]}]},{"@type":"BreadcrumbList","@id":"https:\/\/life-effect.org\/pl\/moduly-szkoleniowe\/#breadcrumb","itemListElement":[{"@type":"ListItem","position":1,"name":"Home","item":"https:\/\/life-effect.org\/pl\/"},{"@type":"ListItem","position":2,"name":"Modu\u0142y Szkoleniowe"}]},{"@type":"WebSite","@id":"https:\/\/life-effect.org\/pl\/#website","url":"https:\/\/life-effect.org\/pl\/","name":"LIFE Effect","description":"For carbon pricing that puts people and planet first","potentialAction":[{"@type":"SearchAction","target":{"@type":"EntryPoint","urlTemplate":"https:\/\/life-effect.org\/pl\/?s={search_term_string}"},"query-input":{"@type":"PropertyValueSpecification","valueRequired":true,"valueName":"search_term_string"}}],"inLanguage":"pl-PL"}]}},"_links":{"self":[{"href":"https:\/\/life-effect.org\/pl\/wp-json\/wp\/v2\/pages\/408636","targetHints":{"allow":["GET"]}}],"collection":[{"href":"https:\/\/life-effect.org\/pl\/wp-json\/wp\/v2\/pages"}],"about":[{"href":"https:\/\/life-effect.org\/pl\/wp-json\/wp\/v2\/types\/page"}],"author":[{"embeddable":true,"href":"https:\/\/life-effect.org\/pl\/wp-json\/wp\/v2\/users\/3"}],"replies":[{"embeddable":true,"href":"https:\/\/life-effect.org\/pl\/wp-json\/wp\/v2\/comments?post=408636"}],"version-history":[{"count":8,"href":"https:\/\/life-effect.org\/pl\/wp-json\/wp\/v2\/pages\/408636\/revisions"}],"predecessor-version":[{"id":408719,"href":"https:\/\/life-effect.org\/pl\/wp-json\/wp\/v2\/pages\/408636\/revisions\/408719"}],"wp:attachment":[{"href":"https:\/\/life-effect.org\/pl\/wp-json\/wp\/v2\/media?parent=408636"}],"curies":[{"name":"wp","href":"https:\/\/api.w.org\/{rel}","templated":true}]}}