{"id":407629,"date":"2025-11-06T17:40:11","date_gmt":"2025-11-06T16:40:11","guid":{"rendered":"https:\/\/life-effect.org\/modulos-de-formacao\/"},"modified":"2025-11-27T14:58:41","modified_gmt":"2025-11-27T13:58:41","slug":"modulos-de-formacao","status":"publish","type":"page","link":"https:\/\/life-effect.org\/pt-pt\/modulos-de-formacao\/","title":{"rendered":"M\u00f3dulos de forma\u00e7\u00e3o"},"content":{"rendered":"<p>[et_pb_section fb_built=&#8221;1&#8243; _builder_version=&#8221;4.27.4&#8243; _module_preset=&#8221;default&#8221; background_color=&#8221;#FFC6ED&#8221; use_background_color_gradient=&#8221;on&#8221; background_color_gradient_type=&#8221;circular&#8221; background_color_gradient_stops=&#8221;#83c4e7 0%|#ffc6ed 100%&#8221; background_image=&#8221;https:\/\/life-effect.org\/wp-content\/uploads\/2025\/10\/Life-effect-background-02-sky.png&#8221; parallax=&#8221;on&#8221; global_colors_info=&#8221;{}&#8221;][et_pb_row _builder_version=&#8221;4.27.4&#8243; _module_preset=&#8221;default&#8221; custom_margin=&#8221;80px||||false|false&#8221; animation_style=&#8221;fade&#8221; animation_duration=&#8221;800ms&#8221; global_colors_info=&#8221;{}&#8221;][et_pb_column type=&#8221;4_4&#8243; _builder_version=&#8221;4.27.4&#8243; _module_preset=&#8221;default&#8221; global_colors_info=&#8221;{}&#8221;][et_pb_heading title=&#8221;M\u00f3dulos de forma\u00e7\u00e3o ETS101  &#8221; _builder_version=&#8221;4.27.4&#8243; _module_preset=&#8221;default&#8221; title_font=&#8221;&#8211;et_global_heading_font|700|||||||&#8221; title_text_color=&#8221;#000000&#8243; title_letter_spacing=&#8221;1px&#8221; global_colors_info=&#8221;{}&#8221;][\/et_pb_heading][\/et_pb_column][\/et_pb_row][et_pb_row column_structure=&#8221;1_3,1_3,1_3&#8243; _builder_version=&#8221;4.27.4&#8243; _module_preset=&#8221;default&#8221; background_color=&#8221;RGBA(255,255,255,0)&#8221; animation_style=&#8221;fade&#8221; animation_direction=&#8221;bottom&#8221; animation_duration=&#8221;800ms&#8221; global_colors_info=&#8221;{}&#8221;][et_pb_column type=&#8221;1_3&#8243; _builder_version=&#8221;4.27.4&#8243; _module_preset=&#8221;default&#8221; global_colors_info=&#8221;{}&#8221;][et_pb_text _builder_version=&#8221;4.27.4&#8243; _module_preset=&#8221;default&#8221; text_font=&#8221;&#8211;et_global_heading_font|800|||||||&#8221; text_font_size=&#8221;14px&#8221; text_line_height=&#8221;1.2em&#8221; background_color=&#8221;rgba(240,239,238,0.18)&#8221; custom_margin=&#8221;0px||||false|false&#8221; custom_padding=&#8221;80px|80px|85px|80px|false|false&#8221; link_option_url=&#8221;https:\/\/life-effect.org\/pt-pt\/o-que-e-o-cele2-como-funciona-o-cele2\/&#8221; link_option_url_new_window=&#8221;on&#8221; background_last_edited=&#8221;off|desktop&#8221; border_radii=&#8221;on|30px|30px|30px|30px&#8221; border_color_all=&#8221;RGBA(255,255,255,0)&#8221; box_shadow_style=&#8221;preset6&#8243; box_shadow_color=&#8221;#F0EFEE&#8221; inline_fonts=&#8221;Sofia Sans&#8221; global_colors_info=&#8221;{}&#8221; background__hover_enabled=&#8221;off|desktop&#8221;]<\/p>\n<p style=\"text-align: center\"><span style=\"font-size: x-large\">M\u00f3dulo 01<\/span><\/p>\n<p style=\"text-align: center\"><span style=\"font-family: 'Sofia Sans';font-weight: normal;font-size: large\">O que \u00e9 o ETS2?<\/span><span style=\"font-family: 'Sofia Sans';font-weight: normal;font-size: large\"><\/span><\/p>\n<p style=\"text-align: center\">[\/et_pb_text][\/et_pb_column][et_pb_column type=&#8221;1_3&#8243; _builder_version=&#8221;4.27.4&#8243; _module_preset=&#8221;default&#8221; global_colors_info=&#8221;{}&#8221;][et_pb_text _builder_version=&#8221;4.27.4&#8243; _module_preset=&#8221;default&#8221; text_font=&#8221;&#8211;et_global_heading_font|800|||||||&#8221; text_font_size=&#8221;14px&#8221; text_line_height=&#8221;1.2em&#8221; background_color=&#8221;rgba(240,239,238,0.18)&#8221; custom_margin=&#8221;0px||||false|false&#8221; custom_padding=&#8221;80px|80px|80px|80px|false|false&#8221; link_option_url=&#8221;https:\/\/life-effect.org\/pt-pt\/fundo-social-para-o-clima\/&#8221; link_option_url_new_window=&#8221;on&#8221; background_last_edited=&#8221;off|desktop&#8221; border_radii=&#8221;on|30px|30px|30px|30px&#8221; border_color_all=&#8221;RGBA(255,255,255,0)&#8221; box_shadow_style=&#8221;preset6&#8243; box_shadow_color=&#8221;#F0EFEE&#8221; inline_fonts=&#8221;Sofia Sans&#8221; global_colors_info=&#8221;{}&#8221; background__hover_enabled=&#8221;off|desktop&#8221;]<\/p>\n<p style=\"text-align: center\"><span style=\"font-size: x-large\">M\u00f3dulo 02<\/span><\/p>\n<p style=\"text-align: center\"><span style=\"font-family: 'Sofia Sans';font-weight: normal;font-size: large\">Fundo Social para o Clima<br \/><\/span><\/p>\n<p>[\/et_pb_text][\/et_pb_column][et_pb_column type=&#8221;1_3&#8243; _builder_version=&#8221;4.27.4&#8243; _module_preset=&#8221;default&#8221; global_colors_info=&#8221;{}&#8221;][et_pb_text _builder_version=&#8221;4.27.4&#8243; _module_preset=&#8221;default&#8221; text_font=&#8221;&#8211;et_global_heading_font|800|||||||&#8221; text_font_size=&#8221;14px&#8221; text_line_height=&#8221;1.2em&#8221; background_color=&#8221;rgba(240,239,238,0.18)&#8221; custom_margin=&#8221;0px||||false|false&#8221; custom_padding=&#8221;80px|80px|48px|80px|false|false&#8221; link_option_url=&#8221;https:\/\/life-effect.org\/pt-pt\/consideracoes-sobre-as-despesas-das-receitas-do-ets2\/&#8221; link_option_url_new_window=&#8221;on&#8221; background_last_edited=&#8221;off|desktop&#8221; border_radii=&#8221;on|30px|30px|30px|30px&#8221; border_color_all=&#8221;RGBA(255,255,255,0)&#8221; box_shadow_style=&#8221;preset6&#8243; box_shadow_color=&#8221;#F0EFEE&#8221; inline_fonts=&#8221;Sofia Sans&#8221; global_colors_info=&#8221;{}&#8221; background__hover_enabled=&#8221;off|desktop&#8221;]<\/p>\n<p style=\"text-align: center\"><span style=\"font-size: x-large\">M\u00f3dulo 03<\/span><\/p>\n<p style=\"text-align: center\"><span style=\"font-family: 'Sofia Sans';font-weight: normal;font-size: large\"> Considera\u00e7\u00f5es sobre as despesas das receitas do ETS2<\/span><\/p>\n<p>[\/et_pb_text][\/et_pb_column][\/et_pb_row][et_pb_row column_structure=&#8221;1_3,1_3,1_3&#8243; _builder_version=&#8221;4.27.4&#8243; _module_preset=&#8221;default&#8221; animation_style=&#8221;fade&#8221; animation_duration=&#8221;800ms&#8221; global_colors_info=&#8221;{}&#8221;][et_pb_column type=&#8221;1_3&#8243; _builder_version=&#8221;4.27.4&#8243; _module_preset=&#8221;default&#8221; global_colors_info=&#8221;{}&#8221;][et_pb_text _builder_version=&#8221;4.27.4&#8243; _module_preset=&#8221;default&#8221; text_font=&#8221;&#8211;et_global_heading_font|800|||||||&#8221; text_font_size=&#8221;14px&#8221; text_line_height=&#8221;1.2em&#8221; background_color=&#8221;rgba(240,239,238,0.18)&#8221; custom_margin=&#8221;0px||||false|false&#8221; custom_padding=&#8221;80px|80px|80px|80px|false|false&#8221; link_option_url=&#8221;https:\/\/life-effect.org\/pt-pt\/qual-sera-o-preco\/&#8221; link_option_url_new_window=&#8221;on&#8221; background_last_edited=&#8221;off|desktop&#8221; border_radii=&#8221;on|30px|30px|30px|30px&#8221; border_color_all=&#8221;RGBA(255,255,255,0)&#8221; box_shadow_style=&#8221;preset6&#8243; box_shadow_color=&#8221;#F0EFEE&#8221; inline_fonts=&#8221;Sofia Sans&#8221; global_colors_info=&#8221;{}&#8221; background__hover_enabled=&#8221;off|desktop&#8221;]<\/p>\n<p style=\"text-align: center\"><span style=\"font-size: x-large\">M\u00f3dulo 04<\/span><\/p>\n<p style=\"text-align: center\"><span style=\"font-family: 'Sofia Sans';font-weight: normal;font-size: large\">Qual ser\u00e1 o pre\u00e7o?<\/span><\/p>\n<p>[\/et_pb_text][\/et_pb_column][et_pb_column type=&#8221;1_3&#8243; _builder_version=&#8221;4.27.4&#8243; _module_preset=&#8221;default&#8221; global_colors_info=&#8221;{}&#8221;][et_pb_text _builder_version=&#8221;4.27.4&#8243; _module_preset=&#8221;default&#8221; text_font=&#8221;&#8211;et_global_heading_font|800|||||||&#8221; text_font_size=&#8221;14px&#8221; text_line_height=&#8221;1.2em&#8221; background_color=&#8221;rgba(240,239,238,0.18)&#8221; custom_margin=&#8221;0px||||false|false&#8221; custom_padding=&#8221;80px|80px|65px|80px|false|false&#8221; link_option_url=&#8221;https:\/\/life-effect.org\/pt-pt\/papel-das-medidas-complementares\/&#8221; link_option_url_new_window=&#8221;on&#8221; background_last_edited=&#8221;off|desktop&#8221; border_radii=&#8221;on|30px|30px|30px|30px&#8221; border_color_all=&#8221;RGBA(255,255,255,0)&#8221; box_shadow_style=&#8221;preset6&#8243; box_shadow_color=&#8221;#F0EFEE&#8221; inline_fonts=&#8221;Sofia Sans&#8221; global_colors_info=&#8221;{}&#8221; background__hover_enabled=&#8221;off|desktop&#8221;]<\/p>\n<p style=\"text-align: center\"><span style=\"font-size: x-large\">M\u00f3dulo 05<\/span><\/p>\n<p style=\"text-align: center\"><span style=\"font-family: 'Sofia Sans';font-weight: normal;font-size: large\">Papel das medidas complementares<\/span><\/p>\n<p>[\/et_pb_text][\/et_pb_column][et_pb_column type=&#8221;1_3&#8243; _builder_version=&#8221;4.27.4&#8243; _module_preset=&#8221;default&#8221; global_colors_info=&#8221;{}&#8221;][et_pb_text _builder_version=&#8221;4.27.4&#8243; _module_preset=&#8221;default&#8221; text_font=&#8221;&#8211;et_global_heading_font|800|||||||&#8221; text_font_size=&#8221;14px&#8221; text_line_height=&#8221;1.2em&#8221; background_color=&#8221;rgba(240,239,238,0.18)&#8221; custom_margin=&#8221;0px||||false|false&#8221; custom_padding=&#8221;80px|80px|66px|80px|false|false&#8221; link_option_url=&#8221;https:\/\/life-effect.org\/pt-pt\/cele2-e-o-objetivo-climatico-de-2040\/&#8221; link_option_url_new_window=&#8221;on&#8221; hover_enabled=&#8221;0&#8243; background_last_edited=&#8221;off|desktop&#8221; border_radii=&#8221;on|30px|30px|30px|30px&#8221; border_color_all=&#8221;RGBA(255,255,255,0)&#8221; box_shadow_style=&#8221;preset6&#8243; box_shadow_color=&#8221;#F0EFEE&#8221; inline_fonts=&#8221;Sofia Sans&#8221; global_colors_info=&#8221;{}&#8221; background__hover_enabled=&#8221;off|desktop&#8221; sticky_enabled=&#8221;0&#8243;]<\/p>\n<p style=\"text-align: center\"><span style=\"font-size: x-large\">M\u00f3dulo 06<\/span><\/p>\n<p style=\"text-align: center\"><span style=\"font-family: 'Sofia Sans';font-weight: normal;font-size: large\"> ETS2 e o objetivo para 2040<\/span><\/p>\n<p>[\/et_pb_text][\/et_pb_column][\/et_pb_row][et_pb_row _builder_version=&#8221;4.27.4&#8243; _module_preset=&#8221;default&#8221; custom_padding=&#8221;||0px|||&#8221; global_colors_info=&#8221;{}&#8221;][et_pb_column type=&#8221;4_4&#8243; _builder_version=&#8221;4.27.4&#8243; _module_preset=&#8221;default&#8221; global_colors_info=&#8221;{}&#8221;][et_pb_divider show_divider=&#8221;off&#8221; _builder_version=&#8221;4.27.4&#8243; _module_preset=&#8221;default&#8221; module_alignment=&#8221;center&#8221; custom_margin=&#8221;||0px||false|false&#8221; custom_padding=&#8221;||0px||false|false&#8221; global_colors_info=&#8221;{}&#8221;][\/et_pb_divider][\/et_pb_column][\/et_pb_row][et_pb_row custom_padding_last_edited=&#8221;on|desktop&#8221; admin_label=&#8221;FContent V1 &#8211; Cinco &#8211; Fila&#8221; _builder_version=&#8221;4.27.4&#8243; _module_preset=&#8221;default&#8221; background_color=&#8221;rgba(183,218,157,0.2)&#8221; use_background_color_gradient=&#8221;on&#8221; background_color_gradient_stops=&#8221;#b7da9d 0%|#9dcc41 100%&#8221; background_color_gradient_overlays_image=&#8221;on&#8221; background_image=&#8221;https:\/\/life-effect.org\/wp-content\/uploads\/2025\/02\/Streetpattern-02-light-green.png&#8221; background_blend=&#8221;lighten&#8221; width=&#8221;83%&#8221; width_tablet=&#8221;84%&#8221; width_phone=&#8221;90%&#8221; width_last_edited=&#8221;on|phone&#8221; max_width=&#8221;2560px&#8221; custom_margin=&#8221;42px|100px|66px|100px|false|true&#8221; custom_margin_tablet=&#8221;&#8221; custom_margin_phone=&#8221;-44px|100px|22px|19px|false|false&#8221; custom_margin_last_edited=&#8221;on|phone&#8221; custom_padding=&#8221;|67px|50px|67px|false|true&#8221; custom_padding_tablet=&#8221;62px|69px|62px|69px|true|true&#8221; custom_padding_phone=&#8221;42px|28px|42px|28px|true|true&#8221; border_radii=&#8221;on|20px|20px|20px|20px&#8221; border_width_all=&#8221;4px&#8221; border_color_all=&#8221;#FFC6ED&#8221; global_colors_info=&#8221;{}&#8221;][et_pb_column type=&#8221;4_4&#8243; _builder_version=&#8221;4.27.0&#8243; _module_preset=&#8221;default&#8221; global_colors_info=&#8221;{}&#8221;][et_pb_text disabled_on=&#8221;off|off|off&#8221; admin_label=&#8221;FContent V1 &#8211; Five &#8211; Text&#8221; _builder_version=&#8221;4.27.4&#8243; _module_preset=&#8221;default&#8221; text_font=&#8221;&#8211;et_global_heading_font|700|||||||&#8221; text_text_color=&#8221;gcid-heading-color&#8221; text_font_size=&#8221;50px&#8221; text_line_height=&#8221;1.2em&#8221; max_width_tablet=&#8221;450px&#8221; max_width_phone=&#8221;450px&#8221; max_width_last_edited=&#8221;off|desktop&#8221; module_alignment=&#8221;left&#8221; custom_margin=&#8221;||9px||false|false&#8221; custom_margin_tablet=&#8221;||0px||false|false&#8221; custom_margin_phone=&#8221;||53px||false|false&#8221; custom_margin_last_edited=&#8221;on|phone&#8221; custom_padding_tablet=&#8221;&#8221; custom_padding_phone=&#8221;&#8221; custom_padding_last_edited=&#8221;on|phone&#8221; text_font_size_tablet=&#8221;44px&#8221; text_font_size_phone=&#8221;30px&#8221; text_font_size_last_edited=&#8221;on|phone&#8221; global_colors_info=&#8221;{%22gcid-heading-color%22:%91%22text_text_color%22%93}&#8221;]<\/p>\n<p style=\"text-align: center\">  ETS2101<\/p>\n<p>[\/et_pb_text][et_pb_text _builder_version=&#8221;4.27.4&#8243; _module_preset=&#8221;default&#8221; text_font=&#8221;Sofia Sans 2||||||||&#8221; header_font=&#8221;|300|||||||&#8221; text_orientation=&#8221;center&#8221; global_colors_info=&#8221;{}&#8221;]<\/p>\n<p style=\"text-align: center\">Um guia de introdu\u00e7\u00e3o ao ETS2<\/p>\n<p>[\/et_pb_text][et_pb_button button_url=&#8221;https:\/\/life-effect.org\/wp-content\/uploads\/2025\/11\/EUETS2_101_PT.pdf&#8221; url_new_window=&#8221;on&#8221; button_text=&#8221;L\u00ea aqui  &#8221; button_alignment=&#8221;center&#8221; admin_label=&#8221;The Loser Button &#8211; Freddie&#8221; _builder_version=&#8221;4.27.4&#8243; _module_preset=&#8221;default&#8221; saved_tabs=&#8221;all&#8221; global_colors_info=&#8221;{}&#8221;]<\/p>\n<p>[\/et_pb_button][\/et_pb_column][\/et_pb_row][et_pb_row _builder_version=&#8221;4.27.4&#8243; _module_preset=&#8221;default&#8221; global_colors_info=&#8221;{}&#8221;][et_pb_column type=&#8221;4_4&#8243; _builder_version=&#8221;4.27.4&#8243; _module_preset=&#8221;default&#8221; global_colors_info=&#8221;{}&#8221;][et_pb_text _builder_version=&#8221;4.27.4&#8243; _module_preset=&#8221;default&#8221; text_font_size=&#8221;25px&#8221; text_line_height=&#8221;0.3em&#8221; custom_padding=&#8221;||28px|||&#8221; inline_fonts=&#8221;Sofia Sans&#8221; global_colors_info=&#8221;{}&#8221;]<\/p>\n<p><span style=\"font-weight: normal;font-family: 'Sofia Sans';font-size: small\">No momento da reda\u00e7\u00e3o destes m\u00f3dulos, em outubro de 2025, o CELE2 ainda deveria entrar em vigor em 2027, mas em novembro de 2025 o Conselho Europeu iniciou esfor\u00e7os para adi\u00e1-lo.<\/span><\/p>\n<p>[\/et_pb_text][\/et_pb_column][\/et_pb_row][\/et_pb_section]<\/p>\n","protected":false},"excerpt":{"rendered":"<p>M\u00f3dulo 01 O que \u00e9 o ETS2? M\u00f3dulo 02 Fundo Social para o ClimaM\u00f3dulo 03 Considera\u00e7\u00f5es sobre as despesas das receitas do ETS2M\u00f3dulo 04 Qual ser\u00e1 o pre\u00e7o?M\u00f3dulo 05 Papel das medidas complementaresM\u00f3dulo 06 ETS2 e o objetivo para 2040 ETS2101Um guia de introdu\u00e7\u00e3o ao ETS2 No momento da reda\u00e7\u00e3o destes m\u00f3dulos, em outubro de [&hellip;]<\/p>\n","protected":false},"author":3,"featured_media":0,"parent":0,"menu_order":0,"comment_status":"closed","ping_status":"closed","template":"","meta":{"_acf_changed":false,"_et_pb_use_builder":"on","_et_pb_old_content":"","_et_gb_content_width":"","_monsterinsights_skip_tracking":false,"_monsterinsights_sitenote_active":false,"_monsterinsights_sitenote_note":"","_monsterinsights_sitenote_category":0,"footnotes":""},"class_list":["post-407629","page","type-page","status-publish","hentry"],"acf":[],"yoast_head":"<!-- This site is optimized with the Yoast SEO plugin v27.4 - https:\/\/yoast.com\/product\/yoast-seo-wordpress\/ -->\n<title>M\u00f3dulos de forma\u00e7\u00e3o - LIFE Effect<\/title>\n<meta name=\"robots\" content=\"index, follow, max-snippet:-1, max-image-preview:large, max-video-preview:-1\" \/>\n<link rel=\"canonical\" href=\"https:\/\/life-effect.org\/pt-pt\/modulos-de-formacao\/\" \/>\n<meta property=\"og:locale\" content=\"pt_PT\" \/>\n<meta property=\"og:type\" content=\"article\" \/>\n<meta property=\"og:title\" content=\"M\u00f3dulos de forma\u00e7\u00e3o - LIFE Effect\" \/>\n<meta property=\"og:description\" content=\"M\u00f3dulo 01 O que \u00e9 o ETS2? M\u00f3dulo 02 Fundo Social para o ClimaM\u00f3dulo 03 Considera\u00e7\u00f5es sobre as despesas das receitas do ETS2M\u00f3dulo 04 Qual ser\u00e1 o pre\u00e7o?M\u00f3dulo 05 Papel das medidas complementaresM\u00f3dulo 06 ETS2 e o objetivo para 2040 ETS2101Um guia de introdu\u00e7\u00e3o ao ETS2 No momento da reda\u00e7\u00e3o destes m\u00f3dulos, em outubro de [&hellip;]\" \/>\n<meta property=\"og:url\" content=\"https:\/\/life-effect.org\/pt-pt\/modulos-de-formacao\/\" \/>\n<meta property=\"og:site_name\" content=\"LIFE Effect\" \/>\n<meta property=\"article:modified_time\" content=\"2025-11-27T13:58:41+00:00\" \/>\n<meta name=\"twitter:card\" content=\"summary_large_image\" \/>\n<meta name=\"twitter:label1\" content=\"Tempo estimado de leitura\" \/>\n\t<meta name=\"twitter:data1\" content=\"7 minutos\" \/>\n<script type=\"application\/ld+json\" class=\"yoast-schema-graph\">{\"@context\":\"https:\\\/\\\/schema.org\",\"@graph\":[{\"@type\":\"WebPage\",\"@id\":\"https:\\\/\\\/life-effect.org\\\/pt-pt\\\/modulos-de-formacao\\\/\",\"url\":\"https:\\\/\\\/life-effect.org\\\/pt-pt\\\/modulos-de-formacao\\\/\",\"name\":\"M\u00f3dulos de forma\u00e7\u00e3o - LIFE Effect\",\"isPartOf\":{\"@id\":\"https:\\\/\\\/life-effect.org\\\/pt-pt\\\/#website\"},\"datePublished\":\"2025-11-06T16:40:11+00:00\",\"dateModified\":\"2025-11-27T13:58:41+00:00\",\"breadcrumb\":{\"@id\":\"https:\\\/\\\/life-effect.org\\\/pt-pt\\\/modulos-de-formacao\\\/#breadcrumb\"},\"inLanguage\":\"pt-PT\",\"potentialAction\":[{\"@type\":\"ReadAction\",\"target\":[\"https:\\\/\\\/life-effect.org\\\/pt-pt\\\/modulos-de-formacao\\\/\"]}]},{\"@type\":\"BreadcrumbList\",\"@id\":\"https:\\\/\\\/life-effect.org\\\/pt-pt\\\/modulos-de-formacao\\\/#breadcrumb\",\"itemListElement\":[{\"@type\":\"ListItem\",\"position\":1,\"name\":\"Home\",\"item\":\"https:\\\/\\\/life-effect.org\\\/pt-pt\\\/\"},{\"@type\":\"ListItem\",\"position\":2,\"name\":\"M\u00f3dulos de forma\u00e7\u00e3o\"}]},{\"@type\":\"WebSite\",\"@id\":\"https:\\\/\\\/life-effect.org\\\/pt-pt\\\/#website\",\"url\":\"https:\\\/\\\/life-effect.org\\\/pt-pt\\\/\",\"name\":\"LIFE Effect\",\"description\":\"For carbon pricing that puts people and planet first\",\"potentialAction\":[{\"@type\":\"SearchAction\",\"target\":{\"@type\":\"EntryPoint\",\"urlTemplate\":\"https:\\\/\\\/life-effect.org\\\/pt-pt\\\/?s={search_term_string}\"},\"query-input\":{\"@type\":\"PropertyValueSpecification\",\"valueRequired\":true,\"valueName\":\"search_term_string\"}}],\"inLanguage\":\"pt-PT\"}]}<\/script>\n<!-- \/ Yoast SEO plugin. -->","yoast_head_json":{"title":"M\u00f3dulos de forma\u00e7\u00e3o - LIFE Effect","robots":{"index":"index","follow":"follow","max-snippet":"max-snippet:-1","max-image-preview":"max-image-preview:large","max-video-preview":"max-video-preview:-1"},"canonical":"https:\/\/life-effect.org\/pt-pt\/modulos-de-formacao\/","og_locale":"pt_PT","og_type":"article","og_title":"M\u00f3dulos de forma\u00e7\u00e3o - LIFE Effect","og_description":"M\u00f3dulo 01 O que \u00e9 o ETS2? M\u00f3dulo 02 Fundo Social para o ClimaM\u00f3dulo 03 Considera\u00e7\u00f5es sobre as despesas das receitas do ETS2M\u00f3dulo 04 Qual ser\u00e1 o pre\u00e7o?M\u00f3dulo 05 Papel das medidas complementaresM\u00f3dulo 06 ETS2 e o objetivo para 2040 ETS2101Um guia de introdu\u00e7\u00e3o ao ETS2 No momento da reda\u00e7\u00e3o destes m\u00f3dulos, em outubro de [&hellip;]","og_url":"https:\/\/life-effect.org\/pt-pt\/modulos-de-formacao\/","og_site_name":"LIFE Effect","article_modified_time":"2025-11-27T13:58:41+00:00","twitter_card":"summary_large_image","twitter_misc":{"Tempo estimado de leitura":"7 minutos"},"schema":{"@context":"https:\/\/schema.org","@graph":[{"@type":"WebPage","@id":"https:\/\/life-effect.org\/pt-pt\/modulos-de-formacao\/","url":"https:\/\/life-effect.org\/pt-pt\/modulos-de-formacao\/","name":"M\u00f3dulos de forma\u00e7\u00e3o - LIFE Effect","isPartOf":{"@id":"https:\/\/life-effect.org\/pt-pt\/#website"},"datePublished":"2025-11-06T16:40:11+00:00","dateModified":"2025-11-27T13:58:41+00:00","breadcrumb":{"@id":"https:\/\/life-effect.org\/pt-pt\/modulos-de-formacao\/#breadcrumb"},"inLanguage":"pt-PT","potentialAction":[{"@type":"ReadAction","target":["https:\/\/life-effect.org\/pt-pt\/modulos-de-formacao\/"]}]},{"@type":"BreadcrumbList","@id":"https:\/\/life-effect.org\/pt-pt\/modulos-de-formacao\/#breadcrumb","itemListElement":[{"@type":"ListItem","position":1,"name":"Home","item":"https:\/\/life-effect.org\/pt-pt\/"},{"@type":"ListItem","position":2,"name":"M\u00f3dulos de forma\u00e7\u00e3o"}]},{"@type":"WebSite","@id":"https:\/\/life-effect.org\/pt-pt\/#website","url":"https:\/\/life-effect.org\/pt-pt\/","name":"LIFE Effect","description":"For carbon pricing that puts people and planet first","potentialAction":[{"@type":"SearchAction","target":{"@type":"EntryPoint","urlTemplate":"https:\/\/life-effect.org\/pt-pt\/?s={search_term_string}"},"query-input":{"@type":"PropertyValueSpecification","valueRequired":true,"valueName":"search_term_string"}}],"inLanguage":"pt-PT"}]}},"_links":{"self":[{"href":"https:\/\/life-effect.org\/pt-pt\/wp-json\/wp\/v2\/pages\/407629","targetHints":{"allow":["GET"]}}],"collection":[{"href":"https:\/\/life-effect.org\/pt-pt\/wp-json\/wp\/v2\/pages"}],"about":[{"href":"https:\/\/life-effect.org\/pt-pt\/wp-json\/wp\/v2\/types\/page"}],"author":[{"embeddable":true,"href":"https:\/\/life-effect.org\/pt-pt\/wp-json\/wp\/v2\/users\/3"}],"replies":[{"embeddable":true,"href":"https:\/\/life-effect.org\/pt-pt\/wp-json\/wp\/v2\/comments?post=407629"}],"version-history":[{"count":6,"href":"https:\/\/life-effect.org\/pt-pt\/wp-json\/wp\/v2\/pages\/407629\/revisions"}],"predecessor-version":[{"id":408166,"href":"https:\/\/life-effect.org\/pt-pt\/wp-json\/wp\/v2\/pages\/407629\/revisions\/408166"}],"wp:attachment":[{"href":"https:\/\/life-effect.org\/pt-pt\/wp-json\/wp\/v2\/media?parent=407629"}],"curies":[{"name":"wp","href":"https:\/\/api.w.org\/{rel}","templated":true}]}}